{"id":164118,"date":"2021-09-29T11:10:35","date_gmt":"2021-09-29T08:10:35","guid":{"rendered":"http:\/\/dev.tactic.net\/tuote\/moje-pierwsze-puzzle-56-szt\/"},"modified":"2023-05-08T15:41:23","modified_gmt":"2023-05-08T12:41:23","slug":"moje-pierwsze-puzzle-56-szt","status":"archive","type":"product","link":"https:\/\/games.tactic.net\/pl\/tuote\/moje-pierwsze-puzzle-56-szt\/","title":{"rendered":"Moje pierwsze puzzle 56 szt."},"content":{"rendered":"\n<div class=\"page\" title=\"Page 28\">\n<div class=\"section\">\n<div class=\"layoutArea\">\n<div class=\"column\">\n<p><span style=\"font-family: MyriadPro;font-weight: 600\">PROSTA ROZRYWKA DLA NAJM\u0141ODSZYCH W<br \/>\nRODZINIE!<br \/>\n<\/span><span style=\"font-family: MyriadPro\">\u0141adne zwierz\u0105tka i kolorowe pojazdy przyci\u0105gaj\u0105<br \/>\nuwag\u0119, podczas gdy elementy o przemy\u015blanie<br \/>\ndobranej wielko\u015bci idealnie wpasowuj\u0105 si\u0119 w<br \/>\ndzieci\u0119ce r\u0105czki. Solidne wykonanie i atrakcyjne<br \/>\nopakowanie sprawiaj\u0105, \u017ce te puzzle mog\u0105 s\u0142u\u017cy\u0107<br \/>\nprzez d\u0142ugi czas.<\/span><\/p>\n<\/p><\/div>\n<\/p><\/div>\n<\/p><\/div>\n<\/p><\/div>\n","protected":false},"excerpt":{"rendered":"\n<div class=\"page\" title=\"Page 28\">\n<div class=\"section\">\n<div class=\"layoutArea\">\n<div class=\"column\">\n<p><span style=\"font-family: MyriadPro;font-weight: 600\">PROSTA ROZRYWKA DLA NAJM\u0141ODSZYCH W<br \/>\nRODZINIE!<br \/>\n<\/span><span style=\"font-family: MyriadPro\">\u0141adne zwierz\u0105tka i kolorowe pojazdy przyci\u0105gaj\u0105<br \/>\nuwag\u0119, podczas gdy elementy o przemy\u015blanie<br \/>\ndobranej wielko\u015bci idealnie wpasowuj\u0105 si\u0119 w<br \/>\ndzieci\u0119ce r\u0105czki. Solidne wykonanie i atrakcyjne<br \/>\nopakowanie sprawiaj\u0105, \u017ce te puzzle mog\u0105 s\u0142u\u017cy\u0107<br \/>\nprzez d\u0142ugi czas.<\/span><\/p>\n<\/p><\/div>\n<\/p><\/div>\n<\/p><\/div>\n<\/p><\/div>\n","protected":false},"featured_media":0,"template":"","meta":{"content-type":"","_monsterinsights_skip_tracking":false,"_monsterinsights_sitenote_active":false,"_monsterinsights_sitenote_note":"","_monsterinsights_sitenote_category":0},"product_brand":[],"product_cat":[1792,1793],"product_tag":[],"brand":[],"target-group":[],"discontinued":[],"class_list":{"0":"post-164118","1":"product","2":"type-product","3":"status-archive","5":"product_cat-puzzle-dla-dzieci-gry-dla-dzieci","6":"product_cat-puzzle-dla-dzieci-puzzle","8":"first","9":"outofstock","10":"taxable","11":"shipping-taxable","12":"product-type-simple"},"aioseo_notices":[],"_links":{"self":[{"href":"https:\/\/games.tactic.net\/pl\/wp-json\/wp\/v2\/product\/164118","targetHints":{"allow":["GET"]}}],"collection":[{"href":"https:\/\/games.tactic.net\/pl\/wp-json\/wp\/v2\/product"}],"about":[{"href":"https:\/\/games.tactic.net\/pl\/wp-json\/wp\/v2\/types\/product"}],"wp:attachment":[{"href":"https:\/\/games.tactic.net\/pl\/wp-json\/wp\/v2\/media?parent=164118"}],"wp:term":[{"taxonomy":"product_brand","embeddable":true,"href":"https:\/\/games.tactic.net\/pl\/wp-json\/wp\/v2\/product_brand?post=164118"},{"taxonomy":"product_cat","embeddable":true,"href":"https:\/\/games.tactic.net\/pl\/wp-json\/wp\/v2\/product_cat?post=164118"},{"taxonomy":"product_tag","embeddable":true,"href":"https:\/\/games.tactic.net\/pl\/wp-json\/wp\/v2\/product_tag?post=164118"},{"taxonomy":"brand","embeddable":true,"href":"https:\/\/games.tactic.net\/pl\/wp-json\/wp\/v2\/brand?post=164118"},{"taxonomy":"target-group","embeddable":true,"href":"https:\/\/games.tactic.net\/pl\/wp-json\/wp\/v2\/target-group?post=164118"},{"taxonomy":"discontinued","embeddable":true,"href":"https:\/\/games.tactic.net\/pl\/wp-json\/wp\/v2\/discontinued?post=164118"}],"curies":[{"name":"wp","href":"https:\/\/api.w.org\/{rel}","templated":true}]}}