{"id":163990,"date":"2021-09-29T10:43:57","date_gmt":"2021-09-29T07:43:57","guid":{"rendered":"http:\/\/dev.tactic.net\/tuote\/party-alias\/"},"modified":"2023-10-25T15:11:35","modified_gmt":"2023-10-25T12:11:35","slug":"party-alias","status":"publish","type":"product","link":"https:\/\/games.tactic.net\/pl\/tuote\/party-alias\/","title":{"rendered":"Tactic Alias Party gra planszowa"},"content":{"rendered":"<p>NAJPRAWDOPODOBNIEJ TO NAJLEPSZA GRA IMPREZOWA. Obja\u015bniaj has\u0142a \u201einaczej m\u00f3wi\u0105c\u201d ale zmieniaj spos\u00f3b t\u0142umaczenia za ka\u017cdym razem, gdy pionek odwiedzi pole specjalne. W tej wersji bestsellerowej gry \u017cadne s\u0142owo nigdy nie zabrzmi tak samo. Baw si\u0119 dobrze w doborowym towarzystwie.<br \/>\n\u2022 Zawarto\u015b\u0107 jest bardziej kolorowa, ni\u017c w jakiejkolwiek innej grze Alias!<br \/>\n\u2022 Zadania s\u0105 bardzo r\u00f3\u017cnorodne.<br \/>\n\u2022 Idealny dla doros\u0142ych i m\u0142odzie\u017cy. Gra imprezowa dla 4+ graczy w wieku 15+.<\/p>\n","protected":false},"excerpt":{"rendered":"<p>NAJPRAWDOPODOBNIEJ TO NAJLEPSZA GRA IMPREZOWA. Obja\u015bniaj has\u0142a \u201einaczej m\u00f3wi\u0105c\u201d, ale zmieniaj spos\u00f3b t\u0142umaczenia za ka\u017cdym razem, gdy pionek odwiedzi pole specjalne. W tej wersji bestsellerowej gry \u017cadne s\u0142owo nigdy nie zabrzmi tak samo. Baw si\u0119 dobrze w doborowym towarzystwie.<\/p>\n","protected":false},"featured_media":0,"template":"","meta":{"content-type":"","_monsterinsights_skip_tracking":false,"_monsterinsights_sitenote_active":false,"_monsterinsights_sitenote_note":"","_monsterinsights_sitenote_category":0},"product_brand":[],"product_cat":[1811,1818],"product_tag":[1276,995],"brand":[{"id":601,"name":"Alias","slug":"alias_pl"}],"target-group":[],"discontinued":[],"class_list":{"0":"post-163990","1":"product","2":"type-product","3":"status-publish","5":"product_cat-imprezowe-gry-dla-doroslych","6":"product_cat-imprezowe-gry-rodzinne","7":"product_tag-objasnianie-swiata","8":"product_tag-wieloosobowe","9":"brand-alias_pl","11":"first","12":"outofstock","13":"taxable","14":"shipping-taxable","15":"product-type-simple"},"aioseo_notices":[],"_links":{"self":[{"href":"https:\/\/games.tactic.net\/pl\/wp-json\/wp\/v2\/product\/163990","targetHints":{"allow":["GET"]}}],"collection":[{"href":"https:\/\/games.tactic.net\/pl\/wp-json\/wp\/v2\/product"}],"about":[{"href":"https:\/\/games.tactic.net\/pl\/wp-json\/wp\/v2\/types\/product"}],"wp:attachment":[{"href":"https:\/\/games.tactic.net\/pl\/wp-json\/wp\/v2\/media?parent=163990"}],"wp:term":[{"taxonomy":"product_brand","embeddable":true,"href":"https:\/\/games.tactic.net\/pl\/wp-json\/wp\/v2\/product_brand?post=163990"},{"taxonomy":"product_cat","embeddable":true,"href":"https:\/\/games.tactic.net\/pl\/wp-json\/wp\/v2\/product_cat?post=163990"},{"taxonomy":"product_tag","embeddable":true,"href":"https:\/\/games.tactic.net\/pl\/wp-json\/wp\/v2\/product_tag?post=163990"},{"taxonomy":"brand","embeddable":true,"href":"https:\/\/games.tactic.net\/pl\/wp-json\/wp\/v2\/brand?post=163990"},{"taxonomy":"target-group","embeddable":true,"href":"https:\/\/games.tactic.net\/pl\/wp-json\/wp\/v2\/target-group?post=163990"},{"taxonomy":"discontinued","embeddable":true,"href":"https:\/\/games.tactic.net\/pl\/wp-json\/wp\/v2\/discontinued?post=163990"}],"curies":[{"name":"wp","href":"https:\/\/api.w.org\/{rel}","templated":true}]}}