{"id":163735,"date":"2021-09-29T10:24:27","date_gmt":"2021-09-29T07:24:27","guid":{"rendered":"http:\/\/dev.tactic.net\/tuote\/monster-bingo-123\/"},"modified":"2023-10-25T13:49:31","modified_gmt":"2023-10-25T10:49:31","slug":"monster-bingo-123","status":"publish","type":"product","link":"https:\/\/games.tactic.net\/pl\/tuote\/monster-bingo-123\/","title":{"rendered":"Tactic Monster Bingo gra planszowa"},"content":{"rendered":"<p>Monster Bingo wywo\u0142a u\u015bmiech na twarzy ka\u017cdego dziecka! Wybierz swojego ulubionego potwora, rzu\u0107 kostk\u0105 i spr\u00f3buj uformowa\u0107 4 \u017cetony w jednej linii na swojej planszy Bingo. Pierwszy gracz, kt\u00f3ry utworzy kompletn\u0105 lini\u0119, wygrywa!<br \/>\nZawarto\u015b\u0107: 4 dwustronne plansze, 2 kostki z naklejkami, 40 \u017ceton\u00f3w punktacyjnych.<br \/>\nGra dla 2-4 graczy w wieku 4+.<\/p>\n","protected":false},"excerpt":{"rendered":"<p>Monster Bingo wywo\u0142a u\u015bmiech na twarzy ka\u017cdego dziecka! Wybierz swojego ulubionego potwora, rzu\u0107 kostk\u0105 i spr\u00f3buj uformowa\u0107 4 \u017cetony w jednej linii na swojej planszy Bingo. Pierwszy gracz, kt\u00f3ry utworzy kompletn\u0105 lini\u0119, wygrywa! Zawarto\u015b\u0107: 4 dwustronne plansze, 2 kostki z naklejkami, 40 \u017ceton\u00f3w punktacyjnych. Gra dla 2-4 graczy w wieku 4+.<\/p>\n","protected":false},"featured_media":0,"template":"","meta":{"content-type":"","_monsterinsights_skip_tracking":false,"_monsterinsights_sitenote_active":false,"_monsterinsights_sitenote_note":"","_monsterinsights_sitenote_category":0},"product_brand":[],"product_cat":[1796],"product_tag":[1033,1234],"brand":[],"target-group":[],"discontinued":[],"class_list":{"0":"post-163735","1":"product","2":"type-product","3":"status-publish","5":"product_cat-gry-planszowe-dla-dzieci","6":"product_tag-losowosc","7":"product_tag-laczenie-pl","9":"first","10":"instock","11":"taxable","12":"shipping-taxable","13":"product-type-simple"},"aioseo_notices":[],"_links":{"self":[{"href":"https:\/\/games.tactic.net\/pl\/wp-json\/wp\/v2\/product\/163735","targetHints":{"allow":["GET"]}}],"collection":[{"href":"https:\/\/games.tactic.net\/pl\/wp-json\/wp\/v2\/product"}],"about":[{"href":"https:\/\/games.tactic.net\/pl\/wp-json\/wp\/v2\/types\/product"}],"wp:attachment":[{"href":"https:\/\/games.tactic.net\/pl\/wp-json\/wp\/v2\/media?parent=163735"}],"wp:term":[{"taxonomy":"product_brand","embeddable":true,"href":"https:\/\/games.tactic.net\/pl\/wp-json\/wp\/v2\/product_brand?post=163735"},{"taxonomy":"product_cat","embeddable":true,"href":"https:\/\/games.tactic.net\/pl\/wp-json\/wp\/v2\/product_cat?post=163735"},{"taxonomy":"product_tag","embeddable":true,"href":"https:\/\/games.tactic.net\/pl\/wp-json\/wp\/v2\/product_tag?post=163735"},{"taxonomy":"brand","embeddable":true,"href":"https:\/\/games.tactic.net\/pl\/wp-json\/wp\/v2\/brand?post=163735"},{"taxonomy":"target-group","embeddable":true,"href":"https:\/\/games.tactic.net\/pl\/wp-json\/wp\/v2\/target-group?post=163735"},{"taxonomy":"discontinued","embeddable":true,"href":"https:\/\/games.tactic.net\/pl\/wp-json\/wp\/v2\/discontinued?post=163735"}],"curies":[{"name":"wp","href":"https:\/\/api.w.org\/{rel}","templated":true}]}}