{"id":163631,"date":"2021-09-29T10:06:52","date_gmt":"2021-09-29T07:06:52","guid":{"rendered":"http:\/\/dev.tactic.net\/tuote\/gra-plenerowa-boule-petanque-w-drewnianej-skrzynce\/"},"modified":"2023-09-27T20:33:26","modified_gmt":"2023-09-27T17:33:26","slug":"gra-plenerowa-boule-petanque-w-drewnianej-skrzynce","status":"publish","type":"product","link":"https:\/\/games.tactic.net\/pl\/tuote\/gra-plenerowa-boule-petanque-w-drewnianej-skrzynce\/","title":{"rendered":"Boule\/Petanque w drewnianej skrzynce gra plenerowa"},"content":{"rendered":"<p>Boule\/Petanque to klasyczna francuska gra outdoorowa. Wyceluj, rzu\u0107 precyzyjnie i pozw\u00f3l pi\u0142ce lecie\u0107 w kierunku drewnianej kulki\/\u015bwinki! \u2022 Wysokiej jako\u015bci zestaw do gry w petanque w stylowym drewnianym pude\u0142ku. \u2022 \u0141atwy do noszenia.<br \/>\nZawarto\u015b\u0107: 6 niklowanych kulek petanque (rozmiar ka\u017cdej kuli 73 mm, masa 720 g), drewniana kulka (3 cm) i miarka (45 cm).<\/p>\n","protected":false},"excerpt":{"rendered":"<p>Boule\/Petanque to klasyczna francuska gra outdoorowa. Wyceluj, rzu\u0107 precyzyjnie i pozw\u00f3l pi\u0142ce lecie\u0107 w kierunku drewnianej kulki\/\u015bwinki!<\/p>\n","protected":false},"featured_media":0,"template":"","meta":{"content-type":"","_monsterinsights_skip_tracking":false,"_monsterinsights_sitenote_active":false,"_monsterinsights_sitenote_note":"","_monsterinsights_sitenote_category":0},"product_brand":[],"product_cat":[1939],"product_tag":[1230,1253],"brand":[],"target-group":[],"discontinued":[],"class_list":{"0":"post-163631","1":"product","2":"type-product","3":"status-publish","5":"product_cat-inne-gry-plenerowe-gry-plenerowe","6":"product_tag-dzialanie-pl","7":"product_tag-umiejetnosc-pl","9":"first","10":"instock","11":"taxable","12":"shipping-taxable","13":"product-type-simple"},"aioseo_notices":[],"_links":{"self":[{"href":"https:\/\/games.tactic.net\/pl\/wp-json\/wp\/v2\/product\/163631","targetHints":{"allow":["GET"]}}],"collection":[{"href":"https:\/\/games.tactic.net\/pl\/wp-json\/wp\/v2\/product"}],"about":[{"href":"https:\/\/games.tactic.net\/pl\/wp-json\/wp\/v2\/types\/product"}],"wp:attachment":[{"href":"https:\/\/games.tactic.net\/pl\/wp-json\/wp\/v2\/media?parent=163631"}],"wp:term":[{"taxonomy":"product_brand","embeddable":true,"href":"https:\/\/games.tactic.net\/pl\/wp-json\/wp\/v2\/product_brand?post=163631"},{"taxonomy":"product_cat","embeddable":true,"href":"https:\/\/games.tactic.net\/pl\/wp-json\/wp\/v2\/product_cat?post=163631"},{"taxonomy":"product_tag","embeddable":true,"href":"https:\/\/games.tactic.net\/pl\/wp-json\/wp\/v2\/product_tag?post=163631"},{"taxonomy":"brand","embeddable":true,"href":"https:\/\/games.tactic.net\/pl\/wp-json\/wp\/v2\/brand?post=163631"},{"taxonomy":"target-group","embeddable":true,"href":"https:\/\/games.tactic.net\/pl\/wp-json\/wp\/v2\/target-group?post=163631"},{"taxonomy":"discontinued","embeddable":true,"href":"https:\/\/games.tactic.net\/pl\/wp-json\/wp\/v2\/discontinued?post=163631"}],"curies":[{"name":"wp","href":"https:\/\/api.w.org\/{rel}","templated":true}]}}