{"id":163573,"date":"2021-09-29T10:05:56","date_gmt":"2021-09-29T07:05:56","guid":{"rendered":"http:\/\/dev.tactic.net\/tuote\/kubb-w-drewnianej-skrzynce-gra-plenerowa-wikingow\/"},"modified":"2023-10-06T18:37:31","modified_gmt":"2023-10-06T15:37:31","slug":"kubb-w-drewnianej-skrzynce-gra-plenerowa-wikingow","status":"publish","type":"product","link":"https:\/\/games.tactic.net\/pl\/tuote\/kubb-w-drewnianej-skrzynce-gra-plenerowa-wikingow\/","title":{"rendered":"Tactic Kubb w drewnianej skrzynce &#8211; gra plenerowa wiking\u00f3w"},"content":{"rendered":"<p>Plenerowa gra Wiking\u00f3w! Rozstaw drewniane kr\u0119gle, a nast\u0119pnie zbijaj je za pomoc\u0105 specjalnych ko\u0142k\u00f3w. Pami\u0119taj jednak o tym, \u017ce zbyt szybkie zbicie Kr\u00f3la oznacza pora\u017ck\u0119&#8230; \u2022 Nowa u\u017cyteczna skrzynka. Kubb jest gr\u0105 \u0142\u0105cz\u0105c\u0105 w sobie elementy kr\u0119gli, szach\u00f3w i rzut\u00f3w podkow\u0105&#8230; Mo\u017cna w ni\u0105 gra\u0107 dru\u017cynami b\u0105d\u017a indywidualnie. Tak czy inaczej dobra zabawa jest gwarantowana. Zbijaki wykonane z brzozy. Kr\u00f3l, kr\u0119gle obro\u0144c\u00f3w, s\u0142upki do wyznaczania boiska oraz skrzynka &#8211; wykonane z drewna \u015bwierkowego. Zawarto\u015b\u0107: 1 Kr\u00f3l (wys. 22,5 cm, szer. 6,5 cm, g\u0142\u0119b. 6,5 cm), 10 obro\u0144c\u00f3w Kubb (wys. 12 cm, szer. 5,5 cm, g\u0142\u0119b. 5,5 cm), 6 ko\u0142k\u00f3w do zbijania (d\u0142ugo\u015b\u0107 19 cm, \u015brednica 4 cm), 4 zaostrzone s\u0142upki do wyznaczenia boiska (d\u0142ugo\u015b\u0107 21 cm, \u015brednica 2 cm), instrukcja. Gra dla 2 i wi\u0119cej graczy w wieku 8+.<\/p>\n","protected":false},"excerpt":{"rendered":"<p>Plenerowa gra Wiking\u00f3w! Rozstaw drewniane kr\u0119gle, a nast\u0119pnie zbijaj je za pomoc\u0105 specjalnych ko\u0142k\u00f3w.<\/p>\n","protected":false},"featured_media":0,"template":"","meta":{"content-type":"","_monsterinsights_skip_tracking":false,"_monsterinsights_sitenote_active":false,"_monsterinsights_sitenote_note":"","_monsterinsights_sitenote_category":0},"product_brand":[],"product_cat":[1939],"product_tag":[1230,1253],"brand":[],"target-group":[],"discontinued":[],"class_list":{"0":"post-163573","1":"product","2":"type-product","3":"status-publish","5":"product_cat-inne-gry-plenerowe-gry-plenerowe","6":"product_tag-dzialanie-pl","7":"product_tag-umiejetnosc-pl","9":"first","10":"instock","11":"taxable","12":"shipping-taxable","13":"product-type-simple"},"aioseo_notices":[],"_links":{"self":[{"href":"https:\/\/games.tactic.net\/pl\/wp-json\/wp\/v2\/product\/163573","targetHints":{"allow":["GET"]}}],"collection":[{"href":"https:\/\/games.tactic.net\/pl\/wp-json\/wp\/v2\/product"}],"about":[{"href":"https:\/\/games.tactic.net\/pl\/wp-json\/wp\/v2\/types\/product"}],"wp:attachment":[{"href":"https:\/\/games.tactic.net\/pl\/wp-json\/wp\/v2\/media?parent=163573"}],"wp:term":[{"taxonomy":"product_brand","embeddable":true,"href":"https:\/\/games.tactic.net\/pl\/wp-json\/wp\/v2\/product_brand?post=163573"},{"taxonomy":"product_cat","embeddable":true,"href":"https:\/\/games.tactic.net\/pl\/wp-json\/wp\/v2\/product_cat?post=163573"},{"taxonomy":"product_tag","embeddable":true,"href":"https:\/\/games.tactic.net\/pl\/wp-json\/wp\/v2\/product_tag?post=163573"},{"taxonomy":"brand","embeddable":true,"href":"https:\/\/games.tactic.net\/pl\/wp-json\/wp\/v2\/brand?post=163573"},{"taxonomy":"target-group","embeddable":true,"href":"https:\/\/games.tactic.net\/pl\/wp-json\/wp\/v2\/target-group?post=163573"},{"taxonomy":"discontinued","embeddable":true,"href":"https:\/\/games.tactic.net\/pl\/wp-json\/wp\/v2\/discontinued?post=163573"}],"curies":[{"name":"wp","href":"https:\/\/api.w.org\/{rel}","templated":true}]}}