{"id":163404,"date":"2021-09-29T10:03:15","date_gmt":"2021-09-29T07:03:15","guid":{"rendered":"http:\/\/dev.tactic.net\/tuote\/molkky-tikku-zbijak\/"},"modified":"2023-10-06T18:34:47","modified_gmt":"2023-10-06T15:34:47","slug":"molkky-tikku-zbijak","status":"publish","type":"product","link":"https:\/\/games.tactic.net\/pl\/tuote\/molkky-tikku-zbijak\/","title":{"rendered":"M\u00f6lkky\u00ae Tikku &#8211; zbijak"},"content":{"rendered":"<p>Zdob\u0105d\u017a sw\u00f3j w\u0142asny zbijak M\u00f6lkky\u00ae lub zast\u0105p stary.<\/p>\n<p>M\u00f6LKKY\u00ae TO JEDNA Z NAJPOPULARNIEJSZYCH GIER PLENEROWYCH EUROPY!  W swojej kolejce zawodnicy rzucaj\u0105 drewnianym zbijakiem, tak aby wywr\u00f3ci\u0107 nim, upatrzone wcze\u015bniej, ponumerowane kr\u0119gle. Celem jest uzbieranie dok\u0142adnie 50 punkt\u00f3w. W ko\u0144c\u00f3wce trzeba jednak uwa\u017ca\u0107, gdy\u017c przekroczenie tej liczby skutkuje cofni\u0119ciem do poziomu 25 punkt\u00f3w. <\/p>\n<p>Zawarto\u015b\u0107: zbijak 22 cm d\u0142ugo\u015bci, 6 cm \u015brednicy oraz 300-400 g masy. Elementy \u2013 drewno brzozowe; <\/p>\n<p>Gra plenerowa dla 2 i wi\u0119cej graczy w wieku 6+.<\/p>\n<p>Od 1967 roku fi\u0144ska firma Tactic Games jest znana z innowacyjnych, ekscytuj\u0105cych i jako\u015bciowych gier, kt\u00f3re zachwycaj\u0105 miliony rodzin na ca\u0142ym \u015bwiecie. Nasz\u0105 misj\u0105 jest produkcja gier zr\u0119czno\u015bciowych &#8211; do domu i na zewn\u0105trz, kt\u00f3re pomagaj\u0105 rodzinom i przyjacio\u0142om sp\u0119dza\u0107 razem czas. Chcemy, aby nasze gry przyci\u0105ga\u0142y do wsp\u00f3lnej dobrej zabawy, \u015bmiechu i rozwi\u0105zywania problem\u00f3w. Witamy w ekscytuj\u0105cym \u015bwiecie nordyckich gier! Bawmy si\u0119 RAZEM! Firma Tactic Games posiada certyfikaty FSC i PEFC i swoj\u0105 polityk\u0105 d\u0105\u017cy do minimalizacji \u015bladu w\u0119glowego.<\/p>\n","protected":false},"excerpt":{"rendered":"<p>Zdob\u0105d\u017a sw\u00f3j w\u0142asny zbijak M\u00f6lkky\u00ae lub zast\u0105p stary.<\/p>\n","protected":false},"featured_media":0,"template":"","meta":{"content-type":"","_monsterinsights_skip_tracking":false,"_monsterinsights_sitenote_active":false,"_monsterinsights_sitenote_note":"","_monsterinsights_sitenote_category":0},"product_brand":[],"product_cat":[1842],"product_tag":[1230,1253],"brand":[{"id":1843,"name":"M\u00f6lkky","slug":"molkky_pl"}],"target-group":[],"discontinued":[],"class_list":{"0":"post-163404","1":"product","2":"type-product","3":"status-publish","5":"product_cat-akcesoria-molkky-gry-plenerowe-2","6":"product_tag-dzialanie-pl","7":"product_tag-umiejetnosc-pl","8":"brand-molkky_pl","10":"first","11":"instock","12":"taxable","13":"shipping-taxable","14":"product-type-simple"},"aioseo_notices":[],"_links":{"self":[{"href":"https:\/\/games.tactic.net\/pl\/wp-json\/wp\/v2\/product\/163404","targetHints":{"allow":["GET"]}}],"collection":[{"href":"https:\/\/games.tactic.net\/pl\/wp-json\/wp\/v2\/product"}],"about":[{"href":"https:\/\/games.tactic.net\/pl\/wp-json\/wp\/v2\/types\/product"}],"wp:attachment":[{"href":"https:\/\/games.tactic.net\/pl\/wp-json\/wp\/v2\/media?parent=163404"}],"wp:term":[{"taxonomy":"product_brand","embeddable":true,"href":"https:\/\/games.tactic.net\/pl\/wp-json\/wp\/v2\/product_brand?post=163404"},{"taxonomy":"product_cat","embeddable":true,"href":"https:\/\/games.tactic.net\/pl\/wp-json\/wp\/v2\/product_cat?post=163404"},{"taxonomy":"product_tag","embeddable":true,"href":"https:\/\/games.tactic.net\/pl\/wp-json\/wp\/v2\/product_tag?post=163404"},{"taxonomy":"brand","embeddable":true,"href":"https:\/\/games.tactic.net\/pl\/wp-json\/wp\/v2\/brand?post=163404"},{"taxonomy":"target-group","embeddable":true,"href":"https:\/\/games.tactic.net\/pl\/wp-json\/wp\/v2\/target-group?post=163404"},{"taxonomy":"discontinued","embeddable":true,"href":"https:\/\/games.tactic.net\/pl\/wp-json\/wp\/v2\/discontinued?post=163404"}],"curies":[{"name":"wp","href":"https:\/\/api.w.org\/{rel}","templated":true}]}}