{"id":163374,"date":"2021-09-29T09:59:28","date_gmt":"2021-09-29T06:59:28","guid":{"rendered":"http:\/\/dev.tactic.net\/tuote\/molkky-go\/"},"modified":"2023-10-06T18:30:53","modified_gmt":"2023-10-06T15:30:53","slug":"molkky-go","status":"publish","type":"product","link":"https:\/\/games.tactic.net\/pl\/tuote\/molkky-go\/","title":{"rendered":"M\u00f6lkky\u00ae Go"},"content":{"rendered":"<p>PRAWDOPODOBNIE NAJLEPSZA GRA PLENEROWA M\u00f6lkky\u00ae to gra, kt\u00f3rej prostota czyni j\u0105 atrakcyjn\u0105 dla os\u00f3b w ka\u017cdym wieku. Sukces jest w niej wypadkow\u0105 umiej\u0119tno\u015bci celnego rzucania, odpowiedniej taktyki i szcz\u0119\u015bcia. W swojej kolejce zawodnicy rzucaj\u0105 drewnianym zbijakiem, tak aby wywr\u00f3ci\u0107 nim, upatrzone wcze\u015bniej, ponumerowane kr\u0119gle. Celem jest uzbieranie dok\u0142adnie 50 punkt\u00f3w. W ko\u0144c\u00f3wce trzeba jednak uwa\u017ca\u0107, gdy\u017c przekroczenie tej liczby skutkuje cofni\u0119ciem do poziomu 25 punkt\u00f3w. Zawarto\u015b\u0107: 12 kr\u0119gli (drewniane paliki z numerami od 1 do 12), zbijak, instrukcja. Wymiary element\u00f3w: kr\u0119gle 13,5 cm wysoko\u015bci oraz 5 cm \u015brednicy, zbijak 20 cm d\u0142ugo\u015bci, 5 cm \u015brednicy oraz 300 g masy (ta wersja jest ok. 15% mniejsza od wersji klasycznej). Drewno brzozowe. Gra plenerowa dla 2 i wi\u0119cej graczy w wieku 6+.<\/p>\n","protected":false},"excerpt":{"rendered":"<p>Odpowiednio ustaw kr\u0119gle, a nast\u0119pnie rzu\u0107 w nie zbijakiem. Aby wygra\u0107, musisz uzyska\u0107 dok\u0142adnie 50 punkt\u00f3w \u2013 przekraczaj\u0105c je, zmniejszysz sw\u00f3j stan posiadania do 25 punkt\u00f3w.<\/p>\n","protected":false},"featured_media":0,"template":"","meta":{"content-type":"","_monsterinsights_skip_tracking":false,"_monsterinsights_sitenote_active":false,"_monsterinsights_sitenote_note":"","_monsterinsights_sitenote_category":0},"product_brand":[],"product_cat":[1837],"product_tag":[376,1247,897,1253],"brand":[{"id":1843,"name":"M\u00f6lkky","slug":"molkky_pl"}],"target-group":[],"discontinued":[],"class_list":{"0":"post-163374","1":"product","2":"type-product","3":"status-publish","5":"product_cat-zestawy-do-gry-molkky-gry-plenerowe-2","6":"product_tag-obliczenie","7":"product_tag-strategia-pl","8":"product_tag-taktyka","9":"product_tag-umiejetnosc-pl","10":"brand-molkky_pl","12":"first","13":"outofstock","14":"taxable","15":"shipping-taxable","16":"product-type-simple"},"aioseo_notices":[],"_links":{"self":[{"href":"https:\/\/games.tactic.net\/pl\/wp-json\/wp\/v2\/product\/163374","targetHints":{"allow":["GET"]}}],"collection":[{"href":"https:\/\/games.tactic.net\/pl\/wp-json\/wp\/v2\/product"}],"about":[{"href":"https:\/\/games.tactic.net\/pl\/wp-json\/wp\/v2\/types\/product"}],"wp:attachment":[{"href":"https:\/\/games.tactic.net\/pl\/wp-json\/wp\/v2\/media?parent=163374"}],"wp:term":[{"taxonomy":"product_brand","embeddable":true,"href":"https:\/\/games.tactic.net\/pl\/wp-json\/wp\/v2\/product_brand?post=163374"},{"taxonomy":"product_cat","embeddable":true,"href":"https:\/\/games.tactic.net\/pl\/wp-json\/wp\/v2\/product_cat?post=163374"},{"taxonomy":"product_tag","embeddable":true,"href":"https:\/\/games.tactic.net\/pl\/wp-json\/wp\/v2\/product_tag?post=163374"},{"taxonomy":"brand","embeddable":true,"href":"https:\/\/games.tactic.net\/pl\/wp-json\/wp\/v2\/brand?post=163374"},{"taxonomy":"target-group","embeddable":true,"href":"https:\/\/games.tactic.net\/pl\/wp-json\/wp\/v2\/target-group?post=163374"},{"taxonomy":"discontinued","embeddable":true,"href":"https:\/\/games.tactic.net\/pl\/wp-json\/wp\/v2\/discontinued?post=163374"}],"curies":[{"name":"wp","href":"https:\/\/api.w.org\/{rel}","templated":true}]}}