{"id":163260,"date":"2021-09-29T09:57:03","date_gmt":"2021-09-29T06:57:03","guid":{"rendered":"http:\/\/dev.tactic.net\/tuote\/gra-plenerowa-krokiet-drewniany-dla-dzieci-ze-zwierzatkami-animal-crocquet\/"},"modified":"2023-10-17T19:35:32","modified_gmt":"2023-10-17T16:35:32","slug":"gra-plenerowa-krokiet-drewniany-dla-dzieci-ze-zwierzatkami-animal-crocquet","status":"publish","type":"product","link":"https:\/\/games.tactic.net\/pl\/tuote\/gra-plenerowa-krokiet-drewniany-dla-dzieci-ze-zwierzatkami-animal-crocquet\/","title":{"rendered":"Tactic Active Play Krokiet drewniany ze zwierz\u0105tkami gra plenerowa"},"content":{"rendered":"<p>Krokiet to gra wymy\u015blona w Anglii. Dzieli nazw\u0119 z popularnym daniem ale nie jest to krykiet. Ta wersja jest przeznaczona dla ma\u0142ych dzieci.  W t\u0119 zabawn\u0105 i tradycyjn\u0105 gr\u0119 mo\u017cna gra\u0107 zar\u00f3wno wewn\u0105trz, jak i na zewn\u0105trz. Umie\u015b\u0107 bramki zwierz\u0119ce na trawie lub na pod\u0142odze i spr\u00f3buj uderzy\u0107 w nie drewnianymi kulkami za pomoc\u0105 m\u0142otka. \u2022 Drewniane furtki, pi\u0142ki i m\u0142otki. \u2022 \u015aliczne postacie zwierz\u0105t. \u2022 \u015awietna zabawa dla wszystkich. Zawarto\u015b\u0107: 4 drewniane bramki, 2 drewniane kulki i 2 m\u0142otki Krokiet o d\u0142ugo\u015bci 42cm<\/p>\n","protected":false},"excerpt":{"rendered":"<p>Krokiet to gra wymy\u015blona w Anglii. Dzieli nazw\u0119 z popularnym daniem ale nie jest to krykiet. Ta wersja jest przeznaczona dla ma\u0142ych dzieci.  W t\u0119 zabawn\u0105 i tradycyjn\u0105 gr\u0119 mo\u017cna gra\u0107 zar\u00f3wno wewn\u0105trz, jak i na zewn\u0105trz. Umie\u015b\u0107 bramki zwierz\u0119ce na trawie lub na pod\u0142odze i spr\u00f3buj uderzy\u0107 w nie drewnianymi kulkami za pomoc\u0105 m\u0142otka. \u2022 Drewniane furtki, pi\u0142ki i m\u0142otki. \u2022 \u015aliczne postacie zwierz\u0105t. \u2022 \u015awietna zabawa dla wszystkich. Zawarto\u015b\u0107: 4 drewniane bramki, 2 drewniane kulki i 2 m\u0142otki Krokiet o d\u0142ugo\u015bci 42cm<\/p>\n","protected":false},"featured_media":0,"template":"","meta":{"content-type":"","_monsterinsights_skip_tracking":false,"_monsterinsights_sitenote_active":false,"_monsterinsights_sitenote_note":"","_monsterinsights_sitenote_category":0},"product_brand":[],"product_cat":[1803,2011],"product_tag":[1253],"brand":[],"target-group":[],"discontinued":[],"class_list":{"0":"post-163260","1":"product","2":"type-product","3":"status-publish","5":"product_cat-active-play-gry-dla-dzieci","6":"product_cat-active-play-gry-plenerowe-2","7":"product_tag-umiejetnosc-pl","9":"first","10":"outofstock","11":"taxable","12":"shipping-taxable","13":"product-type-simple"},"aioseo_notices":[],"_links":{"self":[{"href":"https:\/\/games.tactic.net\/pl\/wp-json\/wp\/v2\/product\/163260","targetHints":{"allow":["GET"]}}],"collection":[{"href":"https:\/\/games.tactic.net\/pl\/wp-json\/wp\/v2\/product"}],"about":[{"href":"https:\/\/games.tactic.net\/pl\/wp-json\/wp\/v2\/types\/product"}],"wp:attachment":[{"href":"https:\/\/games.tactic.net\/pl\/wp-json\/wp\/v2\/media?parent=163260"}],"wp:term":[{"taxonomy":"product_brand","embeddable":true,"href":"https:\/\/games.tactic.net\/pl\/wp-json\/wp\/v2\/product_brand?post=163260"},{"taxonomy":"product_cat","embeddable":true,"href":"https:\/\/games.tactic.net\/pl\/wp-json\/wp\/v2\/product_cat?post=163260"},{"taxonomy":"product_tag","embeddable":true,"href":"https:\/\/games.tactic.net\/pl\/wp-json\/wp\/v2\/product_tag?post=163260"},{"taxonomy":"brand","embeddable":true,"href":"https:\/\/games.tactic.net\/pl\/wp-json\/wp\/v2\/brand?post=163260"},{"taxonomy":"target-group","embeddable":true,"href":"https:\/\/games.tactic.net\/pl\/wp-json\/wp\/v2\/target-group?post=163260"},{"taxonomy":"discontinued","embeddable":true,"href":"https:\/\/games.tactic.net\/pl\/wp-json\/wp\/v2\/discontinued?post=163260"}],"curies":[{"name":"wp","href":"https:\/\/api.w.org\/{rel}","templated":true}]}}