{"id":163090,"date":"2021-09-29T09:51:51","date_gmt":"2021-09-29T06:51:51","guid":{"rendered":"http:\/\/dev.tactic.net\/tuote\/futbolowy-krokiet\/"},"modified":"2023-10-17T19:42:40","modified_gmt":"2023-10-17T16:42:40","slug":"futbolowy-krokiet","status":"publish","type":"product","link":"https:\/\/games.tactic.net\/pl\/tuote\/futbolowy-krokiet\/","title":{"rendered":"Tactic Active Play Futbolowy krokiet gra plenerowa"},"content":{"rendered":"<p>Football w tym zestawie jest po\u0142\u0105czony z klasyczn\u0105 gr\u0105 w krokieta! Dzi\u0119ki temu gra b\u0119dzie zabawna i pe\u0142na wra\u017ce\u0144 dla graczy w ka\u017cdym wieku. W zestawie: &#8211; 4 pi\u0142ki &#8211; 2 kije do celu &#8211; 10 obr\u0119czy &#8211; 1 torba &#8211; Wieloj\u0119zyczna instrukcja i zbi\u00f3r zasad Rozmiar pi\u0142ek: \u00d8 17cm Rozmiar obr\u0119czy: 39x39cm Rozmiar opakowania: 44x42x23cm Sercem firmy Bex Sport jest nasza pasja do oferowania produkt\u00f3w, kt\u00f3re daj\u0105 rado\u015b\u0107. Rado\u015b\u0107 zar\u00f3wno m\u0142odszym, jak i starszym, w\u015br\u00f3d rodziny i przyjaci\u00f3\u0142. Uwielbiamy wymy\u015bla\u0107 i produkowa\u0107 gry, kt\u00f3rymi mo\u017cna si\u0119 cieszy\u0107 zar\u00f3wno w domu, jak i na zewn\u0105trz. Proste zasady, kt\u00f3re pozwalaj\u0105 szybko rozpocz\u0105\u0107 gr\u0119, a w razie potrzeby dostosowa\u0107 zasady tak, aby ka\u017cdy m\u00f3g\u0142 si\u0119 nimi cieszy\u0107. Zesp\u00f3\u0142 ds. zakup\u00f3w w firmie Bex Sport nieustannie d\u0105\u017cy do zapewnienia najlepszej jako\u015bci i wzornictwa w atrakcyjnym opakowaniu.<\/p>\n","protected":false},"excerpt":{"rendered":"<p>Football w tym zestawie jest po\u0142\u0105czony z klasyczn\u0105 gr\u0105 w krokieta! Dzi\u0119ki temu gra b\u0119dzie zabawna i pe\u0142na wra\u017ce\u0144 dla graczy w ka\u017cdym wieku. W zestawie: &#8211; 4 pi\u0142ki &#8211; 2 kije do celu &#8211; 10 obr\u0119czy &#8211; 1 torba &#8211; Wieloj\u0119zyczna instrukcja i zbi\u00f3r zasad Rozmiar pi\u0142ek: \u00d8 17cm Rozmiar obr\u0119czy: 39x39cm Rozmiar opakowania: [&hellip;]<\/p>\n","protected":false},"featured_media":0,"template":"","meta":{"content-type":"","_monsterinsights_skip_tracking":false,"_monsterinsights_sitenote_active":false,"_monsterinsights_sitenote_note":"","_monsterinsights_sitenote_category":0},"product_brand":[],"product_cat":[1803,2011],"product_tag":[1230,1253],"brand":[],"target-group":[],"discontinued":[],"class_list":{"0":"post-163090","1":"product","2":"type-product","3":"status-publish","5":"product_cat-active-play-gry-dla-dzieci","6":"product_cat-active-play-gry-plenerowe-2","7":"product_tag-dzialanie-pl","8":"product_tag-umiejetnosc-pl","10":"first","11":"outofstock","12":"taxable","13":"shipping-taxable","14":"product-type-simple"},"aioseo_notices":[],"_links":{"self":[{"href":"https:\/\/games.tactic.net\/pl\/wp-json\/wp\/v2\/product\/163090","targetHints":{"allow":["GET"]}}],"collection":[{"href":"https:\/\/games.tactic.net\/pl\/wp-json\/wp\/v2\/product"}],"about":[{"href":"https:\/\/games.tactic.net\/pl\/wp-json\/wp\/v2\/types\/product"}],"wp:attachment":[{"href":"https:\/\/games.tactic.net\/pl\/wp-json\/wp\/v2\/media?parent=163090"}],"wp:term":[{"taxonomy":"product_brand","embeddable":true,"href":"https:\/\/games.tactic.net\/pl\/wp-json\/wp\/v2\/product_brand?post=163090"},{"taxonomy":"product_cat","embeddable":true,"href":"https:\/\/games.tactic.net\/pl\/wp-json\/wp\/v2\/product_cat?post=163090"},{"taxonomy":"product_tag","embeddable":true,"href":"https:\/\/games.tactic.net\/pl\/wp-json\/wp\/v2\/product_tag?post=163090"},{"taxonomy":"brand","embeddable":true,"href":"https:\/\/games.tactic.net\/pl\/wp-json\/wp\/v2\/brand?post=163090"},{"taxonomy":"target-group","embeddable":true,"href":"https:\/\/games.tactic.net\/pl\/wp-json\/wp\/v2\/target-group?post=163090"},{"taxonomy":"discontinued","embeddable":true,"href":"https:\/\/games.tactic.net\/pl\/wp-json\/wp\/v2\/discontinued?post=163090"}],"curies":[{"name":"wp","href":"https:\/\/api.w.org\/{rel}","templated":true}]}}