{"id":163075,"date":"2021-09-29T09:13:03","date_gmt":"2021-09-29T06:13:03","guid":{"rendered":"http:\/\/dev.tactic.net\/tuote\/zlamball\/"},"modified":"2023-10-17T19:40:30","modified_gmt":"2023-10-17T16:40:30","slug":"zlamball","status":"publish","type":"product","link":"https:\/\/games.tactic.net\/pl\/tuote\/zlamball\/","title":{"rendered":"Tactic Active Play Zlamball gra plenerowa"},"content":{"rendered":"<p>Gotowi na du\u017c\u0105 dawk\u0119 emocji? Przerzu\u0107cie pi\u0142k\u0119 ze swoim partnerem z dru\u017cyny w trzech rzutach i wrzu\u0107cie j\u0105 do siatki. Otrzymacie punkty za b\u0142\u0119dy przeciwnik\u00f3w, wi\u0119c ruszajcie si\u0119, \u017ceby im przeszkodzi\u0107!<br \/>\nZawarto\u015b\u0107: trampolina z siatk\u0105 (\u015brednica ok. 93 cm), 3 pi\u0142ki (\u015brednica ok. 11 cm), futera\u0142, pompka r\u0119czna z ig\u0142\u0105.<br \/>\nGra dla 4 i wi\u0119cej os\u00f3b w wieku 10+.<\/p>\n","protected":false},"excerpt":{"rendered":"<p>Gotowi na du\u017c\u0105 dawk\u0119 emocji? Przerzu\u0107cie pi\u0142k\u0119 ze swoim partnerem z dru\u017cyny w trzech rzutach i wrzu\u0107cie j\u0105 do siatki. Otrzymacie punkty za b\u0142\u0119dy przeciwnik\u00f3w, wi\u0119c ruszajcie si\u0119, \u017ceby im przeszkodzi\u0107! Zawarto\u015b\u0107: trampolina z siatk\u0105 (\u015brednica ok. 93 cm), 3 pi\u0142ki (\u015brednica ok. 11 cm), futera\u0142, pompka r\u0119czna z ig\u0142\u0105. Gra dla 4 i wi\u0119cej [&hellip;]<\/p>\n","protected":false},"featured_media":0,"template":"","meta":{"content-type":"","_monsterinsights_skip_tracking":false,"_monsterinsights_sitenote_active":false,"_monsterinsights_sitenote_note":"","_monsterinsights_sitenote_category":0},"product_brand":[],"product_cat":[2011],"product_tag":[1230,1253],"brand":[],"target-group":[],"discontinued":[],"class_list":{"0":"post-163075","1":"product","2":"type-product","3":"status-publish","5":"product_cat-active-play-gry-plenerowe-2","6":"product_tag-dzialanie-pl","7":"product_tag-umiejetnosc-pl","9":"first","10":"instock","11":"taxable","12":"shipping-taxable","13":"product-type-simple"},"aioseo_notices":[],"_links":{"self":[{"href":"https:\/\/games.tactic.net\/pl\/wp-json\/wp\/v2\/product\/163075","targetHints":{"allow":["GET"]}}],"collection":[{"href":"https:\/\/games.tactic.net\/pl\/wp-json\/wp\/v2\/product"}],"about":[{"href":"https:\/\/games.tactic.net\/pl\/wp-json\/wp\/v2\/types\/product"}],"wp:attachment":[{"href":"https:\/\/games.tactic.net\/pl\/wp-json\/wp\/v2\/media?parent=163075"}],"wp:term":[{"taxonomy":"product_brand","embeddable":true,"href":"https:\/\/games.tactic.net\/pl\/wp-json\/wp\/v2\/product_brand?post=163075"},{"taxonomy":"product_cat","embeddable":true,"href":"https:\/\/games.tactic.net\/pl\/wp-json\/wp\/v2\/product_cat?post=163075"},{"taxonomy":"product_tag","embeddable":true,"href":"https:\/\/games.tactic.net\/pl\/wp-json\/wp\/v2\/product_tag?post=163075"},{"taxonomy":"brand","embeddable":true,"href":"https:\/\/games.tactic.net\/pl\/wp-json\/wp\/v2\/brand?post=163075"},{"taxonomy":"target-group","embeddable":true,"href":"https:\/\/games.tactic.net\/pl\/wp-json\/wp\/v2\/target-group?post=163075"},{"taxonomy":"discontinued","embeddable":true,"href":"https:\/\/games.tactic.net\/pl\/wp-json\/wp\/v2\/discontinued?post=163075"}],"curies":[{"name":"wp","href":"https:\/\/api.w.org\/{rel}","templated":true}]}}