{"id":163060,"date":"2021-09-29T09:12:01","date_gmt":"2021-09-29T06:12:01","guid":{"rendered":"http:\/\/dev.tactic.net\/tuote\/kendama\/"},"modified":"2023-09-27T20:44:08","modified_gmt":"2023-09-27T17:44:08","slug":"kendama","status":"publish","type":"product","link":"https:\/\/games.tactic.net\/pl\/tuote\/kendama\/","title":{"rendered":"Tactic Active Play Kendama gra plenerowa"},"content":{"rendered":"<p>Sprawd\u017a swoj\u0105 zr\u0119czno\u015b\u0107 i poczucie r\u00f3wnowagi z Kendam\u0105! Wyrzu\u0107 pi\u0142eczk\u0119 w powietrze i spr\u00f3buj z\u0142apa\u0107 j\u0105 z powrotem na s\u0142upek. Wyka\u017c si\u0119 pomys\u0142owo\u015bci\u0105 i wymy\u015bl te\u017c w\u0142asne zabawy z Kendam\u0105!<br \/>\nWysoko\u015b\u0107 ok. 18 cm, d\u0142ugo\u015b\u0107 sznurka ok. 40 cm, \u015brednica kulki ok. 6 cm, \u015brednica iglicy i otworu ok. 1 cm.<br \/>\nZabawka dla 1 osoby w wieku 8+.<\/p>\n","protected":false},"excerpt":{"rendered":"<p>Sprawd\u017a swoj\u0105 zr\u0119czno\u015b\u0107 i poczucie r\u00f3wnowagi z Kendam\u0105! Wyrzu\u0107 pi\u0142eczk\u0119 w powietrze i spr\u00f3buj z\u0142apa\u0107 j\u0105 z powrotem na s\u0142upek. Wyka\u017c si\u0119 pomys\u0142owo\u015bci\u0105 i wymy\u015bl te\u017c w\u0142asne zabawy z Kendam\u0105! Wysoko\u015b\u0107 ok. 18 cm, d\u0142ugo\u015b\u0107 sznurka ok. 40 cm, \u015brednica kulki ok. 6 cm, \u015brednica iglicy i otworu ok. 1 cm. Zabawka dla 1 osoby [&hellip;]<\/p>\n","protected":false},"featured_media":0,"template":"","meta":{"content-type":"","_monsterinsights_skip_tracking":false,"_monsterinsights_sitenote_active":false,"_monsterinsights_sitenote_note":"","_monsterinsights_sitenote_category":0},"product_brand":[],"product_cat":[1803,2011],"product_tag":[341,385,991],"brand":[],"target-group":[],"discontinued":[],"class_list":{"0":"post-163060","1":"product","2":"type-product","3":"status-publish","5":"product_cat-active-play-gry-dla-dzieci","6":"product_cat-active-play-gry-plenerowe-2","7":"product_tag-dzialanie","8":"product_tag-umiejetnosc","9":"product_tag-zabawa","11":"first","12":"instock","13":"taxable","14":"shipping-taxable","15":"product-type-simple"},"aioseo_notices":[],"_links":{"self":[{"href":"https:\/\/games.tactic.net\/pl\/wp-json\/wp\/v2\/product\/163060","targetHints":{"allow":["GET"]}}],"collection":[{"href":"https:\/\/games.tactic.net\/pl\/wp-json\/wp\/v2\/product"}],"about":[{"href":"https:\/\/games.tactic.net\/pl\/wp-json\/wp\/v2\/types\/product"}],"wp:attachment":[{"href":"https:\/\/games.tactic.net\/pl\/wp-json\/wp\/v2\/media?parent=163060"}],"wp:term":[{"taxonomy":"product_brand","embeddable":true,"href":"https:\/\/games.tactic.net\/pl\/wp-json\/wp\/v2\/product_brand?post=163060"},{"taxonomy":"product_cat","embeddable":true,"href":"https:\/\/games.tactic.net\/pl\/wp-json\/wp\/v2\/product_cat?post=163060"},{"taxonomy":"product_tag","embeddable":true,"href":"https:\/\/games.tactic.net\/pl\/wp-json\/wp\/v2\/product_tag?post=163060"},{"taxonomy":"brand","embeddable":true,"href":"https:\/\/games.tactic.net\/pl\/wp-json\/wp\/v2\/brand?post=163060"},{"taxonomy":"target-group","embeddable":true,"href":"https:\/\/games.tactic.net\/pl\/wp-json\/wp\/v2\/target-group?post=163060"},{"taxonomy":"discontinued","embeddable":true,"href":"https:\/\/games.tactic.net\/pl\/wp-json\/wp\/v2\/discontinued?post=163060"}],"curies":[{"name":"wp","href":"https:\/\/api.w.org\/{rel}","templated":true}]}}