{"id":163045,"date":"2021-09-29T09:10:15","date_gmt":"2021-09-29T06:10:15","guid":{"rendered":"http:\/\/dev.tactic.net\/tuote\/miekkie-kregle\/"},"modified":"2023-05-10T15:12:37","modified_gmt":"2023-05-10T12:12:37","slug":"miekkie-kregle","status":"publish","type":"product","link":"https:\/\/games.tactic.net\/pl\/tuote\/miekkie-kregle\/","title":{"rendered":"Mi\u0119kkie kr\u0119gle"},"content":{"rendered":"<p>Trafiasz do celu, czy pi\u0142ka zawsze ucieka ci na bok?<br \/>\nUstaw kr\u0119gle i spr\u00f3buj pchn\u0105\u0107 pi\u0142k\u0119 tak, \u017ceby<br \/>\nstr\u0105ci\u0142a jak najwi\u0119cej z nich! Bezpieczny spos\u00f3b na<br \/>\nrozruszanie najm\u0142odszych \u2013 nawet w domu!<\/p>\n","protected":false},"excerpt":{"rendered":"<p>Trafiasz do celu, czy pi\u0142ka zawsze ucieka ci na bok? Ustaw kr\u0119gle i spr\u00f3buj pchn\u0105\u0107 pi\u0142k\u0119 tak, \u017ceby str\u0105ci\u0142a jak najwi\u0119cej z nich! Bezpieczny spos\u00f3b na rozruszanie najm\u0142odszych \u2013 nawet w domu!<\/p>\n","protected":false},"featured_media":0,"template":"","meta":{"content-type":"","_monsterinsights_skip_tracking":false,"_monsterinsights_sitenote_active":false,"_monsterinsights_sitenote_note":"","_monsterinsights_sitenote_category":0},"product_brand":[],"product_cat":[1801,2012],"product_tag":[1230,1253],"brand":[],"target-group":[],"discontinued":[],"class_list":{"0":"post-163045","1":"product","2":"type-product","3":"status-publish","5":"product_cat-soft-active-play-gry-dla-dzieci","6":"product_cat-soft-active-play-gry-plenerowe-2","7":"product_tag-dzialanie-pl","8":"product_tag-umiejetnosc-pl","10":"first","11":"outofstock","12":"taxable","13":"shipping-taxable","14":"product-type-simple"},"aioseo_notices":[],"_links":{"self":[{"href":"https:\/\/games.tactic.net\/pl\/wp-json\/wp\/v2\/product\/163045","targetHints":{"allow":["GET"]}}],"collection":[{"href":"https:\/\/games.tactic.net\/pl\/wp-json\/wp\/v2\/product"}],"about":[{"href":"https:\/\/games.tactic.net\/pl\/wp-json\/wp\/v2\/types\/product"}],"wp:attachment":[{"href":"https:\/\/games.tactic.net\/pl\/wp-json\/wp\/v2\/media?parent=163045"}],"wp:term":[{"taxonomy":"product_brand","embeddable":true,"href":"https:\/\/games.tactic.net\/pl\/wp-json\/wp\/v2\/product_brand?post=163045"},{"taxonomy":"product_cat","embeddable":true,"href":"https:\/\/games.tactic.net\/pl\/wp-json\/wp\/v2\/product_cat?post=163045"},{"taxonomy":"product_tag","embeddable":true,"href":"https:\/\/games.tactic.net\/pl\/wp-json\/wp\/v2\/product_tag?post=163045"},{"taxonomy":"brand","embeddable":true,"href":"https:\/\/games.tactic.net\/pl\/wp-json\/wp\/v2\/brand?post=163045"},{"taxonomy":"target-group","embeddable":true,"href":"https:\/\/games.tactic.net\/pl\/wp-json\/wp\/v2\/target-group?post=163045"},{"taxonomy":"discontinued","embeddable":true,"href":"https:\/\/games.tactic.net\/pl\/wp-json\/wp\/v2\/discontinued?post=163045"}],"curies":[{"name":"wp","href":"https:\/\/api.w.org\/{rel}","templated":true}]}}