{"id":163030,"date":"2021-09-29T09:09:08","date_gmt":"2021-09-29T06:09:08","guid":{"rendered":"http:\/\/dev.tactic.net\/tuote\/miekki-krokiet\/"},"modified":"2023-05-10T15:13:04","modified_gmt":"2023-05-10T12:13:04","slug":"miekki-krokiet","status":"publish","type":"product","link":"https:\/\/games.tactic.net\/pl\/tuote\/miekki-krokiet\/","title":{"rendered":"Mi\u0119kki krokiet"},"content":{"rendered":"<p>T\u0119 klasyczn\u0105 gr\u0119 mo\u017cna spotka\u0107 w ka\u017cdym ogrodzie,<br \/>\na teraz te\u017c w salonie! Wykonanie z mi\u0119kkiego<br \/>\nmateria\u0142u zapewnia bezpiecze\u0144stwo i graczom,<br \/>\ni wyposa\u017ceniu domu, a dzi\u0119ki prostym zasadom<br \/>\nkrokieta opanuj\u0105 nawet najm\u0142odsze dzieci. <\/p>\n","protected":false},"excerpt":{"rendered":"<p>T\u0119 klasyczn\u0105 gr\u0119 mo\u017cna spotka\u0107 w ka\u017cdym ogrodzie, a teraz te\u017c w salonie! Wykonanie z mi\u0119kkiego materia\u0142u zapewnia bezpiecze\u0144stwo i graczom, i wyposa\u017ceniu domu, a dzi\u0119ki prostym zasadom krokieta opanuj\u0105 nawet najm\u0142odsze dzieci.<\/p>\n","protected":false},"featured_media":0,"template":"","meta":{"content-type":"","_monsterinsights_skip_tracking":false,"_monsterinsights_sitenote_active":false,"_monsterinsights_sitenote_note":"","_monsterinsights_sitenote_category":0},"product_brand":[],"product_cat":[1801,2012],"product_tag":[1230,1253],"brand":[],"target-group":[],"discontinued":[],"class_list":{"0":"post-163030","1":"product","2":"type-product","3":"status-publish","5":"product_cat-soft-active-play-gry-dla-dzieci","6":"product_cat-soft-active-play-gry-plenerowe-2","7":"product_tag-dzialanie-pl","8":"product_tag-umiejetnosc-pl","10":"first","11":"outofstock","12":"taxable","13":"shipping-taxable","14":"product-type-simple"},"aioseo_notices":[],"_links":{"self":[{"href":"https:\/\/games.tactic.net\/pl\/wp-json\/wp\/v2\/product\/163030","targetHints":{"allow":["GET"]}}],"collection":[{"href":"https:\/\/games.tactic.net\/pl\/wp-json\/wp\/v2\/product"}],"about":[{"href":"https:\/\/games.tactic.net\/pl\/wp-json\/wp\/v2\/types\/product"}],"wp:attachment":[{"href":"https:\/\/games.tactic.net\/pl\/wp-json\/wp\/v2\/media?parent=163030"}],"wp:term":[{"taxonomy":"product_brand","embeddable":true,"href":"https:\/\/games.tactic.net\/pl\/wp-json\/wp\/v2\/product_brand?post=163030"},{"taxonomy":"product_cat","embeddable":true,"href":"https:\/\/games.tactic.net\/pl\/wp-json\/wp\/v2\/product_cat?post=163030"},{"taxonomy":"product_tag","embeddable":true,"href":"https:\/\/games.tactic.net\/pl\/wp-json\/wp\/v2\/product_tag?post=163030"},{"taxonomy":"brand","embeddable":true,"href":"https:\/\/games.tactic.net\/pl\/wp-json\/wp\/v2\/brand?post=163030"},{"taxonomy":"target-group","embeddable":true,"href":"https:\/\/games.tactic.net\/pl\/wp-json\/wp\/v2\/target-group?post=163030"},{"taxonomy":"discontinued","embeddable":true,"href":"https:\/\/games.tactic.net\/pl\/wp-json\/wp\/v2\/discontinued?post=163030"}],"curies":[{"name":"wp","href":"https:\/\/api.w.org\/{rel}","templated":true}]}}