{"id":162972,"date":"2021-09-29T09:06:18","date_gmt":"2021-09-29T06:06:18","guid":{"rendered":"http:\/\/dev.tactic.net\/tuote\/miekkie-puszki-do-zbijania\/"},"modified":"2023-05-10T15:14:33","modified_gmt":"2023-05-10T12:14:33","slug":"miekkie-puszki-do-zbijania","status":"publish","type":"product","link":"https:\/\/games.tactic.net\/pl\/tuote\/miekkie-puszki-do-zbijania\/","title":{"rendered":"Tactic Active Play Mi\u0119kkie puszki do zbijania gra plenerowa"},"content":{"rendered":"<p>Ustawcie puszki w piramid\u0119 i sprawd\u017acie, kto najlepiej celuje! Puszki wykonane s\u0105 z mi\u0119kkiego materia\u0142u, dlatego \u015bwietnie sprawdz\u0105 si\u0119 zar\u00f3wno w zabawach na \u015bwie\u017cym powietrzu, jak i w domu.<br \/>\nZawarto\u015b\u0107: 6 piankowych puszek ponumerowanych od 1 do 6 (wysoko\u015b\u0107 9 cm, \u015brednica 8 cm) i 3 piankowe pi\u0142ki (\u015brednica 5 cm).<br \/>\nGra dla 1 i wi\u0119cej os\u00f3b w wieku 3+.<\/p>\n","protected":false},"excerpt":{"rendered":"<p>Ustawcie puszki w piramid\u0119 i sprawd\u017acie, kto najlepiej celuje! Puszki wykonane s\u0105 z mi\u0119kkiego materia\u0142u, dlatego \u015bwietnie sprawdz\u0105 si\u0119 zar\u00f3wno w zabawach na \u015bwie\u017cym powietrzu, jak i w domu. Zawarto\u015b\u0107: 6 piankowych puszek ponumerowanych od 1 do 6 (wysoko\u015b\u0107 9 cm, \u015brednica 8 cm) i 3 piankowe pi\u0142ki (\u015brednica 5 cm). Gra dla 1 i [&hellip;]<\/p>\n","protected":false},"featured_media":0,"template":"","meta":{"content-type":"","_monsterinsights_skip_tracking":false,"_monsterinsights_sitenote_active":false,"_monsterinsights_sitenote_note":"","_monsterinsights_sitenote_category":0},"product_brand":[],"product_cat":[1801,2012],"product_tag":[1230,1253,991],"brand":[],"target-group":[],"discontinued":[],"class_list":{"0":"post-162972","1":"product","2":"type-product","3":"status-publish","5":"product_cat-soft-active-play-gry-dla-dzieci","6":"product_cat-soft-active-play-gry-plenerowe-2","7":"product_tag-dzialanie-pl","8":"product_tag-umiejetnosc-pl","9":"product_tag-zabawa","11":"first","12":"outofstock","13":"taxable","14":"shipping-taxable","15":"product-type-simple"},"aioseo_notices":[],"_links":{"self":[{"href":"https:\/\/games.tactic.net\/pl\/wp-json\/wp\/v2\/product\/162972","targetHints":{"allow":["GET"]}}],"collection":[{"href":"https:\/\/games.tactic.net\/pl\/wp-json\/wp\/v2\/product"}],"about":[{"href":"https:\/\/games.tactic.net\/pl\/wp-json\/wp\/v2\/types\/product"}],"wp:attachment":[{"href":"https:\/\/games.tactic.net\/pl\/wp-json\/wp\/v2\/media?parent=162972"}],"wp:term":[{"taxonomy":"product_brand","embeddable":true,"href":"https:\/\/games.tactic.net\/pl\/wp-json\/wp\/v2\/product_brand?post=162972"},{"taxonomy":"product_cat","embeddable":true,"href":"https:\/\/games.tactic.net\/pl\/wp-json\/wp\/v2\/product_cat?post=162972"},{"taxonomy":"product_tag","embeddable":true,"href":"https:\/\/games.tactic.net\/pl\/wp-json\/wp\/v2\/product_tag?post=162972"},{"taxonomy":"brand","embeddable":true,"href":"https:\/\/games.tactic.net\/pl\/wp-json\/wp\/v2\/brand?post=162972"},{"taxonomy":"target-group","embeddable":true,"href":"https:\/\/games.tactic.net\/pl\/wp-json\/wp\/v2\/target-group?post=162972"},{"taxonomy":"discontinued","embeddable":true,"href":"https:\/\/games.tactic.net\/pl\/wp-json\/wp\/v2\/discontinued?post=162972"}],"curies":[{"name":"wp","href":"https:\/\/api.w.org\/{rel}","templated":true}]}}