{"id":162957,"date":"2021-09-29T09:03:35","date_gmt":"2021-09-29T06:03:35","guid":{"rendered":"http:\/\/dev.tactic.net\/tuote\/skoczek-piankowy-softpogo-jumper\/"},"modified":"2025-12-29T13:33:46","modified_gmt":"2025-12-29T11:33:46","slug":"skoczek-piankowy-softpogo-jumper","status":"archive","type":"product","link":"https:\/\/games.tactic.net\/pl\/tuote\/skoczek-piankowy-softpogo-jumper\/","title":{"rendered":"Tactic Active Play Skoczek piankowy Soft Pogo Jumper gra plenerowa"},"content":{"rendered":"<p>Gotowi na wy\u015bcig na skoczkach? Zach\u0119\u0107 swoje dziecko do aktywno\u015bci fizycznej! Dzi\u0119ki wykonaniu z mi\u0119kkiego materia\u0142u skoczek jest bezpieczny i przy zabawie w domu, i na \u015bwie\u017cym powietrzu!<\/p>\n","protected":false},"excerpt":{"rendered":"<p>Gotowi na wy\u015bcig na skoczkach? Zach\u0119\u0107 swoje dziecko do aktywno\u015bci fizycznej! Dzi\u0119ki wykonaniu z mi\u0119kkiego materia\u0142u skoczek jest bezpieczny i przy zabawie w domu, i na \u015bwie\u017cym powietrzu!<\/p>\n","protected":false},"featured_media":0,"template":"","meta":{"content-type":"","_monsterinsights_skip_tracking":false,"_monsterinsights_sitenote_active":false,"_monsterinsights_sitenote_note":"","_monsterinsights_sitenote_category":0},"product_brand":[],"product_cat":[2011,1801],"product_tag":[1305,1033,345,1253],"brand":[],"target-group":[],"discontinued":[],"class_list":{"0":"post-162957","1":"product","2":"type-product","3":"status-archive","5":"product_cat-active-play-gry-plenerowe-2","6":"product_cat-soft-active-play-gry-dla-dzieci","7":"product_tag-jednoosobowe","8":"product_tag-losowosc","9":"product_tag-szybkosc","10":"product_tag-umiejetnosc-pl","12":"first","13":"outofstock","14":"taxable","15":"shipping-taxable","16":"product-type-simple"},"aioseo_notices":[],"_links":{"self":[{"href":"https:\/\/games.tactic.net\/pl\/wp-json\/wp\/v2\/product\/162957","targetHints":{"allow":["GET"]}}],"collection":[{"href":"https:\/\/games.tactic.net\/pl\/wp-json\/wp\/v2\/product"}],"about":[{"href":"https:\/\/games.tactic.net\/pl\/wp-json\/wp\/v2\/types\/product"}],"wp:attachment":[{"href":"https:\/\/games.tactic.net\/pl\/wp-json\/wp\/v2\/media?parent=162957"}],"wp:term":[{"taxonomy":"product_brand","embeddable":true,"href":"https:\/\/games.tactic.net\/pl\/wp-json\/wp\/v2\/product_brand?post=162957"},{"taxonomy":"product_cat","embeddable":true,"href":"https:\/\/games.tactic.net\/pl\/wp-json\/wp\/v2\/product_cat?post=162957"},{"taxonomy":"product_tag","embeddable":true,"href":"https:\/\/games.tactic.net\/pl\/wp-json\/wp\/v2\/product_tag?post=162957"},{"taxonomy":"brand","embeddable":true,"href":"https:\/\/games.tactic.net\/pl\/wp-json\/wp\/v2\/brand?post=162957"},{"taxonomy":"target-group","embeddable":true,"href":"https:\/\/games.tactic.net\/pl\/wp-json\/wp\/v2\/target-group?post=162957"},{"taxonomy":"discontinued","embeddable":true,"href":"https:\/\/games.tactic.net\/pl\/wp-json\/wp\/v2\/discontinued?post=162957"}],"curies":[{"name":"wp","href":"https:\/\/api.w.org\/{rel}","templated":true}]}}