{"id":162928,"date":"2021-09-29T09:01:34","date_gmt":"2021-09-29T06:01:34","guid":{"rendered":"http:\/\/dev.tactic.net\/tuote\/zalozysz-sie-travel-wersja-podrozna\/"},"modified":"2023-09-27T12:25:21","modified_gmt":"2023-09-27T09:25:21","slug":"zalozysz-sie-travel-wersja-podrozna","status":"publish","type":"product","link":"https:\/\/games.tactic.net\/pl\/tuote\/zalozysz-sie-travel-wersja-podrozna\/","title":{"rendered":"Tactic Za\u0142o\u017cysz si\u0119? travel wersja podr\u00f3\u017cna"},"content":{"rendered":"<p>NIESPODZIEWANE ZWROTY AKCJI! Emocjonuj\u0105ce zak\u0142ady! W tej zwariowanej grze imprezowej zawodnicy kolejno wykonuj\u0105 przer\u00f3\u017cne zadania, a pozostali gracze obstawiaj\u0105, czy im si\u0119 to powiedzie. Zarobek zale\u017cy zar\u00f3wno od trafnego obstawiania, jak i od umiej\u0119tno\u015bci wykonania zada\u0144. Ta gra to po prostu hit! Interakcja mi\u0119dzy graczami, inne zadanie w ka\u017cdej kolejce, ekscytuj\u0105cy element obstawiania, prostszy wariant zada\u0144 dla m\u0142odszych graczy, nieodzowny \u015bmiech \u2013 wszystko to sprawia, \u017ce gr\u0105 zachwycaj\u0105 si\u0119 zar\u00f3wno doro\u015bli, jak i dzieci. Dzi\u0119ki por\u0119cznemu opakowaniu gr\u0119 mo\u017cna zabra\u0107, gdziekolwiek si\u0119 zapragnie.<br \/>\nZawarto\u015b\u0107: 88 kart zada\u0144 (44 zr\u0119czno\u015bciowe, 44 umys\u0142owe), 12 kart TAK\/NIE, 1 bloczek z karteczkami, 1notatnik, 1 klepsydra.<br \/>\nGra dla 3-6 graczy w wieku 8+.<\/p>\n","protected":false},"excerpt":{"rendered":"<p>Podr\u00f3\u017cna wersja rodzinnego hitu. Zawodnicy wykazuj\u0105 si\u0119 wiedz\u0105, zr\u0119czno\u015bci\u0105 b\u0105d\u017a sprytem. Punkty mo\u017cna r\u00f3wnie\u017c zdobywa\u0107, obstawiaj\u0105c sukces lub pora\u017ck\u0119 rywali.<\/p>\n","protected":false},"featured_media":0,"template":"","meta":{"content-type":"","_monsterinsights_skip_tracking":false,"_monsterinsights_sitenote_active":false,"_monsterinsights_sitenote_note":"","_monsterinsights_sitenote_category":0},"product_brand":[],"product_cat":[1809],"product_tag":[],"brand":[],"target-group":[],"discontinued":[],"class_list":{"0":"post-162928","1":"product","2":"type-product","3":"status-publish","5":"product_cat-na-podroz-z-rodzina-gry-rodzinne","7":"first","8":"outofstock","9":"taxable","10":"shipping-taxable","11":"product-type-simple"},"aioseo_notices":[],"_links":{"self":[{"href":"https:\/\/games.tactic.net\/pl\/wp-json\/wp\/v2\/product\/162928","targetHints":{"allow":["GET"]}}],"collection":[{"href":"https:\/\/games.tactic.net\/pl\/wp-json\/wp\/v2\/product"}],"about":[{"href":"https:\/\/games.tactic.net\/pl\/wp-json\/wp\/v2\/types\/product"}],"wp:attachment":[{"href":"https:\/\/games.tactic.net\/pl\/wp-json\/wp\/v2\/media?parent=162928"}],"wp:term":[{"taxonomy":"product_brand","embeddable":true,"href":"https:\/\/games.tactic.net\/pl\/wp-json\/wp\/v2\/product_brand?post=162928"},{"taxonomy":"product_cat","embeddable":true,"href":"https:\/\/games.tactic.net\/pl\/wp-json\/wp\/v2\/product_cat?post=162928"},{"taxonomy":"product_tag","embeddable":true,"href":"https:\/\/games.tactic.net\/pl\/wp-json\/wp\/v2\/product_tag?post=162928"},{"taxonomy":"brand","embeddable":true,"href":"https:\/\/games.tactic.net\/pl\/wp-json\/wp\/v2\/brand?post=162928"},{"taxonomy":"target-group","embeddable":true,"href":"https:\/\/games.tactic.net\/pl\/wp-json\/wp\/v2\/target-group?post=162928"},{"taxonomy":"discontinued","embeddable":true,"href":"https:\/\/games.tactic.net\/pl\/wp-json\/wp\/v2\/discontinued?post=162928"}],"curies":[{"name":"wp","href":"https:\/\/api.w.org\/{rel}","templated":true}]}}