{"id":162913,"date":"2021-09-29T09:00:44","date_gmt":"2021-09-29T06:00:44","guid":{"rendered":"http:\/\/dev.tactic.net\/tuote\/alias-kobiety-vs-mezczyzni-wersja-podrozna\/"},"modified":"2023-09-27T12:27:09","modified_gmt":"2023-09-27T09:27:09","slug":"alias-kobiety-vs-mezczyzni-wersja-podrozna","status":"publish","type":"product","link":"https:\/\/games.tactic.net\/pl\/tuote\/alias-kobiety-vs-mezczyzni-wersja-podrozna\/","title":{"rendered":"Tactic Alias kobiety vs. m\u0119\u017cczy\u017ani gra podr\u00f3\u017cna"},"content":{"rendered":"<p>Wersja podr\u00f3\u017cna s\u0142ynnej gry imprezowej. W tej grze szanse na zwyci\u0119stwo rosn\u0105, je\u015bli znamy \u015bwiat p\u0142ci przeciwnej. Trafnie wyja\u015bniaj\u0105c s\u0142owa, gracze przesuwaj\u0105 swe pionki ku mecie. \u2022 Zabawna wersja klasycznej gry! \u2022 Trzeba b\u0119dzie wykorzysta\u0107 sw\u0105 wyobra\u017ani\u0119 i poczucie humoru! \u2022 Ta pomys\u0142owa gra zagwarantuje tobie i znajomym zabaw\u0119 przez d\u0142ugi czas. Zawarto\u015b\u0107: 100 kart (600 hase\u0142), o\u0142\u00f3wek, notes z plansz\u0105, o\u0142\u00f3wek, klepsydra, zasady gry. Gra przeznaczona dla 4 i wi\u0119cej graczy w wieku 15+.<\/p>\n","protected":false},"excerpt":{"rendered":"<p>Wersja podr\u00f3\u017cna s\u0142ynnej gry imprezowej. W tej grze szanse na zwyci\u0119stwo rosn\u0105, je\u015bli znamy \u015bwiat p\u0142ci przeciwnej. Trafnie wyja\u015bniaj\u0105c s\u0142owa, gracze przesuwaj\u0105 swe pionki ku mecie.<\/p>\n","protected":false},"featured_media":0,"template":"","meta":{"content-type":"","_monsterinsights_skip_tracking":false,"_monsterinsights_sitenote_active":false,"_monsterinsights_sitenote_note":"","_monsterinsights_sitenote_category":0},"product_brand":[],"product_cat":[1810],"product_tag":[1276],"brand":[{"id":601,"name":"Alias","slug":"alias_pl"}],"target-group":[],"discontinued":[],"class_list":{"0":"post-162913","1":"product","2":"type-product","3":"status-publish","5":"product_cat-18-gry-dla-doroslych","6":"product_tag-objasnianie-swiata","7":"brand-alias_pl","9":"first","10":"instock","11":"taxable","12":"shipping-taxable","13":"product-type-simple"},"aioseo_notices":[],"_links":{"self":[{"href":"https:\/\/games.tactic.net\/pl\/wp-json\/wp\/v2\/product\/162913","targetHints":{"allow":["GET"]}}],"collection":[{"href":"https:\/\/games.tactic.net\/pl\/wp-json\/wp\/v2\/product"}],"about":[{"href":"https:\/\/games.tactic.net\/pl\/wp-json\/wp\/v2\/types\/product"}],"wp:attachment":[{"href":"https:\/\/games.tactic.net\/pl\/wp-json\/wp\/v2\/media?parent=162913"}],"wp:term":[{"taxonomy":"product_brand","embeddable":true,"href":"https:\/\/games.tactic.net\/pl\/wp-json\/wp\/v2\/product_brand?post=162913"},{"taxonomy":"product_cat","embeddable":true,"href":"https:\/\/games.tactic.net\/pl\/wp-json\/wp\/v2\/product_cat?post=162913"},{"taxonomy":"product_tag","embeddable":true,"href":"https:\/\/games.tactic.net\/pl\/wp-json\/wp\/v2\/product_tag?post=162913"},{"taxonomy":"brand","embeddable":true,"href":"https:\/\/games.tactic.net\/pl\/wp-json\/wp\/v2\/brand?post=162913"},{"taxonomy":"target-group","embeddable":true,"href":"https:\/\/games.tactic.net\/pl\/wp-json\/wp\/v2\/target-group?post=162913"},{"taxonomy":"discontinued","embeddable":true,"href":"https:\/\/games.tactic.net\/pl\/wp-json\/wp\/v2\/discontinued?post=162913"}],"curies":[{"name":"wp","href":"https:\/\/api.w.org\/{rel}","templated":true}]}}