{"id":162881,"date":"2021-09-29T08:59:34","date_gmt":"2021-09-29T05:59:34","guid":{"rendered":"http:\/\/dev.tactic.net\/tuote\/alias-junior-wersja-podrozna\/"},"modified":"2022-05-17T15:57:35","modified_gmt":"2022-05-17T12:57:35","slug":"alias-junior-wersja-podrozna","status":"archive","type":"product","link":"https:\/\/games.tactic.net\/pl\/tuote\/alias-junior-wersja-podrozna\/","title":{"rendered":"Alias Junior wersja podr\u00f3\u017cna"},"content":{"rendered":"<div>Wersja podr\u00f3\u017cna s\u0142ynnej gry w odgadywanie obrazk\u00f3w. Nie ma lepszego sposobu na wzbogacenie s\u0142ownictwa dziecka ni\u017c zabawa w Junior Alias. Obrazki z has\u0142ami s\u0105 \u0142atwe do obja\u015bnienia, a przesypuj\u0105cy si\u0119 piasek w klepsydrze mobilizuje do szybkiej gry.<\/div>\n<div>\u2022 Zawiera 100 ilustrowanych kart z has\u0142ami! <\/div>\n<div>\u2022 Doskona\u0142a zabawa dla dzieci w r\u00f3\u017cnym wieku. <\/div>\n<div>\u2022 Edukacyjne walory \u2013 poszerzanie s\u0142ownictwa w bardzo zabawny spos\u00f3b.<\/div>\n<div><\/div>\n<div><\/div>\n<div>Gra jest wci\u0105gaj\u0105ca i zabawna! Zawarto\u015b\u0107: notes z planszami, 50 dwustronnych kart, o\u0142\u00f3wek, klepsydra, zasady gry. Gra przeznaczona dla 4 i wi\u0119cej os\u00f3b w wieku 5+.<\/div>\n","protected":false},"excerpt":{"rendered":"<p>Wersja podr\u00f3\u017cna s\u0142ynnej gry w odgadywanie obrazk\u00f3w.<\/p>\n","protected":false},"featured_media":0,"template":"","meta":{"content-type":"","_monsterinsights_skip_tracking":false,"_monsterinsights_sitenote_active":false,"_monsterinsights_sitenote_note":"","_monsterinsights_sitenote_category":0},"product_brand":[],"product_cat":[1813],"product_tag":[1276],"brand":[{"id":601,"name":"Alias","slug":"alias_pl"}],"target-group":[],"discontinued":[],"class_list":{"0":"post-162881","1":"product","2":"type-product","3":"status-archive","5":"product_cat-podrozne-dla-dzieci-gry-dla-dzieci","6":"product_tag-objasnianie-swiata","7":"brand-alias_pl","9":"first","10":"outofstock","11":"taxable","12":"shipping-taxable","13":"product-type-simple"},"aioseo_notices":[],"_links":{"self":[{"href":"https:\/\/games.tactic.net\/pl\/wp-json\/wp\/v2\/product\/162881","targetHints":{"allow":["GET"]}}],"collection":[{"href":"https:\/\/games.tactic.net\/pl\/wp-json\/wp\/v2\/product"}],"about":[{"href":"https:\/\/games.tactic.net\/pl\/wp-json\/wp\/v2\/types\/product"}],"wp:attachment":[{"href":"https:\/\/games.tactic.net\/pl\/wp-json\/wp\/v2\/media?parent=162881"}],"wp:term":[{"taxonomy":"product_brand","embeddable":true,"href":"https:\/\/games.tactic.net\/pl\/wp-json\/wp\/v2\/product_brand?post=162881"},{"taxonomy":"product_cat","embeddable":true,"href":"https:\/\/games.tactic.net\/pl\/wp-json\/wp\/v2\/product_cat?post=162881"},{"taxonomy":"product_tag","embeddable":true,"href":"https:\/\/games.tactic.net\/pl\/wp-json\/wp\/v2\/product_tag?post=162881"},{"taxonomy":"brand","embeddable":true,"href":"https:\/\/games.tactic.net\/pl\/wp-json\/wp\/v2\/brand?post=162881"},{"taxonomy":"target-group","embeddable":true,"href":"https:\/\/games.tactic.net\/pl\/wp-json\/wp\/v2\/target-group?post=162881"},{"taxonomy":"discontinued","embeddable":true,"href":"https:\/\/games.tactic.net\/pl\/wp-json\/wp\/v2\/discontinued?post=162881"}],"curies":[{"name":"wp","href":"https:\/\/api.w.org\/{rel}","templated":true}]}}