{"id":162863,"date":"2021-09-29T08:58:49","date_gmt":"2021-09-29T05:58:49","guid":{"rendered":"http:\/\/dev.tactic.net\/tuote\/alias-original-wersja-podrozna\/"},"modified":"2023-09-27T12:20:24","modified_gmt":"2023-09-27T09:20:24","slug":"alias-original-wersja-podrozna","status":"publish","type":"product","link":"https:\/\/games.tactic.net\/pl\/tuote\/alias-original-wersja-podrozna\/","title":{"rendered":"Tactic Alias Original gra podr\u00f3\u017cna"},"content":{"rendered":"<p>Alias, klasyczna gra w wyja\u015bnianie, jest \u015bwietnym wyzwaniem zar\u00f3wno dla do\u015bwiadczonych graczy, jak i nowicjuszy!<br \/>\nZupe\u0142nie nowa zawarto\u015b\u0107 i nowy wygl\u0105d.<br \/>\nMo\u017cesz poszerza\u0107 swoje s\u0142ownictwo.<br \/>\nPor\u0119czny podr\u00f3\u017cny format!<\/p>\n","protected":false},"excerpt":{"rendered":"<p>Alias, klasyczna gra w wyja\u015bnianie, jest \u015bwietnym wyzwaniem zar\u00f3wno dla do\u015bwiadczonych graczy, jak i nowicjuszy!<\/p>\n","protected":false},"featured_media":0,"template":"","meta":{"content-type":"","_monsterinsights_skip_tracking":false,"_monsterinsights_sitenote_active":false,"_monsterinsights_sitenote_note":"","_monsterinsights_sitenote_category":0},"product_brand":[],"product_cat":[1809],"product_tag":[1276,995],"brand":[{"id":601,"name":"Alias","slug":"alias_pl"}],"target-group":[],"discontinued":[],"class_list":{"0":"post-162863","1":"product","2":"type-product","3":"status-publish","5":"product_cat-na-podroz-z-rodzina-gry-rodzinne","6":"product_tag-objasnianie-swiata","7":"product_tag-wieloosobowe","8":"brand-alias_pl","10":"first","11":"outofstock","12":"taxable","13":"shipping-taxable","14":"product-type-simple"},"aioseo_notices":[],"_links":{"self":[{"href":"https:\/\/games.tactic.net\/pl\/wp-json\/wp\/v2\/product\/162863","targetHints":{"allow":["GET"]}}],"collection":[{"href":"https:\/\/games.tactic.net\/pl\/wp-json\/wp\/v2\/product"}],"about":[{"href":"https:\/\/games.tactic.net\/pl\/wp-json\/wp\/v2\/types\/product"}],"wp:attachment":[{"href":"https:\/\/games.tactic.net\/pl\/wp-json\/wp\/v2\/media?parent=162863"}],"wp:term":[{"taxonomy":"product_brand","embeddable":true,"href":"https:\/\/games.tactic.net\/pl\/wp-json\/wp\/v2\/product_brand?post=162863"},{"taxonomy":"product_cat","embeddable":true,"href":"https:\/\/games.tactic.net\/pl\/wp-json\/wp\/v2\/product_cat?post=162863"},{"taxonomy":"product_tag","embeddable":true,"href":"https:\/\/games.tactic.net\/pl\/wp-json\/wp\/v2\/product_tag?post=162863"},{"taxonomy":"brand","embeddable":true,"href":"https:\/\/games.tactic.net\/pl\/wp-json\/wp\/v2\/brand?post=162863"},{"taxonomy":"target-group","embeddable":true,"href":"https:\/\/games.tactic.net\/pl\/wp-json\/wp\/v2\/target-group?post=162863"},{"taxonomy":"discontinued","embeddable":true,"href":"https:\/\/games.tactic.net\/pl\/wp-json\/wp\/v2\/discontinued?post=162863"}],"curies":[{"name":"wp","href":"https:\/\/api.w.org\/{rel}","templated":true}]}}