{"id":162845,"date":"2021-09-29T08:57:54","date_gmt":"2021-09-29T05:57:54","guid":{"rendered":"http:\/\/dev.tactic.net\/tuote\/mexican-train-travel-wersja-podrozna\/"},"modified":"2023-10-06T16:40:23","modified_gmt":"2023-10-06T13:40:23","slug":"mexican-train-travel-wersja-podrozna","status":"publish","type":"product","link":"https:\/\/games.tactic.net\/pl\/tuote\/mexican-train-travel-wersja-podrozna\/","title":{"rendered":"Tactic Mexican Train gra podr\u00f3\u017cna"},"content":{"rendered":"<p>ZBUDUJ W\u0141ASNY POCI\u0104G Z DOMINA! Podr\u00f3\u017cna wersja najpopularniejszej na \u015bwiecie gry ko\u015b\u0107mi domina! \u0141atwa do nauczenia i przyjemna w rozgrywce!<br \/>\nZawarto\u015b\u0107: 91 ko\u015bci domina z numerami, 8 marker\u00f3w poci\u0105g\u00f3w, 4 zas\u0142onki na ko\u015bci, instrukcja.<br \/>\nGra dla 2 i wi\u0119cej graczy w wieku 7+.<\/p>\n","protected":false},"excerpt":{"rendered":"<p>ZBUDUJ W\u0141ASNY POCI\u0104G Z DOMINA! Podr\u00f3\u017cna wersja najpopularniejszej na \u015bwiecie gry ko\u015b\u0107mi domina! \u0141atwa do nauczenia i przyjemna w rozgrywce!<\/p>\n","protected":false},"featured_media":0,"template":"","meta":{"content-type":"","_monsterinsights_skip_tracking":false,"_monsterinsights_sitenote_active":false,"_monsterinsights_sitenote_note":"","_monsterinsights_sitenote_category":0},"product_brand":[],"product_cat":[1809,2046],"product_tag":[1234,1253],"brand":[],"target-group":[],"discontinued":[],"class_list":{"0":"post-162845","1":"product","2":"type-product","3":"status-publish","5":"product_cat-na-podroz-z-rodzina-gry-rodzinne","6":"product_cat-podrozne-dla-doroslych","7":"product_tag-laczenie-pl","8":"product_tag-umiejetnosc-pl","10":"first","11":"instock","12":"taxable","13":"shipping-taxable","14":"product-type-simple"},"aioseo_notices":[],"_links":{"self":[{"href":"https:\/\/games.tactic.net\/pl\/wp-json\/wp\/v2\/product\/162845","targetHints":{"allow":["GET"]}}],"collection":[{"href":"https:\/\/games.tactic.net\/pl\/wp-json\/wp\/v2\/product"}],"about":[{"href":"https:\/\/games.tactic.net\/pl\/wp-json\/wp\/v2\/types\/product"}],"wp:attachment":[{"href":"https:\/\/games.tactic.net\/pl\/wp-json\/wp\/v2\/media?parent=162845"}],"wp:term":[{"taxonomy":"product_brand","embeddable":true,"href":"https:\/\/games.tactic.net\/pl\/wp-json\/wp\/v2\/product_brand?post=162845"},{"taxonomy":"product_cat","embeddable":true,"href":"https:\/\/games.tactic.net\/pl\/wp-json\/wp\/v2\/product_cat?post=162845"},{"taxonomy":"product_tag","embeddable":true,"href":"https:\/\/games.tactic.net\/pl\/wp-json\/wp\/v2\/product_tag?post=162845"},{"taxonomy":"brand","embeddable":true,"href":"https:\/\/games.tactic.net\/pl\/wp-json\/wp\/v2\/brand?post=162845"},{"taxonomy":"target-group","embeddable":true,"href":"https:\/\/games.tactic.net\/pl\/wp-json\/wp\/v2\/target-group?post=162845"},{"taxonomy":"discontinued","embeddable":true,"href":"https:\/\/games.tactic.net\/pl\/wp-json\/wp\/v2\/discontinued?post=162845"}],"curies":[{"name":"wp","href":"https:\/\/api.w.org\/{rel}","templated":true}]}}