{"id":162830,"date":"2021-09-29T08:54:28","date_gmt":"2021-09-29T05:54:28","guid":{"rendered":"http:\/\/dev.tactic.net\/tuote\/rummy-travel-wersja-podrozna\/"},"modified":"2023-10-06T16:41:15","modified_gmt":"2023-10-06T13:41:15","slug":"rummy-travel-wersja-podrozna","status":"publish","type":"product","link":"https:\/\/games.tactic.net\/pl\/tuote\/rummy-travel-wersja-podrozna\/","title":{"rendered":"Tactic Rummy gra podr\u00f3\u017cna"},"content":{"rendered":"<p>JEDNA Z NAJS\u0141YNNIEJSZYCH GIER W KO\u015aCI. Gracze tworz\u0105 kombinacje kostek, dopasowuj\u0105c je do uk\u0142adu na stole. Wygrywa osoba, kt\u00f3ra jako pierwsza wy\u0142o\u017cy wszystkie swoje kostki. \u2022 Wyzwala kreatywno\u015b\u0107, a przy tym daje mn\u00f3stwo rado\u015bci.<br \/>\nZawarto\u015b\u0107: 104 \u017cetony, 4 jokery, 4 zas\u0142onki na karty, instrukcja.<br \/>\nGra dla 2-4 graczy w wieku 10+.<\/p>\n","protected":false},"excerpt":{"rendered":"<p>Gracze tworz\u0105 kombinacje kostek, dopasowuj\u0105c je do ukladu na stole. Wygrywa osoba, kt\u00f3ra jako pierwsza wylo\u017cy wszystkie swoje kostki.<\/p>\n","protected":false},"featured_media":0,"template":"","meta":{"content-type":"","_monsterinsights_skip_tracking":false,"_monsterinsights_sitenote_active":false,"_monsterinsights_sitenote_note":"","_monsterinsights_sitenote_category":0},"product_brand":[],"product_cat":[1809,2046],"product_tag":[1234,1247],"brand":[],"target-group":[],"discontinued":[],"class_list":{"0":"post-162830","1":"product","2":"type-product","3":"status-publish","5":"product_cat-na-podroz-z-rodzina-gry-rodzinne","6":"product_cat-podrozne-dla-doroslych","7":"product_tag-laczenie-pl","8":"product_tag-strategia-pl","10":"first","11":"instock","12":"taxable","13":"shipping-taxable","14":"product-type-simple"},"aioseo_notices":[],"_links":{"self":[{"href":"https:\/\/games.tactic.net\/pl\/wp-json\/wp\/v2\/product\/162830","targetHints":{"allow":["GET"]}}],"collection":[{"href":"https:\/\/games.tactic.net\/pl\/wp-json\/wp\/v2\/product"}],"about":[{"href":"https:\/\/games.tactic.net\/pl\/wp-json\/wp\/v2\/types\/product"}],"wp:attachment":[{"href":"https:\/\/games.tactic.net\/pl\/wp-json\/wp\/v2\/media?parent=162830"}],"wp:term":[{"taxonomy":"product_brand","embeddable":true,"href":"https:\/\/games.tactic.net\/pl\/wp-json\/wp\/v2\/product_brand?post=162830"},{"taxonomy":"product_cat","embeddable":true,"href":"https:\/\/games.tactic.net\/pl\/wp-json\/wp\/v2\/product_cat?post=162830"},{"taxonomy":"product_tag","embeddable":true,"href":"https:\/\/games.tactic.net\/pl\/wp-json\/wp\/v2\/product_tag?post=162830"},{"taxonomy":"brand","embeddable":true,"href":"https:\/\/games.tactic.net\/pl\/wp-json\/wp\/v2\/brand?post=162830"},{"taxonomy":"target-group","embeddable":true,"href":"https:\/\/games.tactic.net\/pl\/wp-json\/wp\/v2\/target-group?post=162830"},{"taxonomy":"discontinued","embeddable":true,"href":"https:\/\/games.tactic.net\/pl\/wp-json\/wp\/v2\/discontinued?post=162830"}],"curies":[{"name":"wp","href":"https:\/\/api.w.org\/{rel}","templated":true}]}}