{"id":162801,"date":"2021-09-29T08:53:52","date_gmt":"2021-09-29T05:53:52","guid":{"rendered":"http:\/\/dev.tactic.net\/tuote\/party-alias-travel\/"},"modified":"2023-09-27T12:22:18","modified_gmt":"2023-09-27T09:22:18","slug":"party-alias-travel","status":"publish","type":"product","link":"https:\/\/games.tactic.net\/pl\/tuote\/party-alias-travel\/","title":{"rendered":"Tactic Alias Party Travel gra podr\u00f3\u017cna"},"content":{"rendered":"<p>Party Alias Travel<br \/>\nWERSJA PODR\u00d3\u017bNA S\u0141YNNEJ GRY IMPREZOWEJ.<br \/>\nObja\u015bniaj has\u0142a \u201einaczej m\u00f3wi\u0105c\u201d ale zmieniaj spos\u00f3b<br \/>\nt\u0142umaczenia za ka\u017cdym razem, gdy pionek odwiedzi<br \/>\npole specjalne. Zagraj w dowolnym miejscu.<br \/>\n\u2022 Zawarto\u015b\u0107 jest kompaktowa i wygodna.<br \/>\n\u2022 Wygodny bloczek plansz pozwala zagra\u0107 wiele razy.<br \/>\n\u2022 Specjalne karty powoduj\u0105 \u017ce \u017cadna<br \/>\npartia nie b\u0119dzie taka sama.<br \/>\nGra podr\u00f3\u017cna dla 4+ graczy w wieku 13+<\/p>\n","protected":false},"excerpt":{"rendered":"<p>WERSJA PODR\u00d3\u017bNA S\u0141YNNEJ GRY IMPREZOWEJ. Obja\u015bniaj has\u0142a \u201einaczej m\u00f3wi\u0105c\u201d ale zmieniaj spos\u00f3b t\u0142umaczenia za ka\u017cdym razem, gdy pionek odwiedzi pole specjalne. Zagraj w dowolnym miejscu.<\/p>\n","protected":false},"featured_media":0,"template":"","meta":{"content-type":"","_monsterinsights_skip_tracking":false,"_monsterinsights_sitenote_active":false,"_monsterinsights_sitenote_note":"","_monsterinsights_sitenote_category":0},"product_brand":[],"product_cat":[1809],"product_tag":[1276,995],"brand":[{"id":601,"name":"Alias","slug":"alias_pl"}],"target-group":[],"discontinued":[],"class_list":{"0":"post-162801","1":"product","2":"type-product","3":"status-publish","5":"product_cat-na-podroz-z-rodzina-gry-rodzinne","6":"product_tag-objasnianie-swiata","7":"product_tag-wieloosobowe","8":"brand-alias_pl","10":"first","11":"instock","12":"taxable","13":"shipping-taxable","14":"product-type-simple"},"aioseo_notices":[],"_links":{"self":[{"href":"https:\/\/games.tactic.net\/pl\/wp-json\/wp\/v2\/product\/162801","targetHints":{"allow":["GET"]}}],"collection":[{"href":"https:\/\/games.tactic.net\/pl\/wp-json\/wp\/v2\/product"}],"about":[{"href":"https:\/\/games.tactic.net\/pl\/wp-json\/wp\/v2\/types\/product"}],"wp:attachment":[{"href":"https:\/\/games.tactic.net\/pl\/wp-json\/wp\/v2\/media?parent=162801"}],"wp:term":[{"taxonomy":"product_brand","embeddable":true,"href":"https:\/\/games.tactic.net\/pl\/wp-json\/wp\/v2\/product_brand?post=162801"},{"taxonomy":"product_cat","embeddable":true,"href":"https:\/\/games.tactic.net\/pl\/wp-json\/wp\/v2\/product_cat?post=162801"},{"taxonomy":"product_tag","embeddable":true,"href":"https:\/\/games.tactic.net\/pl\/wp-json\/wp\/v2\/product_tag?post=162801"},{"taxonomy":"brand","embeddable":true,"href":"https:\/\/games.tactic.net\/pl\/wp-json\/wp\/v2\/brand?post=162801"},{"taxonomy":"target-group","embeddable":true,"href":"https:\/\/games.tactic.net\/pl\/wp-json\/wp\/v2\/target-group?post=162801"},{"taxonomy":"discontinued","embeddable":true,"href":"https:\/\/games.tactic.net\/pl\/wp-json\/wp\/v2\/discontinued?post=162801"}],"curies":[{"name":"wp","href":"https:\/\/api.w.org\/{rel}","templated":true}]}}