{"id":162712,"date":"2021-09-29T08:52:00","date_gmt":"2021-09-29T05:52:00","guid":{"rendered":"http:\/\/dev.tactic.net\/tuote\/fruits-numbers-lotto\/"},"modified":"2023-10-25T14:22:33","modified_gmt":"2023-10-25T11:22:33","slug":"fruits-numbers-lotto","status":"publish","type":"product","link":"https:\/\/games.tactic.net\/pl\/tuote\/fruits-numbers-lotto\/","title":{"rendered":"Tactic Owoce i liczby Lotto"},"content":{"rendered":"<p>ROZPOZNAWAJ OWOCE I UCZ SI\u0118 LITEREK. Po odwr\u00f3ceniu kart nale\u017cy je odszuka\u0107 na swej tablicy Lotto. Wygrywa pierwszy gracz, kt\u00f3ry j\u0105 zape\u0142ni. Zawarto\u015b\u0107: 4 plansze, 36 kart i instrukcja. Gra dla 2-4 graczy w wieku 3 lata i wi\u0119cej.<\/p>\n","protected":false},"excerpt":{"rendered":"<p>Wybierz kart\u0119 i znajd\u017a na swej planszy Lotto odpowiadaj\u0105cy jej obrazek. Liczy si\u0119 szybko\u015b\u0107 \u2013 inni tak\u017ce maj\u0105 na to chrapk\u0119! Wygrywa osoba, kt\u00f3ra jako pierwsza zape\u0142ni sw\u0105 plansz\u0119.<\/p>\n","protected":false},"featured_media":0,"template":"","meta":{"content-type":"","_monsterinsights_skip_tracking":false,"_monsterinsights_sitenote_active":false,"_monsterinsights_sitenote_note":"","_monsterinsights_sitenote_category":0},"product_brand":[],"product_cat":[1780],"product_tag":[1234],"brand":[],"target-group":[],"discontinued":[],"class_list":{"0":"post-162712","1":"product","2":"type-product","3":"status-publish","5":"product_cat-gry-pamieciowe","6":"product_tag-laczenie-pl","8":"first","9":"instock","10":"taxable","11":"shipping-taxable","12":"product-type-simple"},"aioseo_notices":[],"_links":{"self":[{"href":"https:\/\/games.tactic.net\/pl\/wp-json\/wp\/v2\/product\/162712","targetHints":{"allow":["GET"]}}],"collection":[{"href":"https:\/\/games.tactic.net\/pl\/wp-json\/wp\/v2\/product"}],"about":[{"href":"https:\/\/games.tactic.net\/pl\/wp-json\/wp\/v2\/types\/product"}],"wp:attachment":[{"href":"https:\/\/games.tactic.net\/pl\/wp-json\/wp\/v2\/media?parent=162712"}],"wp:term":[{"taxonomy":"product_brand","embeddable":true,"href":"https:\/\/games.tactic.net\/pl\/wp-json\/wp\/v2\/product_brand?post=162712"},{"taxonomy":"product_cat","embeddable":true,"href":"https:\/\/games.tactic.net\/pl\/wp-json\/wp\/v2\/product_cat?post=162712"},{"taxonomy":"product_tag","embeddable":true,"href":"https:\/\/games.tactic.net\/pl\/wp-json\/wp\/v2\/product_tag?post=162712"},{"taxonomy":"brand","embeddable":true,"href":"https:\/\/games.tactic.net\/pl\/wp-json\/wp\/v2\/brand?post=162712"},{"taxonomy":"target-group","embeddable":true,"href":"https:\/\/games.tactic.net\/pl\/wp-json\/wp\/v2\/target-group?post=162712"},{"taxonomy":"discontinued","embeddable":true,"href":"https:\/\/games.tactic.net\/pl\/wp-json\/wp\/v2\/discontinued?post=162712"}],"curies":[{"name":"wp","href":"https:\/\/api.w.org\/{rel}","templated":true}]}}