{"id":162683,"date":"2021-09-29T08:51:21","date_gmt":"2021-09-29T05:51:21","guid":{"rendered":"http:\/\/dev.tactic.net\/tuote\/lotto-obrazkowe\/"},"modified":"2023-10-25T13:51:27","modified_gmt":"2023-10-25T10:51:27","slug":"lotto-obrazkowe","status":"publish","type":"product","link":"https:\/\/games.tactic.net\/pl\/tuote\/lotto-obrazkowe\/","title":{"rendered":"Tactic Obrazkowe Lotto"},"content":{"rendered":"<p>WSPANIA\u0141A LOTERYJKA Z OBRAZKAMI. Gracze poszukuj\u0105 obrazk\u00f3w z kart na swej planszy Lotto. Wygrywa osoba, kt\u00f3ra jako pierwsza u\u0142o\u017cy swoje obrazki. Mo\u017ce gra\u0107 nawet 12 os\u00f3b! Nie wymaga skomplikowanych przygotowa\u0144. Odpowiednia tak\u017ce dla najm\u0142odszych. Zawarto\u015b\u0107 12 plansz, 108 kart, instrukcja. Dla 2-12 graczy w wieku 3 lat i wi\u0119cej.<\/p>\n","protected":false},"excerpt":{"rendered":"<p>Gracze poszukuj\u0105 obrazk\u00f3w z kart na swej planszy Lotto. Wygrywa pierwszy zawodnik, kt\u00f3ry zape\u0142ni swoj\u0105 plansz\u0119.<\/p>\n","protected":false},"featured_media":0,"template":"","meta":{"content-type":"","_monsterinsights_skip_tracking":false,"_monsterinsights_sitenote_active":false,"_monsterinsights_sitenote_note":"","_monsterinsights_sitenote_category":0},"product_brand":[],"product_cat":[1780],"product_tag":[1234],"brand":[],"target-group":[],"discontinued":[],"class_list":{"0":"post-162683","1":"product","2":"type-product","3":"status-publish","5":"product_cat-gry-pamieciowe","6":"product_tag-laczenie-pl","8":"first","9":"instock","10":"taxable","11":"shipping-taxable","12":"product-type-simple"},"aioseo_notices":[],"_links":{"self":[{"href":"https:\/\/games.tactic.net\/pl\/wp-json\/wp\/v2\/product\/162683","targetHints":{"allow":["GET"]}}],"collection":[{"href":"https:\/\/games.tactic.net\/pl\/wp-json\/wp\/v2\/product"}],"about":[{"href":"https:\/\/games.tactic.net\/pl\/wp-json\/wp\/v2\/types\/product"}],"wp:attachment":[{"href":"https:\/\/games.tactic.net\/pl\/wp-json\/wp\/v2\/media?parent=162683"}],"wp:term":[{"taxonomy":"product_brand","embeddable":true,"href":"https:\/\/games.tactic.net\/pl\/wp-json\/wp\/v2\/product_brand?post=162683"},{"taxonomy":"product_cat","embeddable":true,"href":"https:\/\/games.tactic.net\/pl\/wp-json\/wp\/v2\/product_cat?post=162683"},{"taxonomy":"product_tag","embeddable":true,"href":"https:\/\/games.tactic.net\/pl\/wp-json\/wp\/v2\/product_tag?post=162683"},{"taxonomy":"brand","embeddable":true,"href":"https:\/\/games.tactic.net\/pl\/wp-json\/wp\/v2\/brand?post=162683"},{"taxonomy":"target-group","embeddable":true,"href":"https:\/\/games.tactic.net\/pl\/wp-json\/wp\/v2\/target-group?post=162683"},{"taxonomy":"discontinued","embeddable":true,"href":"https:\/\/games.tactic.net\/pl\/wp-json\/wp\/v2\/discontinued?post=162683"}],"curies":[{"name":"wp","href":"https:\/\/api.w.org\/{rel}","templated":true}]}}