{"id":162609,"date":"2021-09-29T08:50:09","date_gmt":"2021-09-29T05:50:09","guid":{"rendered":"http:\/\/dev.tactic.net\/tuote\/gra-planszowa-lotto-dzungla\/"},"modified":"2023-10-25T13:35:40","modified_gmt":"2023-10-25T10:35:40","slug":"gra-planszowa-lotto-dzungla","status":"publish","type":"product","link":"https:\/\/games.tactic.net\/pl\/tuote\/gra-planszowa-lotto-dzungla\/","title":{"rendered":"Tactic D\u017cungla Lotto"},"content":{"rendered":"<p>Witajcie w d\u017cungli! Jungle Lotto to klasyczna gra dla najm\u0142odszych! Gracze staraj\u0105 si\u0119 znale\u017a\u0107 9 pasuj\u0105cych p\u0142ytek pasuj\u0105cych do obrazk\u00f3w na ich planszach. Pierwszy gracz z zape\u0142nion\u0105 plansz\u0105 wygrywa!<br \/>\n\u2022 Kolorowe kafelki z ilustracjami dzikich zwierz\u0105t!<br \/>\nZawarto\u015b\u0107: 4 plansze z obrazkami, 36 p\u0142ytek.<br \/>\nGra dla 2-4 os\u00f3b w wieku 3+.<\/p>\n","protected":false},"excerpt":{"rendered":"<p>Witajcie w d\u017cungli! Jungle Lotto to klasyczna gra dla najm\u0142odszych! Gracze staraj\u0105 si\u0119 znale\u017a\u0107 9 pasuj\u0105cych p\u0142ytek pasuj\u0105cych do obrazk\u00f3w na ich planszach. Pierwszy gracz z zape\u0142nion\u0105 plansz\u0105 wygrywa!<\/p>\n","protected":false},"featured_media":0,"template":"","meta":{"content-type":"","_monsterinsights_skip_tracking":false,"_monsterinsights_sitenote_active":false,"_monsterinsights_sitenote_note":"","_monsterinsights_sitenote_category":0},"product_brand":[],"product_cat":[1780],"product_tag":[1234],"brand":[],"target-group":[],"discontinued":[],"class_list":{"0":"post-162609","1":"product","2":"type-product","3":"status-publish","5":"product_cat-gry-pamieciowe","6":"product_tag-laczenie-pl","8":"first","9":"instock","10":"taxable","11":"shipping-taxable","12":"product-type-simple"},"aioseo_notices":[],"_links":{"self":[{"href":"https:\/\/games.tactic.net\/pl\/wp-json\/wp\/v2\/product\/162609","targetHints":{"allow":["GET"]}}],"collection":[{"href":"https:\/\/games.tactic.net\/pl\/wp-json\/wp\/v2\/product"}],"about":[{"href":"https:\/\/games.tactic.net\/pl\/wp-json\/wp\/v2\/types\/product"}],"wp:attachment":[{"href":"https:\/\/games.tactic.net\/pl\/wp-json\/wp\/v2\/media?parent=162609"}],"wp:term":[{"taxonomy":"product_brand","embeddable":true,"href":"https:\/\/games.tactic.net\/pl\/wp-json\/wp\/v2\/product_brand?post=162609"},{"taxonomy":"product_cat","embeddable":true,"href":"https:\/\/games.tactic.net\/pl\/wp-json\/wp\/v2\/product_cat?post=162609"},{"taxonomy":"product_tag","embeddable":true,"href":"https:\/\/games.tactic.net\/pl\/wp-json\/wp\/v2\/product_tag?post=162609"},{"taxonomy":"brand","embeddable":true,"href":"https:\/\/games.tactic.net\/pl\/wp-json\/wp\/v2\/brand?post=162609"},{"taxonomy":"target-group","embeddable":true,"href":"https:\/\/games.tactic.net\/pl\/wp-json\/wp\/v2\/target-group?post=162609"},{"taxonomy":"discontinued","embeddable":true,"href":"https:\/\/games.tactic.net\/pl\/wp-json\/wp\/v2\/discontinued?post=162609"}],"curies":[{"name":"wp","href":"https:\/\/api.w.org\/{rel}","templated":true}]}}