{"id":162594,"date":"2021-09-29T08:49:22","date_gmt":"2021-09-29T05:49:22","guid":{"rendered":"http:\/\/dev.tactic.net\/tuote\/nasza-druzyna\/"},"modified":"2023-04-27T15:12:17","modified_gmt":"2023-04-27T12:12:17","slug":"nasza-druzyna","status":"archive","type":"product","link":"https:\/\/games.tactic.net\/pl\/tuote\/nasza-druzyna\/","title":{"rendered":"PZPN Nasza Jedenastka"},"content":{"rendered":"<p>Zbierzcie swoj\u0105 jedenastk\u0119 przed pierwszym<br \/>\ngwizdkiem. Odkryjcie kafelki i sprawd\u017acie jakich<br \/>\nzawodnik\u00f3w i zawodniczki znale\u017ali\u015bcie! Dru\u017cyna<br \/>\nmusi mie\u0107 dobrych graczy na ka\u017cdej pozycji, nie<br \/>\nzapomnijcie o kapitanie. Wygrywa pierwsza<br \/>\nosoba, kt\u00f3ra zbierze ca\u0142\u0105 dru\u017cyn\u0119!<\/p>\n","protected":false},"excerpt":{"rendered":"<p>Zbierzcie swoj\u0105 jedenastk\u0119 przed pierwszym<br \/>\ngwizdkiem. Odkryjcie kafelki i sprawd\u017acie jakich<br \/>\nzawodnik\u00f3w i zawodniczki znale\u017ali\u015bcie! Dru\u017cyna<br \/>\nmusi mie\u0107 dobrych graczy na ka\u017cdej pozycji, nie<br \/>\nzapomnijcie o kapitanie. Wygrywa pierwsza<br \/>\nosoba, kt\u00f3ra zbierze ca\u0142\u0105 dru\u017cyn\u0119!<\/p>\n","protected":false},"featured_media":0,"template":"","meta":{"content-type":"","_monsterinsights_skip_tracking":false,"_monsterinsights_sitenote_active":false,"_monsterinsights_sitenote_note":"","_monsterinsights_sitenote_category":0},"product_brand":[],"product_cat":[349],"product_tag":[995],"brand":[],"target-group":[],"discontinued":[],"class_list":{"0":"post-162594","1":"product","2":"type-product","3":"status-archive","5":"product_cat-gry-rodzinne","6":"product_tag-wieloosobowe","8":"first","9":"outofstock","10":"taxable","11":"shipping-taxable","12":"product-type-simple"},"aioseo_notices":[],"_links":{"self":[{"href":"https:\/\/games.tactic.net\/pl\/wp-json\/wp\/v2\/product\/162594","targetHints":{"allow":["GET"]}}],"collection":[{"href":"https:\/\/games.tactic.net\/pl\/wp-json\/wp\/v2\/product"}],"about":[{"href":"https:\/\/games.tactic.net\/pl\/wp-json\/wp\/v2\/types\/product"}],"wp:attachment":[{"href":"https:\/\/games.tactic.net\/pl\/wp-json\/wp\/v2\/media?parent=162594"}],"wp:term":[{"taxonomy":"product_brand","embeddable":true,"href":"https:\/\/games.tactic.net\/pl\/wp-json\/wp\/v2\/product_brand?post=162594"},{"taxonomy":"product_cat","embeddable":true,"href":"https:\/\/games.tactic.net\/pl\/wp-json\/wp\/v2\/product_cat?post=162594"},{"taxonomy":"product_tag","embeddable":true,"href":"https:\/\/games.tactic.net\/pl\/wp-json\/wp\/v2\/product_tag?post=162594"},{"taxonomy":"brand","embeddable":true,"href":"https:\/\/games.tactic.net\/pl\/wp-json\/wp\/v2\/brand?post=162594"},{"taxonomy":"target-group","embeddable":true,"href":"https:\/\/games.tactic.net\/pl\/wp-json\/wp\/v2\/target-group?post=162594"},{"taxonomy":"discontinued","embeddable":true,"href":"https:\/\/games.tactic.net\/pl\/wp-json\/wp\/v2\/discontinued?post=162594"}],"curies":[{"name":"wp","href":"https:\/\/api.w.org\/{rel}","templated":true}]}}