{"id":162541,"date":"2021-09-29T08:38:07","date_gmt":"2021-09-29T05:38:07","guid":{"rendered":"http:\/\/dev.tactic.net\/tuote\/najlepsze-zarciki-zestaw-21-psikusow\/"},"modified":"2023-10-17T16:36:39","modified_gmt":"2023-10-17T13:36:39","slug":"najlepsze-zarciki-zestaw-21-psikusow","status":"publish","type":"product","link":"https:\/\/games.tactic.net\/pl\/tuote\/najlepsze-zarciki-zestaw-21-psikusow\/","title":{"rendered":"Tactic Najlepsze \u017carciki (Zestaw 21 psikus\u00f3w)"},"content":{"rendered":"<p>Jeste\u015b mistrzem w robieniu \u017cart\u00f3w? To pude\u0142ko zawiera 21 weso\u0142ych kawa\u0142\u00f3w do zrobienia znajomym. Zaskocz rodzin\u0119, przyjaci\u00f3\u0142 i\u2026 przygotuj si\u0119 na zrywanie bok\u00f3w ze \u015bmiechu! *** UWAGA ! *** Szanowni Pa\u0144stwo, Wszystkich Klient\u00f3w, kt\u00f3rzy zakupili powy\u017cszy produkt, prosimy o niezw\u0142oczny kontakt telefoniczny (723 735 774) lub e-mailowy (biuro@tactic.net) z powodu mo\u017cliwego przekroczenia normy EN71-9 w zakresie wska\u017anika PH w jednym z element\u00f3w zestawu. Ka\u017cdy Klient mo\u017ce zwr\u00f3ci\u0107 zakupiony zestaw; towar zostanie odebrany na nasz koszt i zostanie Pa\u0144stwu zwr\u00f3cona kwota zakupu. Szczeg\u00f3\u0142owe informacje: https:\/\/ec.europa.eu\/safety-gate-alerts\/screen\/webReport\/alertDetail\/10006865?lang=en<\/p>\n","protected":false},"excerpt":{"rendered":"<p>Jeste\u015b mistrzem w robieniu \u017cart\u00f3w? To pude\u0142ko zawiera 21 weso\u0142ych kawa\u0142\u00f3w do zrobienia znajomym. Zaskocz rodzin\u0119, przyjaci\u00f3\u0142 i\u2026 przygotuj si\u0119 na zrywanie bok\u00f3w ze \u015bmiechu!<\/p>\n","protected":false},"featured_media":0,"template":"","meta":{"content-type":"","_monsterinsights_skip_tracking":false,"_monsterinsights_sitenote_active":false,"_monsterinsights_sitenote_note":"","_monsterinsights_sitenote_category":0},"product_brand":[],"product_cat":[1704],"product_tag":[991],"brand":[],"target-group":[],"discontinued":[],"class_list":{"0":"post-162541","1":"product","2":"type-product","3":"status-publish","5":"product_cat-zestawy-sztuczek-i-zarcikow","6":"product_tag-zabawa","8":"first","9":"instock","10":"taxable","11":"shipping-taxable","12":"product-type-simple"},"aioseo_notices":[],"_links":{"self":[{"href":"https:\/\/games.tactic.net\/pl\/wp-json\/wp\/v2\/product\/162541","targetHints":{"allow":["GET"]}}],"collection":[{"href":"https:\/\/games.tactic.net\/pl\/wp-json\/wp\/v2\/product"}],"about":[{"href":"https:\/\/games.tactic.net\/pl\/wp-json\/wp\/v2\/types\/product"}],"wp:attachment":[{"href":"https:\/\/games.tactic.net\/pl\/wp-json\/wp\/v2\/media?parent=162541"}],"wp:term":[{"taxonomy":"product_brand","embeddable":true,"href":"https:\/\/games.tactic.net\/pl\/wp-json\/wp\/v2\/product_brand?post=162541"},{"taxonomy":"product_cat","embeddable":true,"href":"https:\/\/games.tactic.net\/pl\/wp-json\/wp\/v2\/product_cat?post=162541"},{"taxonomy":"product_tag","embeddable":true,"href":"https:\/\/games.tactic.net\/pl\/wp-json\/wp\/v2\/product_tag?post=162541"},{"taxonomy":"brand","embeddable":true,"href":"https:\/\/games.tactic.net\/pl\/wp-json\/wp\/v2\/brand?post=162541"},{"taxonomy":"target-group","embeddable":true,"href":"https:\/\/games.tactic.net\/pl\/wp-json\/wp\/v2\/target-group?post=162541"},{"taxonomy":"discontinued","embeddable":true,"href":"https:\/\/games.tactic.net\/pl\/wp-json\/wp\/v2\/discontinued?post=162541"}],"curies":[{"name":"wp","href":"https:\/\/api.w.org\/{rel}","templated":true}]}}