{"id":162526,"date":"2021-09-29T08:37:09","date_gmt":"2021-09-29T05:37:09","guid":{"rendered":"http:\/\/dev.tactic.net\/tuote\/top-magic-xxl-magic-box\/"},"modified":"2023-10-25T14:02:48","modified_gmt":"2023-10-25T11:02:48","slug":"top-magic-xxl-magic-box","status":"publish","type":"product","link":"https:\/\/games.tactic.net\/pl\/tuote\/top-magic-xxl-magic-box\/","title":{"rendered":"Tactic Top Magic XXL Magic Box"},"content":{"rendered":"<p>ZOSTA\u0143 WIELKIM ILUZJONIST\u0104! Du\u017ce pude\u0142ko pe\u0142ne sztuczek. Karty, kulki, kr\u00f3liki, sznur, kubek i wiele innych \u201emagicznych\u201d akcesori\u00f3w. Do tego opis wykonania ponad 50 trik\u00f3w o r\u00f3\u017cnym stopniu trudno\u015bci. Idealny prezent dla stawiaj\u0105cych swe pierwsze kroki w \u015bwiecie iluzji. Zawarto\u015b\u0107 pude\u0142ka: 3 plastikowe kubki, 4 \u017c\u00f3\u0142te kulki, 2 pude\u0142ka z przykrywkami, 1 kostka, 1 lizak, 2 du\u017ce kr\u00f3liki, 4 ma\u0142e kr\u00f3liki, 1 przykrywka pude\u0142ka z 8 otworami, 1 podstawa pude\u0142ka z 8 otworami, 1 plastikowy kr\u0105\u017cek, 8 plastikowych gwo\u017adzi, 1 indyjska waza, 1 sznurek, 1 talia magicznych kart, 1 sztuczny kciuk, 1 t\u0119czowa wst\u0105\u017cka, 1 magiczna r\u00f3\u017cd\u017cka, ksi\u0105\u017ceczka z opisem trik\u00f3w.<\/p>\n","protected":false},"excerpt":{"rendered":"<p>ZOSTA\u0143 WIELKIM ILUZJONIST\u0104! Du\u017ce pude\u0142ko pe\u0142ne sztuczek. Karty, kulki, kr\u00f3liki, sznur, kubek i wiele innych \u201emagicznych\u201d akcesori\u00f3w. Do tego opis wykonania ponad 50 trik\u00f3w o r\u00f3\u017cnym stopniu trudno\u015bci. Idealny prezent dla stawiaj\u0105cych swe pierwsze kroki w \u015bwiecie iluzji.<\/p>\n","protected":false},"featured_media":0,"template":"","meta":{"content-type":"","_monsterinsights_skip_tracking":false,"_monsterinsights_sitenote_active":false,"_monsterinsights_sitenote_note":"","_monsterinsights_sitenote_category":0},"product_brand":[],"product_cat":[1704],"product_tag":[],"brand":[],"target-group":[],"discontinued":[],"class_list":{"0":"post-162526","1":"product","2":"type-product","3":"status-publish","5":"product_cat-zestawy-sztuczek-i-zarcikow","7":"first","8":"instock","9":"taxable","10":"shipping-taxable","11":"product-type-simple"},"aioseo_notices":[],"_links":{"self":[{"href":"https:\/\/games.tactic.net\/pl\/wp-json\/wp\/v2\/product\/162526","targetHints":{"allow":["GET"]}}],"collection":[{"href":"https:\/\/games.tactic.net\/pl\/wp-json\/wp\/v2\/product"}],"about":[{"href":"https:\/\/games.tactic.net\/pl\/wp-json\/wp\/v2\/types\/product"}],"wp:attachment":[{"href":"https:\/\/games.tactic.net\/pl\/wp-json\/wp\/v2\/media?parent=162526"}],"wp:term":[{"taxonomy":"product_brand","embeddable":true,"href":"https:\/\/games.tactic.net\/pl\/wp-json\/wp\/v2\/product_brand?post=162526"},{"taxonomy":"product_cat","embeddable":true,"href":"https:\/\/games.tactic.net\/pl\/wp-json\/wp\/v2\/product_cat?post=162526"},{"taxonomy":"product_tag","embeddable":true,"href":"https:\/\/games.tactic.net\/pl\/wp-json\/wp\/v2\/product_tag?post=162526"},{"taxonomy":"brand","embeddable":true,"href":"https:\/\/games.tactic.net\/pl\/wp-json\/wp\/v2\/brand?post=162526"},{"taxonomy":"target-group","embeddable":true,"href":"https:\/\/games.tactic.net\/pl\/wp-json\/wp\/v2\/target-group?post=162526"},{"taxonomy":"discontinued","embeddable":true,"href":"https:\/\/games.tactic.net\/pl\/wp-json\/wp\/v2\/discontinued?post=162526"}],"curies":[{"name":"wp","href":"https:\/\/api.w.org\/{rel}","templated":true}]}}