{"id":162482,"date":"2021-09-29T08:32:15","date_gmt":"2021-09-29T05:32:15","guid":{"rendered":"http:\/\/dev.tactic.net\/tuote\/poker-pro-200-zetonow-w-aluminiowej-walizce\/"},"modified":"2023-10-20T13:20:47","modified_gmt":"2023-10-20T10:20:47","slug":"poker-pro-200-zetonow-w-aluminiowej-walizce","status":"publish","type":"product","link":"https:\/\/games.tactic.net\/pl\/tuote\/poker-pro-200-zetonow-w-aluminiowej-walizce\/","title":{"rendered":"Tactic Poker Pro 200 \u017ceton\u00f3w (w aluminiowej walizce)"},"content":{"rendered":"<p>Zestaw 200 profesjonalnych, glinianych \u017ceton\u00f3w w aluminiowej walizeczce. Zestaw zawiera: 200 \u017ceton\u00f3w w r\u00f3\u017cnych kolorach, dwie talie do gry (jako\u015b\u0107 kasynowa), podajnik do \u017ceton\u00f3w, \u017ceton rozdaj\u0105cego, \u017ceton ma\u0142a ciemna, \u017ceton du\u017ca ciemna, zasady gry. Instrukcja gry w j\u0119zyku polskim dost\u0119pna na stronie internetowej www.tactic.net OSTRZE\u017bENIE: Produkt przeznaczony dla os\u00f3b pe\u0142noletnich. OSTRZE\u017bENIE: Zestaw nie przeznaczony do gry z u\u017cyciem pieni\u0119dzy. Zgodnie z ustaw\u0105 o grach hazardowych z dnia 19 listopada 2009 r. takie gry mog\u0105 si\u0119 odbywa\u0107 wy\u0142\u0105cznie w kasynach.<\/p>\n","protected":false},"excerpt":{"rendered":"<p>Zestaw 200 profesjonalnych, glinianych \u017ceton\u00f3w w aluminiowej walizeczce. Zestaw zawiera: 200 \u017ceton\u00f3w w r\u00f3\u017cnych kolorach, dwie talie do gry (jako\u015b\u0107 kasynowa), podajnik do \u017ceton\u00f3w, \u017ceton rozdaj\u0105cego, \u017ceton ma\u0142a ciemna, \u017ceton du\u017ca ciemna, zasady gry<\/p>\n","protected":false},"featured_media":0,"template":"","meta":{"content-type":"","_monsterinsights_skip_tracking":false,"_monsterinsights_sitenote_active":false,"_monsterinsights_sitenote_note":"","_monsterinsights_sitenote_category":0},"product_brand":[],"product_cat":[1812],"product_tag":[376,1247,1253],"brand":[],"target-group":[],"discontinued":[],"class_list":{"0":"post-162482","1":"product","2":"type-product","3":"status-publish","5":"product_cat-poker-inne-gry","6":"product_tag-obliczenie","7":"product_tag-strategia-pl","8":"product_tag-umiejetnosc-pl","10":"first","11":"instock","12":"taxable","13":"shipping-taxable","14":"product-type-simple"},"aioseo_notices":[],"_links":{"self":[{"href":"https:\/\/games.tactic.net\/pl\/wp-json\/wp\/v2\/product\/162482","targetHints":{"allow":["GET"]}}],"collection":[{"href":"https:\/\/games.tactic.net\/pl\/wp-json\/wp\/v2\/product"}],"about":[{"href":"https:\/\/games.tactic.net\/pl\/wp-json\/wp\/v2\/types\/product"}],"wp:attachment":[{"href":"https:\/\/games.tactic.net\/pl\/wp-json\/wp\/v2\/media?parent=162482"}],"wp:term":[{"taxonomy":"product_brand","embeddable":true,"href":"https:\/\/games.tactic.net\/pl\/wp-json\/wp\/v2\/product_brand?post=162482"},{"taxonomy":"product_cat","embeddable":true,"href":"https:\/\/games.tactic.net\/pl\/wp-json\/wp\/v2\/product_cat?post=162482"},{"taxonomy":"product_tag","embeddable":true,"href":"https:\/\/games.tactic.net\/pl\/wp-json\/wp\/v2\/product_tag?post=162482"},{"taxonomy":"brand","embeddable":true,"href":"https:\/\/games.tactic.net\/pl\/wp-json\/wp\/v2\/brand?post=162482"},{"taxonomy":"target-group","embeddable":true,"href":"https:\/\/games.tactic.net\/pl\/wp-json\/wp\/v2\/target-group?post=162482"},{"taxonomy":"discontinued","embeddable":true,"href":"https:\/\/games.tactic.net\/pl\/wp-json\/wp\/v2\/discontinued?post=162482"}],"curies":[{"name":"wp","href":"https:\/\/api.w.org\/{rel}","templated":true}]}}