{"id":162425,"date":"2021-09-29T08:31:28","date_gmt":"2021-09-29T05:31:28","guid":{"rendered":"http:\/\/dev.tactic.net\/tuote\/poker-texas-hold-em-w-puszce\/"},"modified":"2023-10-20T13:22:24","modified_gmt":"2023-10-20T10:22:24","slug":"poker-texas-hold-em-w-puszce","status":"publish","type":"product","link":"https:\/\/games.tactic.net\/pl\/tuote\/poker-texas-hold-em-w-puszce\/","title":{"rendered":"Tactic Poker Texas Hold em w Puszce"},"content":{"rendered":"<p>Zestaw 200 plastikowych \u017ceton\u00f3w w puszce. Zestaw zawiera: 200 \u017ceton\u00f3w w r\u00f3\u017cnych kolorach, jedn\u0105 talie do gry (jako\u015b\u0107 kasynowa), podajnik do \u017ceton\u00f3w, \u017ceton rozdaj\u0105cego, \u017ceton ma\u0142a ciemna, \u017ceton du\u017ca ciemna, zasady gry. Instrukcja gry w j\u0119zyku polskim dost\u0119pna na stronie internetowej www.tactic.net OSTRZE\u017bENIE: Produkt przeznaczony dla os\u00f3b pe\u0142noletnich. OSTRZE\u017bENIE: Zestaw nie przeznaczony do gry z u\u017cyciem pieni\u0119dzy. Zgodnie z ustaw\u0105 o grach hazardowych z dnia 19 listopada 2009 r. takie gry mog\u0105 si\u0119 odbywa\u0107 wy\u0142\u0105cznie w kasynach.<\/p>\n","protected":false},"excerpt":{"rendered":"<p>Zestaw zawiera: mat\u0119 do gry wielko\u015bci 60x90cm, 200 \u017ceton\u00f3w w r\u00f3\u017cnych kolorach, dwie talie do gry (jako\u015b\u0107 kasynowa), podajnik do \u017ceton\u00f3w, \u017ceton rozdaj\u0105cego, \u017ceton ma\u0142a ciemna, \u017ceton du\u017ca ciemna, zasady gry.<\/p>\n","protected":false},"featured_media":0,"template":"","meta":{"content-type":"","_monsterinsights_skip_tracking":false,"_monsterinsights_sitenote_active":false,"_monsterinsights_sitenote_note":"","_monsterinsights_sitenote_category":0},"product_brand":[],"product_cat":[1812],"product_tag":[1234,376,1247],"brand":[],"target-group":[],"discontinued":[],"class_list":{"0":"post-162425","1":"product","2":"type-product","3":"status-publish","5":"product_cat-poker-inne-gry","6":"product_tag-laczenie-pl","7":"product_tag-obliczenie","8":"product_tag-strategia-pl","10":"first","11":"instock","12":"taxable","13":"shipping-taxable","14":"product-type-simple"},"aioseo_notices":[],"_links":{"self":[{"href":"https:\/\/games.tactic.net\/pl\/wp-json\/wp\/v2\/product\/162425","targetHints":{"allow":["GET"]}}],"collection":[{"href":"https:\/\/games.tactic.net\/pl\/wp-json\/wp\/v2\/product"}],"about":[{"href":"https:\/\/games.tactic.net\/pl\/wp-json\/wp\/v2\/types\/product"}],"wp:attachment":[{"href":"https:\/\/games.tactic.net\/pl\/wp-json\/wp\/v2\/media?parent=162425"}],"wp:term":[{"taxonomy":"product_brand","embeddable":true,"href":"https:\/\/games.tactic.net\/pl\/wp-json\/wp\/v2\/product_brand?post=162425"},{"taxonomy":"product_cat","embeddable":true,"href":"https:\/\/games.tactic.net\/pl\/wp-json\/wp\/v2\/product_cat?post=162425"},{"taxonomy":"product_tag","embeddable":true,"href":"https:\/\/games.tactic.net\/pl\/wp-json\/wp\/v2\/product_tag?post=162425"},{"taxonomy":"brand","embeddable":true,"href":"https:\/\/games.tactic.net\/pl\/wp-json\/wp\/v2\/brand?post=162425"},{"taxonomy":"target-group","embeddable":true,"href":"https:\/\/games.tactic.net\/pl\/wp-json\/wp\/v2\/target-group?post=162425"},{"taxonomy":"discontinued","embeddable":true,"href":"https:\/\/games.tactic.net\/pl\/wp-json\/wp\/v2\/discontinued?post=162425"}],"curies":[{"name":"wp","href":"https:\/\/api.w.org\/{rel}","templated":true}]}}