{"id":162382,"date":"2021-09-29T08:28:01","date_gmt":"2021-09-29T05:28:01","guid":{"rendered":"http:\/\/dev.tactic.net\/tuote\/chinskie-warcaby-collection-classique\/"},"modified":"2023-10-25T15:55:20","modified_gmt":"2023-10-25T12:55:20","slug":"chinskie-warcaby-collection-classique","status":"publish","type":"product","link":"https:\/\/games.tactic.net\/pl\/tuote\/chinskie-warcaby-collection-classique\/","title":{"rendered":"Tactic Rustic Chi\u0144skie Warcaby"},"content":{"rendered":"<p>Klasyczne chi\u0144skie warcaby. Poruszaj swoimi pionkami po planszy i przeskakuj nad pionkami pozosta\u0142ych graczy! Pierwszy gracz, kt\u00f3ry przesunie wszystkie swoje pionki na przeciwleg\u0142\u0105 stron\u0119 planszy, wygrywa.<br \/>\n\u2022 Zasady s\u0105 bardzo proste.<br \/>\n\u2022 Jest du\u017ce pole popisu co do strategii i taktyki, aby mo\u017cna by\u0142o gra\u0107 zar\u00f3wno przypadkowo, jak i na zasadzie konkurencji.<br \/>\n\u2022 \u015awietna nawet dla m\u0142odych graczy do nauki logicznego my\u015blenia.<br \/>\n\u2022 Pe\u0142na wersja gry &#8211; nawet dla 6 graczy! Zawarto\u015b\u0107: Plansza, 60 kolorowych pionk\u00f3w (po 10 w ka\u017cdym z 6 kolor\u00f3w), zasady gry. Gra dla 2-6 graczy w wieku 7+.<\/p>\n","protected":false},"excerpt":{"rendered":"<p>Klasyczne chi\u0144skie warcaby. Poruszaj swoimi pionkami po planszy i przeskakuj nad pionkami pozosta\u0142ych graczy! Pierwszy gracz, kt\u00f3ry przesunie wszystkie swoje pionki na przeciwleg\u0142\u0105 stron\u0119 planszy, wygrywa.<\/p>\n","protected":false},"featured_media":0,"template":"","meta":{"content-type":"","_monsterinsights_skip_tracking":false,"_monsterinsights_sitenote_active":false,"_monsterinsights_sitenote_note":"","_monsterinsights_sitenote_category":0},"product_brand":[],"product_cat":[1806,1807],"product_tag":[1247,897],"brand":[],"target-group":[],"discontinued":[],"class_list":{"0":"post-162382","1":"product","2":"type-product","3":"status-publish","5":"product_cat-klasyczne-gry-dla-doroslych","6":"product_cat-klasyczne-gry-rodzinne","7":"product_tag-strategia-pl","8":"product_tag-taktyka","10":"first","11":"instock","12":"taxable","13":"shipping-taxable","14":"product-type-simple"},"aioseo_notices":[],"_links":{"self":[{"href":"https:\/\/games.tactic.net\/pl\/wp-json\/wp\/v2\/product\/162382","targetHints":{"allow":["GET"]}}],"collection":[{"href":"https:\/\/games.tactic.net\/pl\/wp-json\/wp\/v2\/product"}],"about":[{"href":"https:\/\/games.tactic.net\/pl\/wp-json\/wp\/v2\/types\/product"}],"wp:attachment":[{"href":"https:\/\/games.tactic.net\/pl\/wp-json\/wp\/v2\/media?parent=162382"}],"wp:term":[{"taxonomy":"product_brand","embeddable":true,"href":"https:\/\/games.tactic.net\/pl\/wp-json\/wp\/v2\/product_brand?post=162382"},{"taxonomy":"product_cat","embeddable":true,"href":"https:\/\/games.tactic.net\/pl\/wp-json\/wp\/v2\/product_cat?post=162382"},{"taxonomy":"product_tag","embeddable":true,"href":"https:\/\/games.tactic.net\/pl\/wp-json\/wp\/v2\/product_tag?post=162382"},{"taxonomy":"brand","embeddable":true,"href":"https:\/\/games.tactic.net\/pl\/wp-json\/wp\/v2\/brand?post=162382"},{"taxonomy":"target-group","embeddable":true,"href":"https:\/\/games.tactic.net\/pl\/wp-json\/wp\/v2\/target-group?post=162382"},{"taxonomy":"discontinued","embeddable":true,"href":"https:\/\/games.tactic.net\/pl\/wp-json\/wp\/v2\/discontinued?post=162382"}],"curies":[{"name":"wp","href":"https:\/\/api.w.org\/{rel}","templated":true}]}}