{"id":162311,"date":"2021-09-29T08:27:24","date_gmt":"2021-09-29T05:27:24","guid":{"rendered":"http:\/\/dev.tactic.net\/tuote\/backgammon-collection-classique\/"},"modified":"2023-10-25T15:52:34","modified_gmt":"2023-10-25T12:52:34","slug":"backgammon-collection-classique","status":"publish","type":"product","link":"https:\/\/games.tactic.net\/pl\/tuote\/backgammon-collection-classique\/","title":{"rendered":"Tactic Rustic Backgammon"},"content":{"rendered":"<p>STRATEGICZNA GRA DLA DW\u00d3CH OS\u00d3B! Jedna z najstarszych gier planszowych o historii si\u0119gaj\u0105cej pi\u0119ciu tysi\u0119cy lat wstecz. Mimo znacz\u0105cego czynnika losowego jest to gra wymagaj\u0105ca rozwagi, umiej\u0119tno\u015bci przewidywania i planowania. Identyczne jak w innych grach z serii \u201eWooden Classic\u201d solidne drewniane pude\u0142ko stanowi pewn\u0105 ochron\u0119 i ozdob\u0119. Zawarto\u015b\u0107: Plansza do gry, 30 pionk\u00f3w (15 bia\u0142ych, 15 czarnych), 2 kostki, 1 specjalna kostka, instrukcja. Gra logiczna dla 2 graczy w wieku 7+.<\/p>\n","protected":false},"excerpt":{"rendered":"<p>Klasyczna gra planszowa w stylowym wydaniu! Zar\u00f3wno strategia jak i szcz\u0119\u015bcie s\u0105 istotnymi elementami tej klasycznej gry planszowej. Ka\u017cdy z graczy dysponuje 15 pionkami, kt\u00f3re przesuwa po planszy, sk\u0142adaj\u0105cej si\u0119 z 24 p\u00f3l (tr\u00f3jk\u0105t\u00f3w), zgodnie z liczb\u0105 oczek wyrzuconych na dw\u00f3ch kostkach. Celem gry jest zdj\u0119cie wszystkich swoich pionk\u00f3w z planszy.<\/p>\n","protected":false},"featured_media":0,"template":"","meta":{"content-type":"","_monsterinsights_skip_tracking":false,"_monsterinsights_sitenote_active":false,"_monsterinsights_sitenote_note":"","_monsterinsights_sitenote_category":0},"product_brand":[],"product_cat":[1806,1807],"product_tag":[1033,1247,897],"brand":[],"target-group":[],"discontinued":[],"class_list":{"0":"post-162311","1":"product","2":"type-product","3":"status-publish","5":"product_cat-klasyczne-gry-dla-doroslych","6":"product_cat-klasyczne-gry-rodzinne","7":"product_tag-losowosc","8":"product_tag-strategia-pl","9":"product_tag-taktyka","11":"first","12":"instock","13":"taxable","14":"shipping-taxable","15":"product-type-simple"},"aioseo_notices":[],"_links":{"self":[{"href":"https:\/\/games.tactic.net\/pl\/wp-json\/wp\/v2\/product\/162311","targetHints":{"allow":["GET"]}}],"collection":[{"href":"https:\/\/games.tactic.net\/pl\/wp-json\/wp\/v2\/product"}],"about":[{"href":"https:\/\/games.tactic.net\/pl\/wp-json\/wp\/v2\/types\/product"}],"wp:attachment":[{"href":"https:\/\/games.tactic.net\/pl\/wp-json\/wp\/v2\/media?parent=162311"}],"wp:term":[{"taxonomy":"product_brand","embeddable":true,"href":"https:\/\/games.tactic.net\/pl\/wp-json\/wp\/v2\/product_brand?post=162311"},{"taxonomy":"product_cat","embeddable":true,"href":"https:\/\/games.tactic.net\/pl\/wp-json\/wp\/v2\/product_cat?post=162311"},{"taxonomy":"product_tag","embeddable":true,"href":"https:\/\/games.tactic.net\/pl\/wp-json\/wp\/v2\/product_tag?post=162311"},{"taxonomy":"brand","embeddable":true,"href":"https:\/\/games.tactic.net\/pl\/wp-json\/wp\/v2\/brand?post=162311"},{"taxonomy":"target-group","embeddable":true,"href":"https:\/\/games.tactic.net\/pl\/wp-json\/wp\/v2\/target-group?post=162311"},{"taxonomy":"discontinued","embeddable":true,"href":"https:\/\/games.tactic.net\/pl\/wp-json\/wp\/v2\/discontinued?post=162311"}],"curies":[{"name":"wp","href":"https:\/\/api.w.org\/{rel}","templated":true}]}}