{"id":162282,"date":"2021-09-29T08:26:56","date_gmt":"2021-09-29T05:26:56","guid":{"rendered":"http:\/\/dev.tactic.net\/tuote\/szachy-collection-classique\/"},"modified":"2023-10-25T15:54:01","modified_gmt":"2023-10-25T12:54:01","slug":"szachy-collection-classique","status":"publish","type":"product","link":"https:\/\/games.tactic.net\/pl\/tuote\/szachy-collection-classique\/","title":{"rendered":"Tactic Rustic Szachy"},"content":{"rendered":"<p>NAJPOPULARNIEJSZA GRA \u015aWIATA! Znana od setek lat ale wci\u0105\u017c graj\u0105 w ni\u0105 miliony os\u00f3b na ca\u0142ym \u015bwiecie. Gra ta rozwija zdolno\u015b\u0107 koncentracji, umiej\u0119tno\u015b\u0107 analizy, wyobra\u017ani\u0119, pami\u0119\u0107, cierpliwo\u015b\u0107 i samodzielno\u015b\u0107 w podejmowaniu decyzji. Solidna drewniana szachownica i r\u00f3wnie\u017c drewniane, najwy\u017cszej jako\u015bci, pionki. Gra, jak zwykle, zapewni wiele emocji i dobrej zabawy. Zawarto\u015b\u0107: 32 drewniane bierki (16 bia\u0142ych, 16 czarnych), drewniana szachownica, instrukcja. Klasyczna gra dla 2 graczy w wieku 7+.<\/p>\n","protected":false},"excerpt":{"rendered":"<p>Dysponujesz ca\u0142\u0105 armi\u0105! Twoim zadaniem jest tak zaszachowa\u0107 kr\u00f3la przeciwnika, aby nigdzie nie m\u00f3g\u0142 si\u0119 ju\u017c schroni\u0107.<\/p>\n","protected":false},"featured_media":0,"template":"","meta":{"content-type":"","_monsterinsights_skip_tracking":false,"_monsterinsights_sitenote_active":false,"_monsterinsights_sitenote_note":"","_monsterinsights_sitenote_category":0},"product_brand":[],"product_cat":[1806,1807],"product_tag":[1247,897],"brand":[],"target-group":[],"discontinued":[],"class_list":{"0":"post-162282","1":"product","2":"type-product","3":"status-publish","5":"product_cat-klasyczne-gry-dla-doroslych","6":"product_cat-klasyczne-gry-rodzinne","7":"product_tag-strategia-pl","8":"product_tag-taktyka","10":"first","11":"instock","12":"taxable","13":"shipping-taxable","14":"product-type-simple"},"aioseo_notices":[],"_links":{"self":[{"href":"https:\/\/games.tactic.net\/pl\/wp-json\/wp\/v2\/product\/162282","targetHints":{"allow":["GET"]}}],"collection":[{"href":"https:\/\/games.tactic.net\/pl\/wp-json\/wp\/v2\/product"}],"about":[{"href":"https:\/\/games.tactic.net\/pl\/wp-json\/wp\/v2\/types\/product"}],"wp:attachment":[{"href":"https:\/\/games.tactic.net\/pl\/wp-json\/wp\/v2\/media?parent=162282"}],"wp:term":[{"taxonomy":"product_brand","embeddable":true,"href":"https:\/\/games.tactic.net\/pl\/wp-json\/wp\/v2\/product_brand?post=162282"},{"taxonomy":"product_cat","embeddable":true,"href":"https:\/\/games.tactic.net\/pl\/wp-json\/wp\/v2\/product_cat?post=162282"},{"taxonomy":"product_tag","embeddable":true,"href":"https:\/\/games.tactic.net\/pl\/wp-json\/wp\/v2\/product_tag?post=162282"},{"taxonomy":"brand","embeddable":true,"href":"https:\/\/games.tactic.net\/pl\/wp-json\/wp\/v2\/brand?post=162282"},{"taxonomy":"target-group","embeddable":true,"href":"https:\/\/games.tactic.net\/pl\/wp-json\/wp\/v2\/target-group?post=162282"},{"taxonomy":"discontinued","embeddable":true,"href":"https:\/\/games.tactic.net\/pl\/wp-json\/wp\/v2\/discontinued?post=162282"}],"curies":[{"name":"wp","href":"https:\/\/api.w.org\/{rel}","templated":true}]}}