{"id":162253,"date":"2021-09-29T08:26:17","date_gmt":"2021-09-29T05:26:17","guid":{"rendered":"http:\/\/dev.tactic.net\/tuote\/rummy-collection-classique\/"},"modified":"2023-10-25T15:02:22","modified_gmt":"2023-10-25T12:02:22","slug":"rummy-collection-classique","status":"publish","type":"product","link":"https:\/\/games.tactic.net\/pl\/tuote\/rummy-collection-classique\/","title":{"rendered":"Tactic Deluxe Rummy gra planszowa"},"content":{"rendered":"<p>KLASYCZNA GRA Z KARCIANYMI SYMBOLAMI! \u0141atwo si\u0119 nauczy\u0107, trudno wygra\u0107. Zawodnicy wyk\u0142adaj\u0105 na st\u00f3\u0142 co najmniej trzy ko\u015bci o tej samej warto\u015bci (w r\u00f3\u017cnych kolorach) lub o kolejnych warto\u015bciach w jednym kolorze. Gracz, kt\u00f3remu uda si\u0119 pozby\u0107 wszystkich kostek, zwyci\u0119\u017ca! Zawarto\u015b\u0107: 104 kostki z symbolami kart (As, 2, 3, 4, 5, 6, 7, 8, 9, 10, Walet, Dama i Kr\u00f3l w czterech kolorach \u2013 2 talie), 2 kostki z Jokerami, 4 podstawki i instrukcja. Gra logiczna dla 2 do 4 graczy w wieku 10+.<\/p>\n","protected":false},"excerpt":{"rendered":"<p>Gracze tworz\u0105 kombinacje kostek, dopasowuj\u0105c je do uk\u0142adu na stole. Wygrywa osoba, kt\u00f3ra jako pierwsza wy\u0142o\u017cy wszystkie swoje kostki.<\/p>\n","protected":false},"featured_media":0,"template":"","meta":{"content-type":"","_monsterinsights_skip_tracking":false,"_monsterinsights_sitenote_active":false,"_monsterinsights_sitenote_note":"","_monsterinsights_sitenote_category":0},"product_brand":[],"product_cat":[1806,1807],"product_tag":[1234,1247],"brand":[],"target-group":[],"discontinued":[],"class_list":{"0":"post-162253","1":"product","2":"type-product","3":"status-publish","5":"product_cat-klasyczne-gry-dla-doroslych","6":"product_cat-klasyczne-gry-rodzinne","7":"product_tag-laczenie-pl","8":"product_tag-strategia-pl","10":"first","11":"instock","12":"taxable","13":"shipping-taxable","14":"product-type-simple"},"aioseo_notices":[],"_links":{"self":[{"href":"https:\/\/games.tactic.net\/pl\/wp-json\/wp\/v2\/product\/162253","targetHints":{"allow":["GET"]}}],"collection":[{"href":"https:\/\/games.tactic.net\/pl\/wp-json\/wp\/v2\/product"}],"about":[{"href":"https:\/\/games.tactic.net\/pl\/wp-json\/wp\/v2\/types\/product"}],"wp:attachment":[{"href":"https:\/\/games.tactic.net\/pl\/wp-json\/wp\/v2\/media?parent=162253"}],"wp:term":[{"taxonomy":"product_brand","embeddable":true,"href":"https:\/\/games.tactic.net\/pl\/wp-json\/wp\/v2\/product_brand?post=162253"},{"taxonomy":"product_cat","embeddable":true,"href":"https:\/\/games.tactic.net\/pl\/wp-json\/wp\/v2\/product_cat?post=162253"},{"taxonomy":"product_tag","embeddable":true,"href":"https:\/\/games.tactic.net\/pl\/wp-json\/wp\/v2\/product_tag?post=162253"},{"taxonomy":"brand","embeddable":true,"href":"https:\/\/games.tactic.net\/pl\/wp-json\/wp\/v2\/brand?post=162253"},{"taxonomy":"target-group","embeddable":true,"href":"https:\/\/games.tactic.net\/pl\/wp-json\/wp\/v2\/target-group?post=162253"},{"taxonomy":"discontinued","embeddable":true,"href":"https:\/\/games.tactic.net\/pl\/wp-json\/wp\/v2\/discontinued?post=162253"}],"curies":[{"name":"wp","href":"https:\/\/api.w.org\/{rel}","templated":true}]}}