{"id":162210,"date":"2021-09-29T08:25:31","date_gmt":"2021-09-29T05:25:31","guid":{"rendered":"http:\/\/dev.tactic.net\/tuote\/collection-classique-5-w-1\/"},"modified":"2023-09-27T11:24:01","modified_gmt":"2023-09-27T08:24:01","slug":"collection-classique-5-w-1","status":"publish","type":"product","link":"https:\/\/games.tactic.net\/pl\/tuote\/collection-classique-5-w-1\/","title":{"rendered":"Tactic Deluxe 5 w 1"},"content":{"rendered":"<p>PI\u0118\u0106 KLASYCZNYCH GIER W JEDNYM OPAKOWANIU! Jest to komplet dla wszystkich pragn\u0105cych mie\u0107 pod r\u0119k\u0105 takie gry jak szachy, warcaby, backgammon, k\u00f3\u0142ko krzy\u017cyk oraz Domino. Wszystkie elementy zestawu s\u0105 solidnie wykonane z drewna, a ca\u0142o\u015b\u0107 spakowana do metalowego pude\u0142ka. Dzi\u0119ki temu gry te b\u0119d\u0105 s\u0142u\u017cy\u0107 ci przez lata! Zawarto\u015b\u0107: Dwustronna, solidna drewniana plansza (Szachy &#038; Warcaby \/ Backgacmon &#038; K\u00f3\u0142ko i Krzy\u017cyk), 32 drewniane bierki szachowe, 28 drewnianych ko\u015bci domina, 30 drewnianych pionk\u00f3w do Backgacmona, Warcab\u00f3w oraz gry w K\u00f3\u0142ko i Krzy\u017cyk, 2 kostki, instrukcja. Zestaw dla 2 i wi\u0119cej graczy w wieku 7+.<\/p>\n","protected":false},"excerpt":{"rendered":"<p>PI\u0118\u0106 KLASYCZNYCH GIER W JEDNYM OPAKOWANIU! Jest to komplet dla wszystkich pragn\u0105cych mie\u0107 pod r\u0119k\u0105 takie gry jak szachy, warcaby, backgammon, k\u00f3\u0142ko krzy\u017cyk oraz domino. Wszystkie elementy zestawu s\u0105 solidnie wykonane z drewna, a ca\u0142o\u015b\u0107 spakowana do metalowego pude\u0142ka. Dzi\u0119ki temu gry te b\u0119d\u0105 s\u0142u\u017cy\u0107 ci przez lata!<\/p>\n","protected":false},"featured_media":0,"template":"","meta":{"content-type":"","_monsterinsights_skip_tracking":false,"_monsterinsights_sitenote_active":false,"_monsterinsights_sitenote_note":"","_monsterinsights_sitenote_category":0},"product_brand":[],"product_cat":[1806,1807],"product_tag":[1247,897,991],"brand":[],"target-group":[],"discontinued":[],"class_list":{"0":"post-162210","1":"product","2":"type-product","3":"status-publish","5":"product_cat-klasyczne-gry-dla-doroslych","6":"product_cat-klasyczne-gry-rodzinne","7":"product_tag-strategia-pl","8":"product_tag-taktyka","9":"product_tag-zabawa","11":"first","12":"instock","13":"taxable","14":"shipping-taxable","15":"product-type-simple"},"aioseo_notices":[],"_links":{"self":[{"href":"https:\/\/games.tactic.net\/pl\/wp-json\/wp\/v2\/product\/162210","targetHints":{"allow":["GET"]}}],"collection":[{"href":"https:\/\/games.tactic.net\/pl\/wp-json\/wp\/v2\/product"}],"about":[{"href":"https:\/\/games.tactic.net\/pl\/wp-json\/wp\/v2\/types\/product"}],"wp:attachment":[{"href":"https:\/\/games.tactic.net\/pl\/wp-json\/wp\/v2\/media?parent=162210"}],"wp:term":[{"taxonomy":"product_brand","embeddable":true,"href":"https:\/\/games.tactic.net\/pl\/wp-json\/wp\/v2\/product_brand?post=162210"},{"taxonomy":"product_cat","embeddable":true,"href":"https:\/\/games.tactic.net\/pl\/wp-json\/wp\/v2\/product_cat?post=162210"},{"taxonomy":"product_tag","embeddable":true,"href":"https:\/\/games.tactic.net\/pl\/wp-json\/wp\/v2\/product_tag?post=162210"},{"taxonomy":"brand","embeddable":true,"href":"https:\/\/games.tactic.net\/pl\/wp-json\/wp\/v2\/brand?post=162210"},{"taxonomy":"target-group","embeddable":true,"href":"https:\/\/games.tactic.net\/pl\/wp-json\/wp\/v2\/target-group?post=162210"},{"taxonomy":"discontinued","embeddable":true,"href":"https:\/\/games.tactic.net\/pl\/wp-json\/wp\/v2\/discontinued?post=162210"}],"curies":[{"name":"wp","href":"https:\/\/api.w.org\/{rel}","templated":true}]}}