{"id":162153,"date":"2021-09-29T08:24:42","date_gmt":"2021-09-29T05:24:42","guid":{"rendered":"http:\/\/dev.tactic.net\/tuote\/szachy-w-metalowej-puszce\/"},"modified":"2023-09-27T11:20:50","modified_gmt":"2023-09-27T08:20:50","slug":"szachy-w-metalowej-puszce","status":"publish","type":"product","link":"https:\/\/games.tactic.net\/pl\/tuote\/szachy-w-metalowej-puszce\/","title":{"rendered":"Tactic Deluxe Szachy w metalowej puszce"},"content":{"rendered":"<p>DYSPONUJESZ CA\u0141\u0104 ARMI\u0104! Twoim zadaniem jest tak zaszachowa\u0107 kr\u00f3la przeciwnika, aby nigdzie nie m\u00f3g\u0142 si\u0119 ju\u017c schroni\u0107. Szachy to najstarsza gra \u015bwiata i nieodmiennie fascynuje kolejne pokolenia graczy. Absolutna klasyka w\u015br\u00f3d gier strategicznyc &#8211; teraz zapakowana w pi\u0119kne metalowe pude\u0142ko. Zawarto\u015b\u0107 opakowania: szachownica, 32 bierki, instrukcja. Gra dla 2 graczy w wieku 7+.<\/p>\n","protected":false},"excerpt":{"rendered":"<p>Dysponujesz ca\u0142\u0105 armi\u0105! Twoim zadaniem jest tak zaszachowa\u0107 kr\u00f3la przeciwnika, aby nigdzie nie m\u00f3g\u0142 si\u0119 ju\u017c schroni\u0107.Najpopularniejsza gra \u015bwiata! Nieodmiennie fascynuje kolejne pokolenia graczy. Absolutna klasyka w\u015br\u00f3d gier strategicznych.<\/p>\n","protected":false},"featured_media":0,"template":"","meta":{"content-type":"","_monsterinsights_skip_tracking":false,"_monsterinsights_sitenote_active":false,"_monsterinsights_sitenote_note":"","_monsterinsights_sitenote_category":0},"product_brand":[],"product_cat":[1806,1807],"product_tag":[1247,897],"brand":[],"target-group":[],"discontinued":[],"class_list":{"0":"post-162153","1":"product","2":"type-product","3":"status-publish","5":"product_cat-klasyczne-gry-dla-doroslych","6":"product_cat-klasyczne-gry-rodzinne","7":"product_tag-strategia-pl","8":"product_tag-taktyka","10":"first","11":"instock","12":"taxable","13":"shipping-taxable","14":"product-type-simple"},"aioseo_notices":[],"_links":{"self":[{"href":"https:\/\/games.tactic.net\/pl\/wp-json\/wp\/v2\/product\/162153","targetHints":{"allow":["GET"]}}],"collection":[{"href":"https:\/\/games.tactic.net\/pl\/wp-json\/wp\/v2\/product"}],"about":[{"href":"https:\/\/games.tactic.net\/pl\/wp-json\/wp\/v2\/types\/product"}],"wp:attachment":[{"href":"https:\/\/games.tactic.net\/pl\/wp-json\/wp\/v2\/media?parent=162153"}],"wp:term":[{"taxonomy":"product_brand","embeddable":true,"href":"https:\/\/games.tactic.net\/pl\/wp-json\/wp\/v2\/product_brand?post=162153"},{"taxonomy":"product_cat","embeddable":true,"href":"https:\/\/games.tactic.net\/pl\/wp-json\/wp\/v2\/product_cat?post=162153"},{"taxonomy":"product_tag","embeddable":true,"href":"https:\/\/games.tactic.net\/pl\/wp-json\/wp\/v2\/product_tag?post=162153"},{"taxonomy":"brand","embeddable":true,"href":"https:\/\/games.tactic.net\/pl\/wp-json\/wp\/v2\/brand?post=162153"},{"taxonomy":"target-group","embeddable":true,"href":"https:\/\/games.tactic.net\/pl\/wp-json\/wp\/v2\/target-group?post=162153"},{"taxonomy":"discontinued","embeddable":true,"href":"https:\/\/games.tactic.net\/pl\/wp-json\/wp\/v2\/discontinued?post=162153"}],"curies":[{"name":"wp","href":"https:\/\/api.w.org\/{rel}","templated":true}]}}