{"id":162096,"date":"2021-09-29T08:23:59","date_gmt":"2021-09-29T05:23:59","guid":{"rendered":"http:\/\/dev.tactic.net\/tuote\/deluxe-kalaha\/"},"modified":"2023-09-27T11:22:51","modified_gmt":"2023-09-27T08:22:51","slug":"deluxe-kalaha","status":"publish","type":"product","link":"https:\/\/games.tactic.net\/pl\/tuote\/deluxe-kalaha\/","title":{"rendered":"Tactic Deluxe Kalaha gra planszowa"},"content":{"rendered":"<p>KLASYCZNA GRA Z CZARNEGO L\u0104DU! Celem gry jest zebranie, we w\u0142asnej bazie, jak najwi\u0119kszej ilo\u015bci kamyk\u00f3w. Brzmi prosto, jednak ilo\u015b\u0107 prowadz\u0105cych do tego celu dr\u00f3g jest zadziwiaj\u0105co du\u017ca. Kalaha to gra ciesz\u0105ca si\u0119 r\u00f3wnie du\u017c\u0105 popularno\u015bci\u0105 w\u015br\u00f3d dzieci jak i doros\u0142ych. Klasyczna gra planszowa wykonana z wysokiej jako\u015bci, niezwykle trwa\u0142ych, element\u00f3w, zapewni wiele godzin emocji i dobrej zabawy dla ca\u0142ej rodziny. Zawarto\u015b\u0107: 48 szklanych kamyk\u00f3w, drewniana plansza, instrukcja. Gra logiczna dla 2 graczy w wieku 7+.<\/p>\n","protected":false},"excerpt":{"rendered":"<p>Przek\u0142adaj szklane kamyki, staraj\u0105c si\u0119 jednocze\u015bnie przechwyci\u0107 te od swych przeciwnik\u00f3w, gdy\u017c od tego b\u0119dzie zale\u017ca\u0142o twoje zwyci\u0119stwo!<\/p>\n","protected":false},"featured_media":0,"template":"","meta":{"content-type":"","_monsterinsights_skip_tracking":false,"_monsterinsights_sitenote_active":false,"_monsterinsights_sitenote_note":"","_monsterinsights_sitenote_category":0},"product_brand":[],"product_cat":[1806,1807],"product_tag":[897,1253],"brand":[],"target-group":[],"discontinued":[],"class_list":{"0":"post-162096","1":"product","2":"type-product","3":"status-publish","5":"product_cat-klasyczne-gry-dla-doroslych","6":"product_cat-klasyczne-gry-rodzinne","7":"product_tag-taktyka","8":"product_tag-umiejetnosc-pl","10":"first","11":"instock","12":"taxable","13":"shipping-taxable","14":"product-type-simple"},"aioseo_notices":[],"_links":{"self":[{"href":"https:\/\/games.tactic.net\/pl\/wp-json\/wp\/v2\/product\/162096","targetHints":{"allow":["GET"]}}],"collection":[{"href":"https:\/\/games.tactic.net\/pl\/wp-json\/wp\/v2\/product"}],"about":[{"href":"https:\/\/games.tactic.net\/pl\/wp-json\/wp\/v2\/types\/product"}],"wp:attachment":[{"href":"https:\/\/games.tactic.net\/pl\/wp-json\/wp\/v2\/media?parent=162096"}],"wp:term":[{"taxonomy":"product_brand","embeddable":true,"href":"https:\/\/games.tactic.net\/pl\/wp-json\/wp\/v2\/product_brand?post=162096"},{"taxonomy":"product_cat","embeddable":true,"href":"https:\/\/games.tactic.net\/pl\/wp-json\/wp\/v2\/product_cat?post=162096"},{"taxonomy":"product_tag","embeddable":true,"href":"https:\/\/games.tactic.net\/pl\/wp-json\/wp\/v2\/product_tag?post=162096"},{"taxonomy":"brand","embeddable":true,"href":"https:\/\/games.tactic.net\/pl\/wp-json\/wp\/v2\/brand?post=162096"},{"taxonomy":"target-group","embeddable":true,"href":"https:\/\/games.tactic.net\/pl\/wp-json\/wp\/v2\/target-group?post=162096"},{"taxonomy":"discontinued","embeddable":true,"href":"https:\/\/games.tactic.net\/pl\/wp-json\/wp\/v2\/discontinued?post=162096"}],"curies":[{"name":"wp","href":"https:\/\/api.w.org\/{rel}","templated":true}]}}