{"id":161926,"date":"2021-09-29T08:22:01","date_gmt":"2021-09-29T05:22:01","guid":{"rendered":"http:\/\/dev.tactic.net\/tuote\/domino-szostkowe-w-puszce\/"},"modified":"2023-10-17T19:04:34","modified_gmt":"2023-10-17T16:04:34","slug":"domino-szostkowe-w-puszce","status":"publish","type":"product","link":"https:\/\/games.tactic.net\/pl\/tuote\/domino-szostkowe-w-puszce\/","title":{"rendered":"Tactic Domino sz\u00f3stkowe (w puszce)"},"content":{"rendered":"<p>Ta edycja na nowo odkrywa rado\u015b\u0107 grania w domino. Gracze uk\u0142adaj\u0105 kostki w d\u0142ugie \u0142a\u0144cuchy, a wygrywa ten z nich, kt\u00f3ry jako pierwszy pozb\u0119dzie si\u0119 wszystkich swoich kostek.<br \/>\n\u2022<br \/>\n\u2022 Trwa\u0142e metalowe opakowanie z okienkiem.<br \/>\n\u2022<br \/>\n\u2022 Kolorowe oczka na kostkach sprawiaj\u0105, \u017ce gra si\u0119 \u0142atwo nawet najm\u0142odszym.<br \/>\n\u2022<br \/>\n\u2022 Pocz\u0105tkuj\u0105cych graczy nie odstrasz\u0105 tak\u017ce proste zasady gry. Zawarto\u015b\u0107: 28 kolorowych kamieni domina, instrukcja. Gra dla 2-4 graczy w wieku 7+.<\/p>\n","protected":false},"excerpt":{"rendered":"<p>TA EDYCJA NA NOWO ODKRYWA RADO\u015a\u0106 GRANIA W DOMINO. Gracze uk\u0142adaj\u0105 kostki w d\u0142ugie \u0142a\u0144cuchy, a wygrywa ten z nich, kt\u00f3ry jako pierwszy pozb\u0119dzie si\u0119 wszystkich swoich kostek.<\/p>\n","protected":false},"featured_media":0,"template":"","meta":{"content-type":"","_monsterinsights_skip_tracking":false,"_monsterinsights_sitenote_active":false,"_monsterinsights_sitenote_note":"","_monsterinsights_sitenote_category":0},"product_brand":[],"product_cat":[1806,1807],"product_tag":[1234,1247],"brand":[],"target-group":[],"discontinued":[],"class_list":{"0":"post-161926","1":"product","2":"type-product","3":"status-publish","5":"product_cat-klasyczne-gry-dla-doroslych","6":"product_cat-klasyczne-gry-rodzinne","7":"product_tag-laczenie-pl","8":"product_tag-strategia-pl","10":"first","11":"instock","12":"taxable","13":"shipping-taxable","14":"product-type-simple"},"aioseo_notices":[],"_links":{"self":[{"href":"https:\/\/games.tactic.net\/pl\/wp-json\/wp\/v2\/product\/161926","targetHints":{"allow":["GET"]}}],"collection":[{"href":"https:\/\/games.tactic.net\/pl\/wp-json\/wp\/v2\/product"}],"about":[{"href":"https:\/\/games.tactic.net\/pl\/wp-json\/wp\/v2\/types\/product"}],"wp:attachment":[{"href":"https:\/\/games.tactic.net\/pl\/wp-json\/wp\/v2\/media?parent=161926"}],"wp:term":[{"taxonomy":"product_brand","embeddable":true,"href":"https:\/\/games.tactic.net\/pl\/wp-json\/wp\/v2\/product_brand?post=161926"},{"taxonomy":"product_cat","embeddable":true,"href":"https:\/\/games.tactic.net\/pl\/wp-json\/wp\/v2\/product_cat?post=161926"},{"taxonomy":"product_tag","embeddable":true,"href":"https:\/\/games.tactic.net\/pl\/wp-json\/wp\/v2\/product_tag?post=161926"},{"taxonomy":"brand","embeddable":true,"href":"https:\/\/games.tactic.net\/pl\/wp-json\/wp\/v2\/brand?post=161926"},{"taxonomy":"target-group","embeddable":true,"href":"https:\/\/games.tactic.net\/pl\/wp-json\/wp\/v2\/target-group?post=161926"},{"taxonomy":"discontinued","embeddable":true,"href":"https:\/\/games.tactic.net\/pl\/wp-json\/wp\/v2\/discontinued?post=161926"}],"curies":[{"name":"wp","href":"https:\/\/api.w.org\/{rel}","templated":true}]}}