{"id":161855,"date":"2021-09-29T08:21:14","date_gmt":"2021-09-29T05:21:14","guid":{"rendered":"http:\/\/dev.tactic.net\/tuote\/mexican-train\/"},"modified":"2025-11-21T08:16:23","modified_gmt":"2025-11-21T06:16:23","slug":"mexican-train","status":"publish","type":"product","link":"https:\/\/games.tactic.net\/pl\/tuote\/mexican-train\/","title":{"rendered":"Tactic Mexican Train gra planszowa"},"content":{"rendered":"<p>Buduj w\u0142asny poci\u0105g bad\u017a dok\u0142adaj kostki domina do poci\u0105gu meksyka\u0144skiego. Je\u015bli pozb\u0119dziesz si\u0119 wszystkich kostek, nim uczyni\u0105 to pozostali gracze &#8211; zwyci\u0119\u017cysz.<br \/>\n\u2022Zawiera wysokiej jako\u015bci kostki domina oraz \u015bliczne miniaturowe ciuchcie.<br \/>\n\u2022W grze moze uczestniczy\u0107 nawet 8 os\u00f3b.<br \/>\n\u2022Najpopularniejsza gra domino na \u015bwiecie! Zawarto\u015b\u0107: 91 kolorowych kamieni domina, centralna stacja kolejowa, 8 marker\u00f3w poci\u0105g\u00f3w i zasady gry. Gra dla 2-8 graczy w wieku 7+.<\/p>\n","protected":false},"excerpt":{"rendered":"<p>Buduj w\u0142asny poci\u0105g b\u0105d\u017a dok\u0142adaj kostki domina do poci\u0105gu meksyka\u0144skiego. Je\u015bli pozb\u0119dziesz si\u0119 wszystkich kostek, nim uczyni\u0105 to pozostali gracze, zwyci\u0119\u017cysz. Najpopularniejsza gra domino na \u015bwiecie.<\/p>\n","protected":false},"featured_media":0,"template":"","meta":{"content-type":"","_monsterinsights_skip_tracking":false,"_monsterinsights_sitenote_active":false,"_monsterinsights_sitenote_note":"","_monsterinsights_sitenote_category":0},"product_brand":[],"product_cat":[1807,1806],"product_tag":[1234,1247,991],"brand":[],"target-group":[],"discontinued":[],"class_list":{"0":"post-161855","1":"product","2":"type-product","3":"status-publish","5":"product_cat-klasyczne-gry-rodzinne","6":"product_cat-klasyczne-gry-dla-doroslych","7":"product_tag-laczenie-pl","8":"product_tag-strategia-pl","9":"product_tag-zabawa","11":"first","12":"instock","13":"taxable","14":"shipping-taxable","15":"product-type-simple"},"aioseo_notices":[],"_links":{"self":[{"href":"https:\/\/games.tactic.net\/pl\/wp-json\/wp\/v2\/product\/161855","targetHints":{"allow":["GET"]}}],"collection":[{"href":"https:\/\/games.tactic.net\/pl\/wp-json\/wp\/v2\/product"}],"about":[{"href":"https:\/\/games.tactic.net\/pl\/wp-json\/wp\/v2\/types\/product"}],"wp:attachment":[{"href":"https:\/\/games.tactic.net\/pl\/wp-json\/wp\/v2\/media?parent=161855"}],"wp:term":[{"taxonomy":"product_brand","embeddable":true,"href":"https:\/\/games.tactic.net\/pl\/wp-json\/wp\/v2\/product_brand?post=161855"},{"taxonomy":"product_cat","embeddable":true,"href":"https:\/\/games.tactic.net\/pl\/wp-json\/wp\/v2\/product_cat?post=161855"},{"taxonomy":"product_tag","embeddable":true,"href":"https:\/\/games.tactic.net\/pl\/wp-json\/wp\/v2\/product_tag?post=161855"},{"taxonomy":"brand","embeddable":true,"href":"https:\/\/games.tactic.net\/pl\/wp-json\/wp\/v2\/brand?post=161855"},{"taxonomy":"target-group","embeddable":true,"href":"https:\/\/games.tactic.net\/pl\/wp-json\/wp\/v2\/target-group?post=161855"},{"taxonomy":"discontinued","embeddable":true,"href":"https:\/\/games.tactic.net\/pl\/wp-json\/wp\/v2\/discontinued?post=161855"}],"curies":[{"name":"wp","href":"https:\/\/api.w.org\/{rel}","templated":true}]}}