{"id":161840,"date":"2021-09-29T08:20:33","date_gmt":"2021-09-29T05:20:33","guid":{"rendered":"http:\/\/dev.tactic.net\/tuote\/szachy-ojca-mateusza\/"},"modified":"2023-10-25T14:12:26","modified_gmt":"2023-10-25T11:12:26","slug":"szachy-ojca-mateusza","status":"publish","type":"product","link":"https:\/\/games.tactic.net\/pl\/tuote\/szachy-ojca-mateusza\/","title":{"rendered":"Tactic Szachy Ojca Mateusza"},"content":{"rendered":"<p>SPRAWD\u0179 SI\u0118 i zagraj w szachy Ojca Mateusza. Idealny prezent na ka\u017cd\u0105 okazj\u0119. Pole bitwy le\u017cy przed Tob\u0105 \u2013 64 pola i 32 szachowe bierki. Szachy fascynuj\u0105 ludzi od si\u00f3dmego wieku naszej ery i \u2026 nic dziwnego. Zawarto\u015b\u0107: 32 drewniane bierki szachowe (16 bia\u0142ych, 16 czarnych), drewniana szachownica, instrukcja. Gra dla 2 graczy w wieku 6+.<\/p>\n","protected":false},"excerpt":{"rendered":"<p>Dysponujesz ca\u0142\u0105 armi\u0105! Twoim zadaniem jest tak zaszachowa\u0107 kr\u00f3la przeciwnika, aby nigdzie nie m\u00f3g\u0142 si\u0119 ju\u017c schroni\u0107.<\/p>\n","protected":false},"featured_media":0,"template":"","meta":{"content-type":"","_monsterinsights_skip_tracking":false,"_monsterinsights_sitenote_active":false,"_monsterinsights_sitenote_note":"","_monsterinsights_sitenote_category":0},"product_brand":[],"product_cat":[1807,1806],"product_tag":[375],"brand":[],"target-group":[],"discontinued":[],"class_list":{"0":"post-161840","1":"product","2":"type-product","3":"status-publish","5":"product_cat-klasyczne-gry-rodzinne","6":"product_cat-klasyczne-gry-dla-doroslych","7":"product_tag-strategia","9":"first","10":"instock","11":"taxable","12":"shipping-taxable","13":"product-type-simple"},"aioseo_notices":[],"_links":{"self":[{"href":"https:\/\/games.tactic.net\/pl\/wp-json\/wp\/v2\/product\/161840","targetHints":{"allow":["GET"]}}],"collection":[{"href":"https:\/\/games.tactic.net\/pl\/wp-json\/wp\/v2\/product"}],"about":[{"href":"https:\/\/games.tactic.net\/pl\/wp-json\/wp\/v2\/types\/product"}],"wp:attachment":[{"href":"https:\/\/games.tactic.net\/pl\/wp-json\/wp\/v2\/media?parent=161840"}],"wp:term":[{"taxonomy":"product_brand","embeddable":true,"href":"https:\/\/games.tactic.net\/pl\/wp-json\/wp\/v2\/product_brand?post=161840"},{"taxonomy":"product_cat","embeddable":true,"href":"https:\/\/games.tactic.net\/pl\/wp-json\/wp\/v2\/product_cat?post=161840"},{"taxonomy":"product_tag","embeddable":true,"href":"https:\/\/games.tactic.net\/pl\/wp-json\/wp\/v2\/product_tag?post=161840"},{"taxonomy":"brand","embeddable":true,"href":"https:\/\/games.tactic.net\/pl\/wp-json\/wp\/v2\/brand?post=161840"},{"taxonomy":"target-group","embeddable":true,"href":"https:\/\/games.tactic.net\/pl\/wp-json\/wp\/v2\/target-group?post=161840"},{"taxonomy":"discontinued","embeddable":true,"href":"https:\/\/games.tactic.net\/pl\/wp-json\/wp\/v2\/discontinued?post=161840"}],"curies":[{"name":"wp","href":"https:\/\/api.w.org\/{rel}","templated":true}]}}