{"id":161808,"date":"2021-09-29T08:19:25","date_gmt":"2021-09-29T05:19:25","guid":{"rendered":"http:\/\/dev.tactic.net\/tuote\/trendytower\/"},"modified":"2023-09-27T11:21:54","modified_gmt":"2023-09-27T08:21:54","slug":"trendytower","status":"publish","type":"product","link":"https:\/\/games.tactic.net\/pl\/tuote\/trendytower\/","title":{"rendered":"Tactic Trendy Tower gra planszowa"},"content":{"rendered":"<p>GRA DLA STAWIAJ\u0104CYCH WYSOKIE CELE! Wyci\u0105gnij klocek z ni\u017cszego poziomu i po\u0142\u00f3\u017c go na sam szczyt. Je\u015bli wie\u017ca si\u0119 nie wywr\u00f3ci, masz szanse na zwyci\u0119stwo.<br \/>\nZawarto\u015b\u0107: 48 solidnych drewnianych klock\u00f3w, instrukcja.<br \/>\nGra zr\u0119czno\u015bciowa dla 2 i wi\u0119cej graczy w wieku 7+.<\/p>\n","protected":false},"excerpt":{"rendered":"<p>GRA DLA STAWIAJ\u0104CYCH WYSOKIE CELE! Wyci\u0105gnij klocek z ni\u017cszego poziomu i po\u0142\u00f3\u017c go na sam szczyt. Je\u015bli wie\u017ca si\u0119 nie wywr\u00f3ci, masz szanse na zwyci\u0119stwo<\/p>\n","protected":false},"featured_media":0,"template":"","meta":{"content-type":"","_monsterinsights_skip_tracking":false,"_monsterinsights_sitenote_active":false,"_monsterinsights_sitenote_note":"","_monsterinsights_sitenote_category":0},"product_brand":[],"product_cat":[1807,1806],"product_tag":[1253,991],"brand":[],"target-group":[],"discontinued":[],"class_list":{"0":"post-161808","1":"product","2":"type-product","3":"status-publish","5":"product_cat-klasyczne-gry-rodzinne","6":"product_cat-klasyczne-gry-dla-doroslych","7":"product_tag-umiejetnosc-pl","8":"product_tag-zabawa","10":"first","11":"instock","12":"taxable","13":"shipping-taxable","14":"product-type-simple"},"aioseo_notices":[],"_links":{"self":[{"href":"https:\/\/games.tactic.net\/pl\/wp-json\/wp\/v2\/product\/161808","targetHints":{"allow":["GET"]}}],"collection":[{"href":"https:\/\/games.tactic.net\/pl\/wp-json\/wp\/v2\/product"}],"about":[{"href":"https:\/\/games.tactic.net\/pl\/wp-json\/wp\/v2\/types\/product"}],"wp:attachment":[{"href":"https:\/\/games.tactic.net\/pl\/wp-json\/wp\/v2\/media?parent=161808"}],"wp:term":[{"taxonomy":"product_brand","embeddable":true,"href":"https:\/\/games.tactic.net\/pl\/wp-json\/wp\/v2\/product_brand?post=161808"},{"taxonomy":"product_cat","embeddable":true,"href":"https:\/\/games.tactic.net\/pl\/wp-json\/wp\/v2\/product_cat?post=161808"},{"taxonomy":"product_tag","embeddable":true,"href":"https:\/\/games.tactic.net\/pl\/wp-json\/wp\/v2\/product_tag?post=161808"},{"taxonomy":"brand","embeddable":true,"href":"https:\/\/games.tactic.net\/pl\/wp-json\/wp\/v2\/brand?post=161808"},{"taxonomy":"target-group","embeddable":true,"href":"https:\/\/games.tactic.net\/pl\/wp-json\/wp\/v2\/target-group?post=161808"},{"taxonomy":"discontinued","embeddable":true,"href":"https:\/\/games.tactic.net\/pl\/wp-json\/wp\/v2\/discontinued?post=161808"}],"curies":[{"name":"wp","href":"https:\/\/api.w.org\/{rel}","templated":true}]}}