{"id":161762,"date":"2021-09-29T08:18:56","date_gmt":"2021-09-29T05:18:56","guid":{"rendered":"http:\/\/dev.tactic.net\/tuote\/trendy-mikado\/"},"modified":"2023-10-25T16:36:27","modified_gmt":"2023-10-25T13:36:27","slug":"trendy-mikado","status":"publish","type":"product","link":"https:\/\/games.tactic.net\/pl\/tuote\/trendy-mikado\/","title":{"rendered":"Tactic Trendy Bierki Mikado"},"content":{"rendered":"<p>Zbieraj ze sto\u0142u po jednej bierce Mikado tak, aby nie poruszy\u0107 przy tym pozosta\u0142ych. Gdy zgromadzisz ich najwi\u0119cej, wygrasz!<br \/>\n\u2022 \u0106wiczy zdolno\u015bci motoryczne i wyobra\u017ani\u0119 przestrzenn\u0105<br \/>\n\u2022 Zabawna, ale wymagaj\u0105ca<br \/>\n\u2022 Drewniane elementy.<br \/>\nZawarto\u015b\u0107: 41 patyczk\u00f3w, instrukcja.<br \/>\nGra zr\u0119czno\u015bciowa dla 2 i wi\u0119cej graczy w wieku 7+.<\/p>\n","protected":false},"excerpt":{"rendered":"<p>Zbieraj ze sto\u0142u, po jednej, bierki Mikado tak, aby nie poruszy\u0107 przy tym pozosta\u0142ych. Gdy zgromadzisz ich najwi\u0119cej, wygrasz!<\/p>\n","protected":false},"featured_media":0,"template":"","meta":{"content-type":"","_monsterinsights_skip_tracking":false,"_monsterinsights_sitenote_active":false,"_monsterinsights_sitenote_note":"","_monsterinsights_sitenote_category":0},"product_brand":[],"product_cat":[1806,1807],"product_tag":[991],"brand":[],"target-group":[],"discontinued":[],"class_list":{"0":"post-161762","1":"product","2":"type-product","3":"status-publish","5":"product_cat-klasyczne-gry-dla-doroslych","6":"product_cat-klasyczne-gry-rodzinne","7":"product_tag-zabawa","9":"first","10":"outofstock","11":"taxable","12":"shipping-taxable","13":"product-type-simple"},"aioseo_notices":[],"_links":{"self":[{"href":"https:\/\/games.tactic.net\/pl\/wp-json\/wp\/v2\/product\/161762","targetHints":{"allow":["GET"]}}],"collection":[{"href":"https:\/\/games.tactic.net\/pl\/wp-json\/wp\/v2\/product"}],"about":[{"href":"https:\/\/games.tactic.net\/pl\/wp-json\/wp\/v2\/types\/product"}],"wp:attachment":[{"href":"https:\/\/games.tactic.net\/pl\/wp-json\/wp\/v2\/media?parent=161762"}],"wp:term":[{"taxonomy":"product_brand","embeddable":true,"href":"https:\/\/games.tactic.net\/pl\/wp-json\/wp\/v2\/product_brand?post=161762"},{"taxonomy":"product_cat","embeddable":true,"href":"https:\/\/games.tactic.net\/pl\/wp-json\/wp\/v2\/product_cat?post=161762"},{"taxonomy":"product_tag","embeddable":true,"href":"https:\/\/games.tactic.net\/pl\/wp-json\/wp\/v2\/product_tag?post=161762"},{"taxonomy":"brand","embeddable":true,"href":"https:\/\/games.tactic.net\/pl\/wp-json\/wp\/v2\/brand?post=161762"},{"taxonomy":"target-group","embeddable":true,"href":"https:\/\/games.tactic.net\/pl\/wp-json\/wp\/v2\/target-group?post=161762"},{"taxonomy":"discontinued","embeddable":true,"href":"https:\/\/games.tactic.net\/pl\/wp-json\/wp\/v2\/discontinued?post=161762"}],"curies":[{"name":"wp","href":"https:\/\/api.w.org\/{rel}","templated":true}]}}