{"id":161747,"date":"2021-09-29T08:17:12","date_gmt":"2021-09-29T05:17:12","guid":{"rendered":"http:\/\/dev.tactic.net\/tuote\/trendy-yatzy\/"},"modified":"2023-10-25T16:32:46","modified_gmt":"2023-10-25T13:32:46","slug":"trendy-yatzy","status":"publish","type":"product","link":"https:\/\/games.tactic.net\/pl\/tuote\/trendy-yatzy\/","title":{"rendered":"Tactic Trendy Yatzy z drewnianymi kostkami i o\u0142\u00f3wkiem"},"content":{"rendered":"<p>Rzucaj ko\u015b\u0107mi i licz na szcz\u0119\u015bcie! Je\u017celi w waszej kolekcji gier brakuje stylowej klasyki, czego\u015b ponadczasowego, do czego zawsze b\u0119dziecie wraca\u0107 \u2013 szukacie Yatzy. W ka\u017cdej turze gracze trzykrotnie rzucaj\u0105 pi\u0119cioma ko\u015b\u0107mi, \u017ceby zebra\u0107 najlepsze wyniki. By wygra\u0107, potrzebujesz szcz\u0119\u015bcia i odrobiny strategicznego my\u015blenia. Uwaga! Jedna rozgrywka prowadzi do kolejnej. I kolejnej, i kolejnej\u2026 Zawarto\u015b\u0107: 100 bloczk\u00f3w do zapisywania wynik\u00f3w, 5 drewnianych kostek, o\u0142\u00f3wek, instrukcja. Gra dla 2 i wi\u0119cej graczy w wieku 5+.<\/p>\n","protected":false},"excerpt":{"rendered":"<p>Je\u017celi w waszej kolekcji gier brakuje stylowej klasyki, czego\u015b ponadczasowego, do czego zawsze b\u0119dziecie wraca\u0107 \u2013 szukacie Yatzy. W ka\u017cdej turze gracze trzykrotnie rzucaj\u0105 pi\u0119cioma ko\u015b\u0107mi, \u017ceby zebra\u0107 najlepsze wyniki. By wygra\u0107, potrzebujesz szcz\u0119\u015bcia i odrobiny strategicznego my\u015blenia. Uwaga! Jedna rozgrywka prowadzi do kolejnej. I kolejnej, i kolejnej\u2026<\/p>\n","protected":false},"featured_media":0,"template":"","meta":{"content-type":"","_monsterinsights_skip_tracking":false,"_monsterinsights_sitenote_active":false,"_monsterinsights_sitenote_note":"","_monsterinsights_sitenote_category":0},"product_brand":[],"product_cat":[1675,1676],"product_tag":[1033,376],"brand":[],"target-group":[],"discontinued":[],"class_list":{"0":"post-161747","1":"product","2":"type-product","3":"status-publish","5":"product_cat-gry-kosciane-i-karciane","6":"product_cat-gry-kosciane-i-karciane-gry-rodzinne","7":"product_tag-losowosc","8":"product_tag-obliczenie","10":"first","11":"outofstock","12":"taxable","13":"shipping-taxable","14":"product-type-simple"},"aioseo_notices":[],"_links":{"self":[{"href":"https:\/\/games.tactic.net\/pl\/wp-json\/wp\/v2\/product\/161747","targetHints":{"allow":["GET"]}}],"collection":[{"href":"https:\/\/games.tactic.net\/pl\/wp-json\/wp\/v2\/product"}],"about":[{"href":"https:\/\/games.tactic.net\/pl\/wp-json\/wp\/v2\/types\/product"}],"wp:attachment":[{"href":"https:\/\/games.tactic.net\/pl\/wp-json\/wp\/v2\/media?parent=161747"}],"wp:term":[{"taxonomy":"product_brand","embeddable":true,"href":"https:\/\/games.tactic.net\/pl\/wp-json\/wp\/v2\/product_brand?post=161747"},{"taxonomy":"product_cat","embeddable":true,"href":"https:\/\/games.tactic.net\/pl\/wp-json\/wp\/v2\/product_cat?post=161747"},{"taxonomy":"product_tag","embeddable":true,"href":"https:\/\/games.tactic.net\/pl\/wp-json\/wp\/v2\/product_tag?post=161747"},{"taxonomy":"brand","embeddable":true,"href":"https:\/\/games.tactic.net\/pl\/wp-json\/wp\/v2\/brand?post=161747"},{"taxonomy":"target-group","embeddable":true,"href":"https:\/\/games.tactic.net\/pl\/wp-json\/wp\/v2\/target-group?post=161747"},{"taxonomy":"discontinued","embeddable":true,"href":"https:\/\/games.tactic.net\/pl\/wp-json\/wp\/v2\/discontinued?post=161747"}],"curies":[{"name":"wp","href":"https:\/\/api.w.org\/{rel}","templated":true}]}}