{"id":161732,"date":"2021-09-29T08:15:58","date_gmt":"2021-09-29T05:15:58","guid":{"rendered":"http:\/\/dev.tactic.net\/tuote\/trendy-bingo\/"},"modified":"2023-10-25T16:06:58","modified_gmt":"2023-10-25T13:06:58","slug":"trendy-bingo","status":"publish","type":"product","link":"https:\/\/games.tactic.net\/pl\/tuote\/trendy-bingo\/","title":{"rendered":"Tactic Trendy Bingo"},"content":{"rendered":"<p>Zakr\u0119\u0107 maszyn\u0105 losuj\u0105c\u0105, odczytaj cyfr\u0119 i sprawd\u017a czy us\u0142yszysz \u201dBingo!\u201d. Klasyczna gra oparta na \u0142atwych do przyswojenia zasadach, kt\u00f3ra zawsze zapewni rozrywk\u0119 i emocje! W zestawie znajduj\u0105 si\u0119 elementy o wysokiej jako\u015bci oraz prawdziwa maszyna losuj\u0105ca.<br \/>\n\u2022<br \/>\n\u2022 W zestawie z prawdziw\u0105 maszyn\u0105 losuj\u0105c\u0105.<br \/>\n\u2022<br \/>\n\u2022 Odpowiednia dla graczy w ka\u017cdym wieku.<br \/>\n\u2022<br \/>\n\u2022 Atrakcyjny wygl\u0105d i solidne wykonanie. Zawarto\u015b\u0107: maszyna losuj\u0105ca, kulki bingo o numerach 1-75, 18 kart Bingo, kolorowe \u017cetony, tablica prowadz\u0105cego, zasady. Gra przeznaczona dla 2 i wi\u0119cej graczy w wieku 6+.<\/p>\n","protected":false},"excerpt":{"rendered":"<p>Zakr\u0119\u0107 maszyn\u0105 losuj\u0105c\u0105, odczytaj cyfr\u0119 i sprawd\u017a czy us\u0142yszysz \u201dBingo!\u201d. Klasyczna gra oparta na \u0142atwych do przyswojenia zasadach, kt\u00f3ra zawsze zapewni rozrywk\u0119 i emocje! W zestawie znajduj\u0105 si\u0119 elementy o wysokiej jako\u015bci oraz prawdziwa maszyna losuj\u0105ca.<\/p>\n","protected":false},"featured_media":0,"template":"","meta":{"content-type":"","_monsterinsights_skip_tracking":false,"_monsterinsights_sitenote_active":false,"_monsterinsights_sitenote_note":"","_monsterinsights_sitenote_category":0},"product_brand":[],"product_cat":[1807],"product_tag":[1033],"brand":[],"target-group":[],"discontinued":[],"class_list":{"0":"post-161732","1":"product","2":"type-product","3":"status-publish","5":"product_cat-klasyczne-gry-rodzinne","6":"product_tag-losowosc","8":"first","9":"instock","10":"taxable","11":"shipping-taxable","12":"product-type-simple"},"aioseo_notices":[],"_links":{"self":[{"href":"https:\/\/games.tactic.net\/pl\/wp-json\/wp\/v2\/product\/161732","targetHints":{"allow":["GET"]}}],"collection":[{"href":"https:\/\/games.tactic.net\/pl\/wp-json\/wp\/v2\/product"}],"about":[{"href":"https:\/\/games.tactic.net\/pl\/wp-json\/wp\/v2\/types\/product"}],"wp:attachment":[{"href":"https:\/\/games.tactic.net\/pl\/wp-json\/wp\/v2\/media?parent=161732"}],"wp:term":[{"taxonomy":"product_brand","embeddable":true,"href":"https:\/\/games.tactic.net\/pl\/wp-json\/wp\/v2\/product_brand?post=161732"},{"taxonomy":"product_cat","embeddable":true,"href":"https:\/\/games.tactic.net\/pl\/wp-json\/wp\/v2\/product_cat?post=161732"},{"taxonomy":"product_tag","embeddable":true,"href":"https:\/\/games.tactic.net\/pl\/wp-json\/wp\/v2\/product_tag?post=161732"},{"taxonomy":"brand","embeddable":true,"href":"https:\/\/games.tactic.net\/pl\/wp-json\/wp\/v2\/brand?post=161732"},{"taxonomy":"target-group","embeddable":true,"href":"https:\/\/games.tactic.net\/pl\/wp-json\/wp\/v2\/target-group?post=161732"},{"taxonomy":"discontinued","embeddable":true,"href":"https:\/\/games.tactic.net\/pl\/wp-json\/wp\/v2\/discontinued?post=161732"}],"curies":[{"name":"wp","href":"https:\/\/api.w.org\/{rel}","templated":true}]}}