{"id":161674,"date":"2021-09-29T08:15:24","date_gmt":"2021-09-29T05:15:24","guid":{"rendered":"http:\/\/dev.tactic.net\/tuote\/trendy-solitaire\/"},"modified":"2023-10-25T15:51:27","modified_gmt":"2023-10-25T12:51:27","slug":"trendy-solitaire","status":"publish","type":"product","link":"https:\/\/games.tactic.net\/pl\/tuote\/trendy-solitaire\/","title":{"rendered":"Tactic Trendy Solitaire gra planszowa"},"content":{"rendered":"<p>WYSTAW SWOJ\u0104 CIERPLIWO\u015a\u0106 NA PR\u00d3B\u0118. Zbijaj pionki, tak aby zosta\u0142 tylko jeden. Uwa\u017caj jednak \u2013 jednym nieostro\u017cnym ruchem mo\u017cesz sam siebie zap\u0119dzi\u0107 w \u015blepy zau\u0142ek. Gra w niewielkim, solidnym, drewnianym opakowaniu wystarczy na d\u0142ugo.<br \/>\nZawarto\u015b\u0107 pude\u0142ka: Drewniana plansza, 33 drewniane kulki, instrukcja.<br \/>\nLogiczna zabawa dla 1 gracza w wieku 7+.<\/p>\n","protected":false},"excerpt":{"rendered":"<p>Sztuka polega na tym, aby sukcesywnie pozbywa\u0107 si\u0119 swoich pionk\u00f3w i na ko\u0144cu zosta\u0107 z tylko jednym z nich.<\/p>\n","protected":false},"featured_media":0,"template":"","meta":{"content-type":"","_monsterinsights_skip_tracking":false,"_monsterinsights_sitenote_active":false,"_monsterinsights_sitenote_note":"","_monsterinsights_sitenote_category":0},"product_brand":[],"product_cat":[1806,1807],"product_tag":[375],"brand":[],"target-group":[],"discontinued":[],"class_list":{"0":"post-161674","1":"product","2":"type-product","3":"status-publish","5":"product_cat-klasyczne-gry-dla-doroslych","6":"product_cat-klasyczne-gry-rodzinne","7":"product_tag-strategia","9":"first","10":"outofstock","11":"taxable","12":"shipping-taxable","13":"product-type-simple"},"aioseo_notices":[],"_links":{"self":[{"href":"https:\/\/games.tactic.net\/pl\/wp-json\/wp\/v2\/product\/161674","targetHints":{"allow":["GET"]}}],"collection":[{"href":"https:\/\/games.tactic.net\/pl\/wp-json\/wp\/v2\/product"}],"about":[{"href":"https:\/\/games.tactic.net\/pl\/wp-json\/wp\/v2\/types\/product"}],"wp:attachment":[{"href":"https:\/\/games.tactic.net\/pl\/wp-json\/wp\/v2\/media?parent=161674"}],"wp:term":[{"taxonomy":"product_brand","embeddable":true,"href":"https:\/\/games.tactic.net\/pl\/wp-json\/wp\/v2\/product_brand?post=161674"},{"taxonomy":"product_cat","embeddable":true,"href":"https:\/\/games.tactic.net\/pl\/wp-json\/wp\/v2\/product_cat?post=161674"},{"taxonomy":"product_tag","embeddable":true,"href":"https:\/\/games.tactic.net\/pl\/wp-json\/wp\/v2\/product_tag?post=161674"},{"taxonomy":"brand","embeddable":true,"href":"https:\/\/games.tactic.net\/pl\/wp-json\/wp\/v2\/brand?post=161674"},{"taxonomy":"target-group","embeddable":true,"href":"https:\/\/games.tactic.net\/pl\/wp-json\/wp\/v2\/target-group?post=161674"},{"taxonomy":"discontinued","embeddable":true,"href":"https:\/\/games.tactic.net\/pl\/wp-json\/wp\/v2\/discontinued?post=161674"}],"curies":[{"name":"wp","href":"https:\/\/api.w.org\/{rel}","templated":true}]}}