{"id":161532,"date":"2021-09-29T08:14:15","date_gmt":"2021-09-29T05:14:15","guid":{"rendered":"http:\/\/dev.tactic.net\/tuote\/chinskie-warcaby-wooden-classic\/"},"modified":"2023-10-25T15:49:59","modified_gmt":"2023-10-25T12:49:59","slug":"chinskie-warcaby-wooden-classic","status":"publish","type":"product","link":"https:\/\/games.tactic.net\/pl\/tuote\/chinskie-warcaby-wooden-classic\/","title":{"rendered":"Tactic Trendy Chi\u0144skie Warcaby"},"content":{"rendered":"<p>WY\u015aCIG TRWA! Cel Chi\u0144skich Warcab\u00f3w nie m\u00f3g\u0142by by\u0107 prostszy \u2013 przej\u015b\u0107 wszystkimi swoimi pionkami na przeciwleg\u0142\u0105 stron\u0119 planszy. Uwa\u017caj jednak gdy\u017c inni gracze pr\u00f3buj\u0105 dokona\u0107 dok\u0142adnie tego samego.<br \/>\nZawarto\u015b\u0107: Drewniana plansza, 30 pionk\u00f3w, instrukcja.<br \/>\nGra logiczna dla 1 do 3 graczy w wieku 7+.<\/p>\n","protected":false},"excerpt":{"rendered":"<p>Zwyci\u0119\u017cysz, przeprowadzaj\u0105c wszystkie swoje pionki na drugi koniec planszy, co jednak nie b\u0119dzie \u0142atwe&#8230;<\/p>\n","protected":false},"featured_media":0,"template":"","meta":{"content-type":"","_monsterinsights_skip_tracking":false,"_monsterinsights_sitenote_active":false,"_monsterinsights_sitenote_note":"","_monsterinsights_sitenote_category":0},"product_brand":[],"product_cat":[1807,1806],"product_tag":[375],"brand":[],"target-group":[],"discontinued":[],"class_list":{"0":"post-161532","1":"product","2":"type-product","3":"status-publish","5":"product_cat-klasyczne-gry-rodzinne","6":"product_cat-klasyczne-gry-dla-doroslych","7":"product_tag-strategia","9":"first","10":"instock","11":"taxable","12":"shipping-taxable","13":"product-type-simple"},"aioseo_notices":[],"_links":{"self":[{"href":"https:\/\/games.tactic.net\/pl\/wp-json\/wp\/v2\/product\/161532","targetHints":{"allow":["GET"]}}],"collection":[{"href":"https:\/\/games.tactic.net\/pl\/wp-json\/wp\/v2\/product"}],"about":[{"href":"https:\/\/games.tactic.net\/pl\/wp-json\/wp\/v2\/types\/product"}],"wp:attachment":[{"href":"https:\/\/games.tactic.net\/pl\/wp-json\/wp\/v2\/media?parent=161532"}],"wp:term":[{"taxonomy":"product_brand","embeddable":true,"href":"https:\/\/games.tactic.net\/pl\/wp-json\/wp\/v2\/product_brand?post=161532"},{"taxonomy":"product_cat","embeddable":true,"href":"https:\/\/games.tactic.net\/pl\/wp-json\/wp\/v2\/product_cat?post=161532"},{"taxonomy":"product_tag","embeddable":true,"href":"https:\/\/games.tactic.net\/pl\/wp-json\/wp\/v2\/product_tag?post=161532"},{"taxonomy":"brand","embeddable":true,"href":"https:\/\/games.tactic.net\/pl\/wp-json\/wp\/v2\/brand?post=161532"},{"taxonomy":"target-group","embeddable":true,"href":"https:\/\/games.tactic.net\/pl\/wp-json\/wp\/v2\/target-group?post=161532"},{"taxonomy":"discontinued","embeddable":true,"href":"https:\/\/games.tactic.net\/pl\/wp-json\/wp\/v2\/discontinued?post=161532"}],"curies":[{"name":"wp","href":"https:\/\/api.w.org\/{rel}","templated":true}]}}