{"id":161432,"date":"2021-09-29T08:10:42","date_gmt":"2021-09-29T05:10:42","guid":{"rendered":"http:\/\/dev.tactic.net\/tuote\/szachy-wooden-classic\/"},"modified":"2023-10-25T15:48:41","modified_gmt":"2023-10-25T12:48:41","slug":"szachy-wooden-classic","status":"publish","type":"product","link":"https:\/\/games.tactic.net\/pl\/tuote\/szachy-wooden-classic\/","title":{"rendered":"Tactic Trendy Szachy"},"content":{"rendered":"<p>KLASYCZNIEJ BY\u0106 NIE MO\u017bE!  Pole bitwy le\u017cy przed tob\u0105 \u2013 64 pola i 32 szachowe bierki. Szachy fascynuj\u0105 ludzi od si\u00f3dmego wieku naszej ery i \u2026 nic dziwnego. To niewielkich rozmiar\u00f3w, solidne wydanie tej gry zawiera drewniane bierki schowane w niedu\u017cym, r\u00f3wnie\u017c drewnianym pude\u0142ku.<br \/>\nZawarto\u015b\u0107: 32 drewniane bierki (16 bia\u0142ych, 16 czarnych), drewniana szachownica, instrukcja.<br \/>\nGra logiczna dla 2 graczy w wieku 7+.<\/p>\n","protected":false},"excerpt":{"rendered":"<p>Dysponujesz ca\u0142\u0105 armi\u0105! Twoim zadaniem jest tak zaszachowa\u0107 kr\u00f3la przeciwnika, aby nigdzie nie m\u00f3g\u0142 si\u0119 ju\u017c schroni\u0107.<\/p>\n","protected":false},"featured_media":0,"template":"","meta":{"content-type":"","_monsterinsights_skip_tracking":false,"_monsterinsights_sitenote_active":false,"_monsterinsights_sitenote_note":"","_monsterinsights_sitenote_category":0},"product_brand":[],"product_cat":[1806,1807],"product_tag":[897],"brand":[],"target-group":[],"discontinued":[],"class_list":{"0":"post-161432","1":"product","2":"type-product","3":"status-publish","5":"product_cat-klasyczne-gry-dla-doroslych","6":"product_cat-klasyczne-gry-rodzinne","7":"product_tag-taktyka","9":"first","10":"instock","11":"taxable","12":"shipping-taxable","13":"product-type-simple"},"aioseo_notices":[],"_links":{"self":[{"href":"https:\/\/games.tactic.net\/pl\/wp-json\/wp\/v2\/product\/161432","targetHints":{"allow":["GET"]}}],"collection":[{"href":"https:\/\/games.tactic.net\/pl\/wp-json\/wp\/v2\/product"}],"about":[{"href":"https:\/\/games.tactic.net\/pl\/wp-json\/wp\/v2\/types\/product"}],"wp:attachment":[{"href":"https:\/\/games.tactic.net\/pl\/wp-json\/wp\/v2\/media?parent=161432"}],"wp:term":[{"taxonomy":"product_brand","embeddable":true,"href":"https:\/\/games.tactic.net\/pl\/wp-json\/wp\/v2\/product_brand?post=161432"},{"taxonomy":"product_cat","embeddable":true,"href":"https:\/\/games.tactic.net\/pl\/wp-json\/wp\/v2\/product_cat?post=161432"},{"taxonomy":"product_tag","embeddable":true,"href":"https:\/\/games.tactic.net\/pl\/wp-json\/wp\/v2\/product_tag?post=161432"},{"taxonomy":"brand","embeddable":true,"href":"https:\/\/games.tactic.net\/pl\/wp-json\/wp\/v2\/brand?post=161432"},{"taxonomy":"target-group","embeddable":true,"href":"https:\/\/games.tactic.net\/pl\/wp-json\/wp\/v2\/target-group?post=161432"},{"taxonomy":"discontinued","embeddable":true,"href":"https:\/\/games.tactic.net\/pl\/wp-json\/wp\/v2\/discontinued?post=161432"}],"curies":[{"name":"wp","href":"https:\/\/api.w.org\/{rel}","templated":true}]}}