{"id":161375,"date":"2021-09-29T08:09:59","date_gmt":"2021-09-29T05:09:59","guid":{"rendered":"http:\/\/dev.tactic.net\/tuote\/crime-scenemoscow\/"},"modified":"2022-04-07T13:15:41","modified_gmt":"2022-04-07T10:15:41","slug":"crime-scenemoscow","status":"publish","type":"product","link":"https:\/\/games.tactic.net\/pl\/tuote\/crime-scenemoscow\/","title":{"rendered":"Gamestorm Crime Scene Moscow 1989 gra planszowa"},"content":{"rendered":"<p>Co\u015b okropnego wydarzy\u0142o si\u0119 w Moskwie&#8230;<br \/>\nZzi\u0119bni\u0119t\u0105 Moskw\u0105 wstrz\u0105sa dreszcz. Ta zbrodnia mrozi krew w \u017cy\u0142ach ca\u0142ego miasta. W toalecie obskurnego klubu nocnego zostaje znalezione cia\u0142o. Kto to jest i jak si\u0119 tu znalaz\u0142? W tej historii wszyscy k\u0142ami\u0105 i skrywaj\u0105 tajemnice. Nikomu nie mo\u017cesz zaufa\u0107! Zachowaj jasny umys\u0142 i miej oczy szeroko otwarte. Wkrocz na miejsce zbrodni i odpowiednio rozegraj \u015bledztwo maj\u0105ce miejsce u schy\u0142ku sowieckiej pot\u0119gi prze\u017cartej korupcj\u0105 \u2013 zbieraj poszlaki, rozwi\u0105zuj zagadki i znajd\u017a zab\u00f3jc\u0119!<br \/>\nWci\u0105gaj\u0105ca opowie\u015b\u0107 i genialne elementy wizualne przenios\u0105 Was na miejsce zbrodni.<br \/>\nCrime scene to gry detektywistyczne, w kt\u00f3rych trzeba zebra\u0107 dowody, poprowadzi\u0107 \u015bledztwo krok po kroku i podejmowa\u0107 w\u0142a\u015bciwe decyzje, by dowiedzie\u0107 si\u0119, kto i dlaczego to zrobi\u0142. Pomog\u0105 Wam w tym: szczeg\u00f3\u0142owe zdj\u0119cie miejsca zbrodni, opowie\u015b\u0107 powi\u0105zana z okoliczno\u015bciami, karty z r\u00f3\u017cnymi zagadkami do rozwi\u0105zania oraz wskaz\u00f3wki.<br \/>\nMo\u017cna zagra\u0107 w pojedynk\u0119 lub wsp\u00f3lnie z przyjaci\u00f3\u0142mi!<br \/>\nZawarto\u015b\u0107: 1 szczeg\u00f3\u0142owe zdj\u0119cie miejsca zbrodni, 1 broszura z opowie\u015bci\u0105, 64 karty (w tym: karty dowod\u00f3w, zagadki, wskaz\u00f3wki, karty reputacji), Przewodnik Detektywa (instrukcja).<br \/>\nGra detektywistyczna dla 1 lub wi\u0119cej graczy w wieku 18+.<\/p>\n","protected":false},"excerpt":{"rendered":"<p>Co\u015b okropnego wydarzy\u0142o si\u0119 w Moskwie&#8230; Zzi\u0119bni\u0119t\u0105 Moskw\u0105 wstrz\u0105sa dreszcz. Ta zbrodnia mrozi krew w \u017cy\u0142ach ca\u0142ego miasta. W toalecie obskurnego klubu nocnego zostaje znalezione cia\u0142o. Kto to jest i jak si\u0119 tu znalaz\u0142? W tej historii wszyscy k\u0142ami\u0105 i skrywaj\u0105 tajemnice. Nikomu nie mo\u017cesz zaufa\u0107! Zachowaj jasny umys\u0142 i miej oczy szeroko otwarte. Wkrocz [&hellip;]<\/p>\n","protected":false},"featured_media":0,"template":"","meta":{"content-type":"","_monsterinsights_skip_tracking":false,"_monsterinsights_sitenote_active":false,"_monsterinsights_sitenote_note":"","_monsterinsights_sitenote_category":0},"product_brand":[],"product_cat":[1810],"product_tag":[1234,897,995],"brand":[{"id":889,"name":"Gamestorm Studio","slug":"gamestormstudio-pl"}],"target-group":[],"discontinued":[],"class_list":{"0":"post-161375","1":"product","2":"type-product","3":"status-publish","5":"product_cat-18-gry-dla-doroslych","6":"product_tag-laczenie-pl","7":"product_tag-taktyka","8":"product_tag-wieloosobowe","9":"brand-gamestormstudio-pl","11":"first","12":"instock","13":"taxable","14":"shipping-taxable","15":"product-type-simple"},"aioseo_notices":[],"_links":{"self":[{"href":"https:\/\/games.tactic.net\/pl\/wp-json\/wp\/v2\/product\/161375","targetHints":{"allow":["GET"]}}],"collection":[{"href":"https:\/\/games.tactic.net\/pl\/wp-json\/wp\/v2\/product"}],"about":[{"href":"https:\/\/games.tactic.net\/pl\/wp-json\/wp\/v2\/types\/product"}],"wp:attachment":[{"href":"https:\/\/games.tactic.net\/pl\/wp-json\/wp\/v2\/media?parent=161375"}],"wp:term":[{"taxonomy":"product_brand","embeddable":true,"href":"https:\/\/games.tactic.net\/pl\/wp-json\/wp\/v2\/product_brand?post=161375"},{"taxonomy":"product_cat","embeddable":true,"href":"https:\/\/games.tactic.net\/pl\/wp-json\/wp\/v2\/product_cat?post=161375"},{"taxonomy":"product_tag","embeddable":true,"href":"https:\/\/games.tactic.net\/pl\/wp-json\/wp\/v2\/product_tag?post=161375"},{"taxonomy":"brand","embeddable":true,"href":"https:\/\/games.tactic.net\/pl\/wp-json\/wp\/v2\/brand?post=161375"},{"taxonomy":"target-group","embeddable":true,"href":"https:\/\/games.tactic.net\/pl\/wp-json\/wp\/v2\/target-group?post=161375"},{"taxonomy":"discontinued","embeddable":true,"href":"https:\/\/games.tactic.net\/pl\/wp-json\/wp\/v2\/discontinued?post=161375"}],"curies":[{"name":"wp","href":"https:\/\/api.w.org\/{rel}","templated":true}]}}