{"id":161368,"date":"2021-09-29T08:07:10","date_gmt":"2021-09-29T05:07:10","guid":{"rendered":"http:\/\/dev.tactic.net\/tuote\/crime-scenelondon\/"},"modified":"2022-12-01T09:46:25","modified_gmt":"2022-12-01T07:46:25","slug":"crime-scenelondon","status":"publish","type":"product","link":"https:\/\/games.tactic.net\/pl\/tuote\/crime-scenelondon\/","title":{"rendered":"Gamestorm Crime Scene Londyn 1892 gra planszowa"},"content":{"rendered":"<p>Co\u015b okropnego wydarzy\u0142o si\u0119 w Londynie&#8230;<br \/>\nOto koszmar w bladym \u015bwietle lamp gazowych. Zosta\u0142a pope\u0142niona zbrodnia, a Ty jeste\u015b na tropie! Strach ogarn\u0105\u0142 Londyn od czasu, gdy Kuba Rozpruwacz odcisn\u0105\u0142 na nim sw\u00f3j krwawy \u015blad. Teraz wszystko zaczyna si\u0119 od nowa. Przybywasz na miejsce makabrycznej zbrodni, ale wszystko zdaje si\u0119 by\u0107\u2026 nie na miejscu. W tej grze musisz odkry\u0107, co jest istotne, a co jest tylko zas\u0142on\u0105 dymn\u0105. Przejd\u017a si\u0119 uliczkami dzielnicy Whitechapel i odpowiednio rozegraj \u015bledztwo \u2013 zbieraj poszlaki, rozwi\u0105zuj zagadki i rozwik\u0142aj t\u0119 spraw\u0119!<br \/>\nWci\u0105gaj\u0105ca opowie\u015b\u0107 i genialne elementy wizualne przenios\u0105 Was na miejsce zbrodni.<br \/>\nCrime scene to gry detektywistyczne, w kt\u00f3rych trzeba zebra\u0107 dowody, poprowadzi\u0107 \u015bledztwo krok po kroku i podejmowa\u0107 w\u0142a\u015bciwe decyzje, by dowiedzie\u0107 si\u0119, kto i dlaczego to zrobi\u0142. Pomog\u0105 Wam w tym: szczeg\u00f3\u0142owe zdj\u0119cie miejsca zbrodni, opowie\u015b\u0107 powi\u0105zana z okoliczno\u015bciami, karty z r\u00f3\u017cnymi zagadkami do rozwi\u0105zania oraz wskaz\u00f3wki.<br \/>\nMo\u017cna zagra\u0107 w pojedynk\u0119 lub wsp\u00f3lnie z przyjaci\u00f3\u0142mi!<br \/>\nZawarto\u015b\u0107: 1 szczeg\u00f3\u0142owe zdj\u0119cie miejsca zbrodni, 1 broszura z opowie\u015bci\u0105, 64 karty (w tym: karty dowod\u00f3w, zagadki, wskaz\u00f3wki, karty reputacji), Przewodnik Detektywa (instrukcja).<br \/>\nGra detektywistyczna dla 1 lub wi\u0119cej graczy w wieku 18+.<\/p>\n","protected":false},"excerpt":{"rendered":"<p>Co\u015b okropnego wydarzy\u0142o si\u0119 w Londynie&#8230; Oto koszmar w bladym \u015bwietle lamp gazowych. Zosta\u0142a pope\u0142niona zbrodnia, a Ty jeste\u015b na tropie! Strach ogarn\u0105\u0142 Londyn od czasu, gdy Kuba Rozpruwacz odcisn\u0105\u0142 na nim sw\u00f3j krwawy \u015blad. Teraz wszystko zaczyna si\u0119 od nowa. Przybywasz na miejsce makabrycznej zbrodni, ale wszystko zdaje si\u0119 by\u0107\u2026 nie na miejscu. W [&hellip;]<\/p>\n","protected":false},"featured_media":0,"template":"","meta":{"content-type":"","_monsterinsights_skip_tracking":false,"_monsterinsights_sitenote_active":false,"_monsterinsights_sitenote_note":"","_monsterinsights_sitenote_category":0},"product_brand":[],"product_cat":[1810],"product_tag":[1234,897,995],"brand":[{"id":889,"name":"Gamestorm Studio","slug":"gamestormstudio-pl"}],"target-group":[],"discontinued":[],"class_list":{"0":"post-161368","1":"product","2":"type-product","3":"status-publish","5":"product_cat-18-gry-dla-doroslych","6":"product_tag-laczenie-pl","7":"product_tag-taktyka","8":"product_tag-wieloosobowe","9":"brand-gamestormstudio-pl","11":"first","12":"instock","13":"taxable","14":"shipping-taxable","15":"product-type-simple"},"aioseo_notices":[],"_links":{"self":[{"href":"https:\/\/games.tactic.net\/pl\/wp-json\/wp\/v2\/product\/161368","targetHints":{"allow":["GET"]}}],"collection":[{"href":"https:\/\/games.tactic.net\/pl\/wp-json\/wp\/v2\/product"}],"about":[{"href":"https:\/\/games.tactic.net\/pl\/wp-json\/wp\/v2\/types\/product"}],"wp:attachment":[{"href":"https:\/\/games.tactic.net\/pl\/wp-json\/wp\/v2\/media?parent=161368"}],"wp:term":[{"taxonomy":"product_brand","embeddable":true,"href":"https:\/\/games.tactic.net\/pl\/wp-json\/wp\/v2\/product_brand?post=161368"},{"taxonomy":"product_cat","embeddable":true,"href":"https:\/\/games.tactic.net\/pl\/wp-json\/wp\/v2\/product_cat?post=161368"},{"taxonomy":"product_tag","embeddable":true,"href":"https:\/\/games.tactic.net\/pl\/wp-json\/wp\/v2\/product_tag?post=161368"},{"taxonomy":"brand","embeddable":true,"href":"https:\/\/games.tactic.net\/pl\/wp-json\/wp\/v2\/brand?post=161368"},{"taxonomy":"target-group","embeddable":true,"href":"https:\/\/games.tactic.net\/pl\/wp-json\/wp\/v2\/target-group?post=161368"},{"taxonomy":"discontinued","embeddable":true,"href":"https:\/\/games.tactic.net\/pl\/wp-json\/wp\/v2\/discontinued?post=161368"}],"curies":[{"name":"wp","href":"https:\/\/api.w.org\/{rel}","templated":true}]}}