{"id":157726,"date":"2021-09-28T14:34:37","date_gmt":"2021-09-28T11:34:37","guid":{"rendered":"http:\/\/dev.tactic.net\/tuote\/crime-scenebrooklyn\/"},"modified":"2022-10-31T10:24:46","modified_gmt":"2022-10-31T08:24:46","slug":"crime-scenebrooklyn","status":"publish","type":"product","link":"https:\/\/games.tactic.net\/pl\/tuote\/crime-scenebrooklyn\/","title":{"rendered":"Gamestorm Crime Scene Brooklyn 2002 gra planszowa"},"content":{"rendered":"<p>Co\u015b okropnego wydarzy\u0142o si\u0119 w Brooklynie\u2026<br \/>\nTe ulice pe\u0142ne s\u0105 mrocznych zakamark\u00f3w i jeszcze mroczniejszych historii. Dzwoni telefon \u2013 kolejne morderstwo na nowojorskim Brooklynie. Wkrocz na miejsce zbrodni i odpowiednio rozegraj \u015bledztwo \u2013 zbieraj poszlaki, rozwi\u0105zuj zagadki i rozwik\u0142aj t\u0119 spraw\u0119! Zagadki mog\u0105 przyprawi\u0107 Ci\u0119 o b\u00f3l g\u0142owy, ale rozwi\u0105zanie masz pod samym nosem&#8230;<br \/>\nWci\u0105gaj\u0105ca opowie\u015b\u0107 i genialne elementy wizualne przenios\u0105 Was na miejsce zbrodni.<br \/>\nCrime scene to gry detektywistyczne, w kt\u00f3rych trzeba zebra\u0107 dowody, poprowadzi\u0107 \u015bledztwo krok po kroku i podejmowa\u0107 w\u0142a\u015bciwe decyzje, by dowiedzie\u0107 si\u0119, kto i dlaczego to zrobi\u0142. Pomog\u0105 Wam w tym: szczeg\u00f3\u0142owe zdj\u0119cie miejsca zbrodni, opowie\u015b\u0107 powi\u0105zana z okoliczno\u015bciami, karty z r\u00f3\u017cnymi zagadkami do rozwi\u0105zania oraz wskaz\u00f3wki.<br \/>\nMo\u017cna zagra\u0107 w pojedynk\u0119 lub wsp\u00f3lnie z przyjaci\u00f3\u0142mi!<br \/>\nZawarto\u015b\u0107: 1 szczeg\u00f3\u0142owe zdj\u0119cie miejsca zbrodni, 1 broszura z opowie\u015bci\u0105, 64 karty (w tym: karty dowod\u00f3w, zagadki, wskaz\u00f3wki, karty reputacji), Przewodnik Detektywa (instrukcja).<br \/>\nGra detektywistyczna dla 1 lub wi\u0119cej graczy w wieku 18+.<\/p>\n","protected":false},"excerpt":{"rendered":"<p>Co\u015b okropnego wydarzy\u0142o si\u0119 w Brooklynie\u2026 Te ulice pe\u0142ne s\u0105 mrocznych zakamark\u00f3w i jeszcze mroczniejszych historii. Dzwoni telefon \u2013 kolejne morderstwo na nowojorskim Brooklynie. Wkrocz na miejsce zbrodni i odpowiednio rozegraj \u015bledztwo \u2013 zbieraj poszlaki, rozwi\u0105zuj zagadki i rozwik\u0142aj t\u0119 spraw\u0119! Zagadki mog\u0105 przyprawi\u0107 Ci\u0119 o b\u00f3l g\u0142owy, ale rozwi\u0105zanie masz pod samym nosem&#8230; Wci\u0105gaj\u0105ca [&hellip;]<\/p>\n","protected":false},"featured_media":0,"template":"","meta":{"content-type":"","_monsterinsights_skip_tracking":false,"_monsterinsights_sitenote_active":false,"_monsterinsights_sitenote_note":"","_monsterinsights_sitenote_category":0},"product_brand":[],"product_cat":[1810],"product_tag":[1234,995],"brand":[{"id":889,"name":"Gamestorm Studio","slug":"gamestormstudio-pl"}],"target-group":[],"discontinued":[],"class_list":{"0":"post-157726","1":"product","2":"type-product","3":"status-publish","5":"product_cat-18-gry-dla-doroslych","6":"product_tag-laczenie-pl","7":"product_tag-wieloosobowe","8":"brand-gamestormstudio-pl","10":"first","11":"instock","12":"taxable","13":"shipping-taxable","14":"product-type-simple"},"aioseo_notices":[],"_links":{"self":[{"href":"https:\/\/games.tactic.net\/pl\/wp-json\/wp\/v2\/product\/157726","targetHints":{"allow":["GET"]}}],"collection":[{"href":"https:\/\/games.tactic.net\/pl\/wp-json\/wp\/v2\/product"}],"about":[{"href":"https:\/\/games.tactic.net\/pl\/wp-json\/wp\/v2\/types\/product"}],"wp:attachment":[{"href":"https:\/\/games.tactic.net\/pl\/wp-json\/wp\/v2\/media?parent=157726"}],"wp:term":[{"taxonomy":"product_brand","embeddable":true,"href":"https:\/\/games.tactic.net\/pl\/wp-json\/wp\/v2\/product_brand?post=157726"},{"taxonomy":"product_cat","embeddable":true,"href":"https:\/\/games.tactic.net\/pl\/wp-json\/wp\/v2\/product_cat?post=157726"},{"taxonomy":"product_tag","embeddable":true,"href":"https:\/\/games.tactic.net\/pl\/wp-json\/wp\/v2\/product_tag?post=157726"},{"taxonomy":"brand","embeddable":true,"href":"https:\/\/games.tactic.net\/pl\/wp-json\/wp\/v2\/brand?post=157726"},{"taxonomy":"target-group","embeddable":true,"href":"https:\/\/games.tactic.net\/pl\/wp-json\/wp\/v2\/target-group?post=157726"},{"taxonomy":"discontinued","embeddable":true,"href":"https:\/\/games.tactic.net\/pl\/wp-json\/wp\/v2\/discontinued?post=157726"}],"curies":[{"name":"wp","href":"https:\/\/api.w.org\/{rel}","templated":true}]}}